{"id":4665,"date":"2025-03-20T19:55:48","date_gmt":"2025-03-20T19:55:48","guid":{"rendered":"https:\/\/limesup.pl\/?post_type=product&#038;p=4665"},"modified":"2025-03-20T20:21:02","modified_gmt":"2025-03-20T20:21:02","slug":"mono-migle-rojo-almohadillas-para-el-pecho-2","status":"publish","type":"product","link":"https:\/\/limesup.pl\/index.php\/es\/produkt\/mono-migle-rojo-almohadillas-para-el-pecho-2\/","title":{"rendered":"Mono Migle Rojo (+ almohadillas para el pecho)"},"content":{"rendered":"<h4><strong>Mono con Cadena y Adorno Met\u00e1lico<\/strong><\/h4>\n<p>&nbsp;<\/p>\n<p>Tendencia absoluta de la temporada. \u00a1Elegancia y comodidad en una sola prenda! \u00a1Un \u00e9xito de ventas deslumbrante! Mono, jumpsuit o traje de una pieza, no importa c\u00f3mo lo llames, \u00a1lo importante es lo incre\u00edble que te ver\u00e1s con \u00e9l! Es como tu segunda piel, suave y el\u00e1stico. \u00a1Tiene almohadillas extra\u00edbles para que decidas c\u00f3mo prefieres llevarlo! Un accesorio elegante en forma de cadena dorada a\u00f1ade extravagancia.<\/p>\n<ul>\n<li><strong>Comodidad<\/strong><\/li>\n<\/ul>\n<p>El mono est\u00e1 dise\u00f1ado para resaltar la belleza del cuerpo femenino. El tejido el\u00e1stico asegura que la prenda se ajuste perfectamente sin restringir los movimientos. Gracias a su construcci\u00f3n cuidadosamente elaborada, cada busto se ve sensual y bien sostenido. Ponerse y quitarse el traje es extremadamente f\u00e1cil. La comodidad se ve sin duda mejorada por la suave y agradable tela de punto denso al tacto.<\/p>\n<ul>\n<li><strong>Propiedades del Material<\/strong><\/li>\n<\/ul>\n<p>El material con el que est\u00e1 hecho el mono es, sobre todo, termoactivo, lo cual es muy importante durante el movimiento. Es tan suave y agradable al tacto que no querr\u00e1s quit\u00e1rtelo. Adem\u00e1s, la tela cuenta con un sistema que neutraliza los malos olores gracias a sus propiedades antibacterianas. El material es muy ligero y proporciona protecci\u00f3n UV. \u00bfAs\u00ed es como imaginabas la prenda perfecta?<\/p>\n<ul>\n<li><strong>Dise\u00f1o Elegante<\/strong><\/li>\n<\/ul>\n<p>Este mono est\u00e1 creado de manera que, adem\u00e1s de la comodidad, maximiza la acentuaci\u00f3n de las formas femeninas. Un corte especial y los frunces en los gl\u00fateos los realzan, mientras que la costura en el abdomen afina y resalta la cintura. El dise\u00f1o del busto lo sostiene y lo eleva ligeramente, mientras que la conexi\u00f3n entre los pechos a\u00f1ade sensualidad y al mismo tiempo refuerza el efecto push-up. Las cadenas extravagantes a\u00f1aden originalidad. El logo minimalista integrado en el estampado hace que el mono sea perfecto no solo para el gimnasio, la sala de baile o los entrenamientos, sino tambi\u00e9n como parte de tu estilo diario.<\/p>\n<ul>\n<li><strong>Color<\/strong><\/li>\n<\/ul>\n<p>Un color intenso, con un ligero brillo que no se desgasta. \u00a1La saturaci\u00f3n profunda del color te har\u00e1 destacar en la multitud!<\/p>\n<p><strong>CONSEJO<\/strong><\/p>\n<ul>\n<li>LAVAR EXCLUSIVAMENTE A MANO, ANTES DE LAVAR DESATORNILLAR LA BOLA DEL ANILLO MET\u00c1LICO EN EL BUSTO Y QUITARLO, LUEGO DESMONTAR SUAVEMENTE LA CADENA.<\/li>\n<li>En el caso de productos con estampado, recomendamos elegir el tama\u00f1o correcto. Si est\u00e1s entre dos tallas (por ejemplo, entre XS y S), es mejor optar por la m\u00e1s grande. Si el mono es demasiado peque\u00f1o, puede haber una gran tensi\u00f3n en el material, lo que puede causar una ligera distorsi\u00f3n del estampado.<\/li>\n<\/ul>\n<p><strong>\u00a1Hecho en Polonia!<\/strong><\/p>\n","protected":false},"excerpt":{"rendered":"<h4><span style=\"font-weight: 400;\">Mono con corte y lazo en la espalda<\/span><\/h4>\n<p>&nbsp;<\/p>\n<p style=\"text-align: left;\"><span style=\"color: #a7955e;\"><img decoding=\"async\" class=\"size-full wp-image-4026 alignnone\" src=\"https:\/\/limesup.pl\/wp-content\/uploads\/2023\/05\/made-in-poland.png\" alt=\"\" width=\"50\" height=\"50\" data-wp-editing=\"1\" \/> <strong>Dise\u00f1ado y cosido en Polonia<\/strong><\/span><\/p>\n<p style=\"text-align: left;\"><span style=\"color: #a7955e;\"><img decoding=\"async\" class=\"size-full wp-image-4027 alignnone\" src=\"https:\/\/limesup.pl\/wp-content\/uploads\/2023\/05\/material-premium.png\" alt=\"\" width=\"50\" height=\"50\" \/> <strong>Composici\u00f3n: 87% PES 13% EL<\/strong><\/span><\/p>\n<p><span style=\"color: #a7955e;\"><img decoding=\"async\" class=\"alignnone size-full wp-image-4044\" src=\"https:\/\/limesup.pl\/wp-content\/uploads\/2023\/05\/30c-temperature-wash.png\" alt=\"icon temperature wash machine\" width=\"50\" height=\"50\" \/> <span style=\"font-size: 16px;\"><strong>Lavado delicado a 30\u00b0C<\/strong><\/span><\/span><\/p>\n<p style=\"text-align: left;\"><span style=\"color: #a7955e;\"><img loading=\"lazy\" decoding=\"async\" class=\"alignnone size-full wp-image-4046\" src=\"https:\/\/limesup.pl\/wp-content\/uploads\/2023\/05\/no-dryer-machine.png\" alt=\"no dryer machine icon\" width=\"50\" height=\"50\" \/> <strong>Evitar secado en secadora<\/strong><\/span><\/p>\n<p style=\"text-align: left;\"><span style=\"color: #a7955e;\"><img loading=\"lazy\" decoding=\"async\" class=\"size-full wp-image-4029 alignnone\" src=\"https:\/\/limesup.pl\/wp-content\/uploads\/2023\/05\/shipment.png\" alt=\"\" width=\"50\" height=\"50\" \/> <strong>Env\u00edo dentro de 48 horas<\/strong><\/span><\/p>\n<p style=\"text-align: left;\"><span style=\"color: #a7955e;\"><img loading=\"lazy\" decoding=\"async\" class=\"size-full wp-image-4031 alignnone\" src=\"https:\/\/limesup.pl\/wp-content\/uploads\/2023\/05\/return.png\" alt=\"\" width=\"50\" height=\"50\" \/> <strong>14 d\u00edas para devoluciones<\/strong><\/span><\/p>\n<p style=\"text-align: left;\"><span style=\"color: #a7955e;\"><img loading=\"lazy\" decoding=\"async\" class=\"size-full wp-image-4028 alignnone\" src=\"https:\/\/limesup.pl\/wp-content\/uploads\/2023\/05\/delivery.png\" alt=\"\" width=\"50\" height=\"50\" \/> <strong>Env\u00edo gratuito desde 400 PLN en Polonia<\/strong><\/span><\/p>\n<p>&nbsp;<\/p>\n","protected":false},"featured_media":4679,"comment_status":"open","ping_status":"closed","template":"","meta":{"site-sidebar-layout":"default","site-content-layout":"default","ast-site-content-layout":"default","site-content-style":"default","site-sidebar-style":"default","ast-global-header-display":"","ast-banner-title-visibility":"","ast-main-header-display":"","ast-hfb-above-header-display":"","ast-hfb-below-header-display":"","ast-hfb-mobile-header-display":"","site-post-title":"","ast-breadcrumbs-content":"","ast-featured-img":"","footer-sml-layout":"","theme-transparent-header-meta":"default","adv-header-id-meta":"","stick-header-meta":"","header-above-stick-meta":"","header-main-stick-meta":"","header-below-stick-meta":"","astra-migrate-meta-layouts":"set","ast-page-background-enabled":"default","ast-page-background-meta":{"desktop":{"background-color":"","background-image":"","background-repeat":"repeat","background-position":"center center","background-size":"auto","background-attachment":"scroll","background-type":"","background-media":"","overlay-type":"","overlay-color":"","overlay-gradient":""},"tablet":{"background-color":"","background-image":"","background-repeat":"repeat","background-position":"center center","background-size":"auto","background-attachment":"scroll","background-type":"","background-media":"","overlay-type":"","overlay-color":"","overlay-gradient":""},"mobile":{"background-color":"","background-image":"","background-repeat":"repeat","background-position":"center center","background-size":"auto","background-attachment":"scroll","background-type":"","background-media":"","overlay-type":"","overlay-color":"","overlay-gradient":""}},"ast-content-background-meta":{"desktop":{"background-color":"var(--ast-global-color-5)","background-image":"","background-repeat":"repeat","background-position":"center center","background-size":"auto","background-attachment":"scroll","background-type":"","background-media":"","overlay-type":"","overlay-color":"","overlay-gradient":""},"tablet":{"background-color":"var(--ast-global-color-5)","background-image":"","background-repeat":"repeat","background-position":"center center","background-size":"auto","background-attachment":"scroll","background-type":"","background-media":"","overlay-type":"","overlay-color":"","overlay-gradient":""},"mobile":{"background-color":"var(--ast-global-color-5)","background-image":"","background-repeat":"repeat","background-position":"center center","background-size":"auto","background-attachment":"scroll","background-type":"","background-media":"","overlay-type":"","overlay-color":"","overlay-gradient":""}}},"product_cat":[252,260,248],"product_tag":[],"yoast_head":"<!-- This site is optimized with the Yoast SEO plugin v22.3 - https:\/\/yoast.com\/wordpress\/plugins\/seo\/ -->\n<title>Mono Migle Rojo (+ almohadillas para el pecho) - Limesup<\/title>\n<meta name=\"robots\" content=\"index, follow, max-snippet:-1, max-image-preview:large, max-video-preview:-1\" \/>\n<link rel=\"canonical\" href=\"https:\/\/limesup.pl\/index.php\/es\/produkt\/mono-migle-rojo-almohadillas-para-el-pecho-2\/\" \/>\n<meta property=\"og:locale\" content=\"pl_PL\" \/>\n<meta property=\"og:type\" content=\"article\" \/>\n<meta property=\"og:title\" content=\"Mono Migle Rojo (+ almohadillas para el pecho) - Limesup\" \/>\n<meta property=\"og:description\" content=\"Mono con corte y lazo en la espalda &nbsp;  Dise\u00f1ado y cosido en Polonia  Composici\u00f3n: 87% PES 13% EL  Lavado delicado a 30\u00b0C  Evitar secado en secadora  Env\u00edo dentro de 48 horas  14 d\u00edas para devoluciones  Env\u00edo gratuito desde 400 PLN en Polonia &nbsp;\" \/>\n<meta property=\"og:url\" content=\"https:\/\/limesup.pl\/index.php\/es\/produkt\/mono-migle-rojo-almohadillas-para-el-pecho-2\/\" \/>\n<meta property=\"og:site_name\" content=\"Limesup\" \/>\n<meta property=\"article:modified_time\" content=\"2025-03-20T20:21:02+00:00\" \/>\n<meta property=\"og:image\" content=\"https:\/\/limesup.pl\/wp-content\/uploads\/2025\/03\/IMG_7850-scaled.jpeg\" \/>\n\t<meta property=\"og:image:width\" content=\"1931\" \/>\n\t<meta property=\"og:image:height\" content=\"2560\" \/>\n\t<meta property=\"og:image:type\" content=\"image\/jpeg\" \/>\n<meta name=\"twitter:card\" content=\"summary_large_image\" \/>\n<meta name=\"twitter:label1\" content=\"Szacowany czas czytania\" \/>\n\t<meta name=\"twitter:data1\" content=\"3 minuty\" \/>\n<script type=\"application\/ld+json\" class=\"yoast-schema-graph\">{\"@context\":\"https:\/\/schema.org\",\"@graph\":[{\"@type\":\"WebPage\",\"@id\":\"https:\/\/limesup.pl\/index.php\/es\/produkt\/mono-migle-rojo-almohadillas-para-el-pecho-2\/\",\"url\":\"https:\/\/limesup.pl\/index.php\/es\/produkt\/mono-migle-rojo-almohadillas-para-el-pecho-2\/\",\"name\":\"Mono Migle Rojo (+ almohadillas para el pecho) - Limesup\",\"isPartOf\":{\"@id\":\"https:\/\/limesup.pl\/#website\"},\"primaryImageOfPage\":{\"@id\":\"https:\/\/limesup.pl\/index.php\/es\/produkt\/mono-migle-rojo-almohadillas-para-el-pecho-2\/#primaryimage\"},\"image\":{\"@id\":\"https:\/\/limesup.pl\/index.php\/es\/produkt\/mono-migle-rojo-almohadillas-para-el-pecho-2\/#primaryimage\"},\"thumbnailUrl\":\"https:\/\/limesup.pl\/wp-content\/uploads\/2025\/03\/IMG_7850-scaled.jpeg\",\"datePublished\":\"2025-03-20T19:55:48+00:00\",\"dateModified\":\"2025-03-20T20:21:02+00:00\",\"breadcrumb\":{\"@id\":\"https:\/\/limesup.pl\/index.php\/es\/produkt\/mono-migle-rojo-almohadillas-para-el-pecho-2\/#breadcrumb\"},\"inLanguage\":\"pl-PL\",\"potentialAction\":[{\"@type\":\"ReadAction\",\"target\":[\"https:\/\/limesup.pl\/index.php\/es\/produkt\/mono-migle-rojo-almohadillas-para-el-pecho-2\/\"]}]},{\"@type\":\"ImageObject\",\"inLanguage\":\"pl-PL\",\"@id\":\"https:\/\/limesup.pl\/index.php\/es\/produkt\/mono-migle-rojo-almohadillas-para-el-pecho-2\/#primaryimage\",\"url\":\"https:\/\/limesup.pl\/wp-content\/uploads\/2025\/03\/IMG_7850-scaled.jpeg\",\"contentUrl\":\"https:\/\/limesup.pl\/wp-content\/uploads\/2025\/03\/IMG_7850-scaled.jpeg\",\"width\":1931,\"height\":2560},{\"@type\":\"BreadcrumbList\",\"@id\":\"https:\/\/limesup.pl\/index.php\/es\/produkt\/mono-migle-rojo-almohadillas-para-el-pecho-2\/#breadcrumb\",\"itemListElement\":[{\"@type\":\"ListItem\",\"position\":1,\"name\":\"Strona g\u0142\u00f3wna\",\"item\":\"https:\/\/limesup.pl\/\"},{\"@type\":\"ListItem\",\"position\":2,\"name\":\"Sklep\",\"item\":\"https:\/\/limesup.pl\/index.php\/shop\/\"},{\"@type\":\"ListItem\",\"position\":3,\"name\":\"Mono Migle Rojo (+ almohadillas para el pecho)\"}]},{\"@type\":\"WebSite\",\"@id\":\"https:\/\/limesup.pl\/#website\",\"url\":\"https:\/\/limesup.pl\/\",\"name\":\"Limesup\",\"description\":\"\",\"publisher\":{\"@id\":\"https:\/\/limesup.pl\/#organization\"},\"potentialAction\":[{\"@type\":\"SearchAction\",\"target\":{\"@type\":\"EntryPoint\",\"urlTemplate\":\"https:\/\/limesup.pl\/?s={search_term_string}\"},\"query-input\":\"required name=search_term_string\"}],\"inLanguage\":\"pl-PL\"},{\"@type\":\"Organization\",\"@id\":\"https:\/\/limesup.pl\/#organization\",\"name\":\"Limesup\",\"url\":\"https:\/\/limesup.pl\/\",\"logo\":{\"@type\":\"ImageObject\",\"inLanguage\":\"pl-PL\",\"@id\":\"https:\/\/limesup.pl\/#\/schema\/logo\/image\/\",\"url\":\"https:\/\/limesup.pl\/wp-content\/uploads\/2022\/06\/Logo_Limes_Up_v1.0.png\",\"contentUrl\":\"https:\/\/limesup.pl\/wp-content\/uploads\/2022\/06\/Logo_Limes_Up_v1.0.png\",\"width\":2632,\"height\":706,\"caption\":\"Limesup\"},\"image\":{\"@id\":\"https:\/\/limesup.pl\/#\/schema\/logo\/image\/\"},\"sameAs\":[\"https:\/\/www.instagram.com\/limes.up\/\"]}]}<\/script>\n<!-- \/ Yoast SEO plugin. -->","yoast_head_json":{"title":"Mono Migle Rojo (+ almohadillas para el pecho) - Limesup","robots":{"index":"index","follow":"follow","max-snippet":"max-snippet:-1","max-image-preview":"max-image-preview:large","max-video-preview":"max-video-preview:-1"},"canonical":"https:\/\/limesup.pl\/index.php\/es\/produkt\/mono-migle-rojo-almohadillas-para-el-pecho-2\/","og_locale":"pl_PL","og_type":"article","og_title":"Mono Migle Rojo (+ almohadillas para el pecho) - Limesup","og_description":"Mono con corte y lazo en la espalda &nbsp;  Dise\u00f1ado y cosido en Polonia  Composici\u00f3n: 87% PES 13% EL  Lavado delicado a 30\u00b0C  Evitar secado en secadora  Env\u00edo dentro de 48 horas  14 d\u00edas para devoluciones  Env\u00edo gratuito desde 400 PLN en Polonia &nbsp;","og_url":"https:\/\/limesup.pl\/index.php\/es\/produkt\/mono-migle-rojo-almohadillas-para-el-pecho-2\/","og_site_name":"Limesup","article_modified_time":"2025-03-20T20:21:02+00:00","og_image":[{"width":1931,"height":2560,"url":"https:\/\/limesup.pl\/wp-content\/uploads\/2025\/03\/IMG_7850-scaled.jpeg","type":"image\/jpeg"}],"twitter_card":"summary_large_image","twitter_misc":{"Szacowany czas czytania":"3 minuty"},"schema":{"@context":"https:\/\/schema.org","@graph":[{"@type":"WebPage","@id":"https:\/\/limesup.pl\/index.php\/es\/produkt\/mono-migle-rojo-almohadillas-para-el-pecho-2\/","url":"https:\/\/limesup.pl\/index.php\/es\/produkt\/mono-migle-rojo-almohadillas-para-el-pecho-2\/","name":"Mono Migle Rojo (+ almohadillas para el pecho) - Limesup","isPartOf":{"@id":"https:\/\/limesup.pl\/#website"},"primaryImageOfPage":{"@id":"https:\/\/limesup.pl\/index.php\/es\/produkt\/mono-migle-rojo-almohadillas-para-el-pecho-2\/#primaryimage"},"image":{"@id":"https:\/\/limesup.pl\/index.php\/es\/produkt\/mono-migle-rojo-almohadillas-para-el-pecho-2\/#primaryimage"},"thumbnailUrl":"https:\/\/limesup.pl\/wp-content\/uploads\/2025\/03\/IMG_7850-scaled.jpeg","datePublished":"2025-03-20T19:55:48+00:00","dateModified":"2025-03-20T20:21:02+00:00","breadcrumb":{"@id":"https:\/\/limesup.pl\/index.php\/es\/produkt\/mono-migle-rojo-almohadillas-para-el-pecho-2\/#breadcrumb"},"inLanguage":"pl-PL","potentialAction":[{"@type":"ReadAction","target":["https:\/\/limesup.pl\/index.php\/es\/produkt\/mono-migle-rojo-almohadillas-para-el-pecho-2\/"]}]},{"@type":"ImageObject","inLanguage":"pl-PL","@id":"https:\/\/limesup.pl\/index.php\/es\/produkt\/mono-migle-rojo-almohadillas-para-el-pecho-2\/#primaryimage","url":"https:\/\/limesup.pl\/wp-content\/uploads\/2025\/03\/IMG_7850-scaled.jpeg","contentUrl":"https:\/\/limesup.pl\/wp-content\/uploads\/2025\/03\/IMG_7850-scaled.jpeg","width":1931,"height":2560},{"@type":"BreadcrumbList","@id":"https:\/\/limesup.pl\/index.php\/es\/produkt\/mono-migle-rojo-almohadillas-para-el-pecho-2\/#breadcrumb","itemListElement":[{"@type":"ListItem","position":1,"name":"Strona g\u0142\u00f3wna","item":"https:\/\/limesup.pl\/"},{"@type":"ListItem","position":2,"name":"Sklep","item":"https:\/\/limesup.pl\/index.php\/shop\/"},{"@type":"ListItem","position":3,"name":"Mono Migle Rojo (+ almohadillas para el pecho)"}]},{"@type":"WebSite","@id":"https:\/\/limesup.pl\/#website","url":"https:\/\/limesup.pl\/","name":"Limesup","description":"","publisher":{"@id":"https:\/\/limesup.pl\/#organization"},"potentialAction":[{"@type":"SearchAction","target":{"@type":"EntryPoint","urlTemplate":"https:\/\/limesup.pl\/?s={search_term_string}"},"query-input":"required name=search_term_string"}],"inLanguage":"pl-PL"},{"@type":"Organization","@id":"https:\/\/limesup.pl\/#organization","name":"Limesup","url":"https:\/\/limesup.pl\/","logo":{"@type":"ImageObject","inLanguage":"pl-PL","@id":"https:\/\/limesup.pl\/#\/schema\/logo\/image\/","url":"https:\/\/limesup.pl\/wp-content\/uploads\/2022\/06\/Logo_Limes_Up_v1.0.png","contentUrl":"https:\/\/limesup.pl\/wp-content\/uploads\/2022\/06\/Logo_Limes_Up_v1.0.png","width":2632,"height":706,"caption":"Limesup"},"image":{"@id":"https:\/\/limesup.pl\/#\/schema\/logo\/image\/"},"sameAs":["https:\/\/www.instagram.com\/limes.up\/"]}]}},"_links":{"self":[{"href":"https:\/\/limesup.pl\/index.php\/wp-json\/wp\/v2\/product\/4665"}],"collection":[{"href":"https:\/\/limesup.pl\/index.php\/wp-json\/wp\/v2\/product"}],"about":[{"href":"https:\/\/limesup.pl\/index.php\/wp-json\/wp\/v2\/types\/product"}],"replies":[{"embeddable":true,"href":"https:\/\/limesup.pl\/index.php\/wp-json\/wp\/v2\/comments?post=4665"}],"wp:featuredmedia":[{"embeddable":true,"href":"https:\/\/limesup.pl\/index.php\/wp-json\/wp\/v2\/media\/4679"}],"wp:attachment":[{"href":"https:\/\/limesup.pl\/index.php\/wp-json\/wp\/v2\/media?parent=4665"}],"wp:term":[{"taxonomy":"product_cat","embeddable":true,"href":"https:\/\/limesup.pl\/index.php\/wp-json\/wp\/v2\/product_cat?post=4665"},{"taxonomy":"product_tag","embeddable":true,"href":"https:\/\/limesup.pl\/index.php\/wp-json\/wp\/v2\/product_tag?post=4665"}],"curies":[{"name":"wp","href":"https:\/\/api.w.org\/{rel}","templated":true}]}}