{"id":4646,"date":"2025-03-20T18:09:47","date_gmt":"2025-03-20T18:09:47","guid":{"rendered":"https:\/\/limesup.pl\/?post_type=product&#038;p=4646"},"modified":"2025-09-02T18:53:05","modified_gmt":"2025-09-02T18:53:05","slug":"body-chloe-czerwony-wkladki-na-piersi","status":"publish","type":"product","link":"https:\/\/limesup.pl\/index.php\/produkt\/body-chloe-czerwony-wkladki-na-piersi\/","title":{"rendered":"Body Chloe Czerwony (+wk\u0142adki na piersi)"},"content":{"rendered":"<h4>Body z wyci\u0119ciem na plecach<\/h4>\n<p>Body z przepi\u0119knym wyci\u0119ciem na plecach. Ekskluzywny wz\u00f3r pozwala odkry\u0107 praktycznie ca\u0142e plecy. Nie musisz obawia\u0107 si\u0119 o brak biustonosza poniewa\u017c body maj\u0105 wyjmowane miseczki. Wykonane z delikatnego i mi\u0119kkiego materia\u0142u o wyrazistym kolorze. Najlepiej komponuj\u0105 si\u0119 z jeansami, kr\u00f3tkimi spodenkami lub sp\u00f3dniczkami. Wspaniale sprawdz\u0105 si\u0119 na imprezie, wakacjach czy te\u017c w eleganckiej stylizacji podczas randki lub wyj\u015bcia z przyjaci\u00f3\u0142mi. \u015aled\u017a nas na Instagramie i sprawd\u017a propozycje stylizacji.<\/p>\n<ul>\n<li style=\"font-weight: 400;\" aria-level=\"1\"><b>Komfort<\/b><\/li>\n<\/ul>\n<p><span style=\"font-weight: 400;\">Body zaprojektowane zosta\u0142y tak, aby podkre\u015bla\u0142y kobiece wdzi\u0119ki a jednocze\u015bnie pozwala\u0142y czu\u0107 swobod\u0119 ruch\u00f3w. Rami\u0105czka nie osuwaj\u0105 si\u0119 a wyjmowane miseczki podtrzymuj\u0105 biust, co daje absolutny komfort. Body posiadaj\u0105 zapi\u0119cie, dlatego mo\u017cna je wk\u0142ada\u0107 zar\u00f3wno przez g\u00f3r\u0119 jak i przez d\u00f3\u0142. Specjalne szycie i konstrukcja sprawiaj\u0105, \u017ce ubranie subtelnie przylega do cia\u0142a, jednocze\u015bnie pozwalaj\u0105 cieszy\u0107 si\u0119 wolno\u015bci\u0105 ruch\u00f3w podczas ta\u0144ca. Na komfort niew\u0105tpliwie wp\u0142ywa delikatny i przyjemny w dotyku materia\u0142. Zdecydowany MUST HAVE twojej szafy!<\/span><\/p>\n<ul>\n<li><b>W\u0142a\u015bciwo\u015bci materia\u0142u<\/b><\/li>\n<\/ul>\n<p><span style=\"font-weight: 400;\">Najwy\u017cszej klasy materia\u0142 przeznaczony do produkcji odzie\u017cy sportowej. Tkanina z kt\u00f3rego wykonane s\u0105 body jest przede wszystkim termoaktywna, antybakteryjna oraz posiada system niweluj\u0105cy brzydkie zapachy. Podczas u\u017cytkowania woda skutecznie odprowadzana jest na zewn\u0105trz po czym bardzo szybko wyparowuje. Dzianina dodatkowo jest bardzo lekka i zapewnia ochron\u0119 UV. G\u0142adka, bardzo mi\u0119kka, lekka sprawia wra\u017cenie drugiej sk\u00f3ry, jednak nie prze\u015bwituje. Odzie\u017c zajmuje bardzo ma\u0142o miejsca w szafie, torbie treningowej czy torebce.<\/span><\/p>\n<ul>\n<li style=\"font-weight: 400;\" aria-level=\"1\"><b>Elegancki design<\/b><\/li>\n<\/ul>\n<p><span style=\"font-weight: 400;\">Niepowtarzalny, oryginalny tygrysi wz\u00f3r, zaprojektowany specjalnie dla Limes Up! Kolor oraz rozmiar wzoru jest specjalnie dobrany aby uzyska\u0107 jak najlepszy efekt na Twoim ciele! Unikatowy kr\u00f3j pozwala nosi\u0107 ubranie na r\u00f3\u017cne sposoby: mo\u017cna mie\u0107 rami\u0105czka skrzy\u017cowane z przodu lub z ty\u0142u na plecach. Mo\u017cna te\u017c za\u0142o\u017cy\u0107 oba\u00a0 rami\u0105czka na jedno ramie, dzi\u0119ki czemu body nabior\u0105 jeszcze ciekawszego, oryginalnego fasonu. Zaprojektowane w taki spos\u00f3b aby opr\u00f3cz komfortu, maksymalnie podkre\u015bla\u0142y kobiece kszta\u0142ty. Kobiety z mniejszymi jak i z wi\u0119kszymi piersiami b\u0119d\u0105 czu\u0142y si\u0119 dobrze i swobodnie. Eleganckie logo sprawia, \u017ce body sprawdz\u0105 si\u0119 nie tylko w stylizacji sportowej czy codziennej ale tak\u017ce wieczorowej w po\u0142\u0105czeniu ze sp\u00f3dnic\u0105\/szerszymi spodniami i szpilkami.<\/span><\/p>\n<ul>\n<li style=\"font-weight: 400;\" aria-level=\"1\"><b>Kolor<\/b><\/li>\n<\/ul>\n<p><span style=\"font-weight: 400;\">Intensywny kolor, z lekkim po\u0142yskiem kt\u00f3ry si\u0119 nie spiera. G\u0142\u0119bokie nasycenie koloru szczeg\u00f3lnie wyr\u00f3\u017cni Ci\u0119 w t\u0142umie!<\/span><\/p>\n<p>Zaprojektowane i uszyte w Polsce!<\/p>\n","protected":false},"excerpt":{"rendered":"<h4><span style=\"font-weight: 400;\">Body z g\u0142\u0119bokim wyci\u0119ciem na plecach<\/span><\/h4>\n<p>&nbsp;<\/p>\n<p style=\"text-align: left;\"><span style=\"color: #a7955e;\"><img decoding=\"async\" class=\"size-full wp-image-4026 alignnone\" src=\"https:\/\/limesup.pl\/wp-content\/uploads\/2023\/05\/made-in-poland.png\" alt=\"\" width=\"50\" height=\"50\" data-wp-editing=\"1\" \/> <strong>Zaprojektowany i uszyty w Polsce<\/strong><\/span><\/p>\n<p style=\"text-align: left;\"><span style=\"color: #a7955e;\"><img decoding=\"async\" class=\"size-full wp-image-4027 alignnone\" src=\"https:\/\/limesup.pl\/wp-content\/uploads\/2023\/05\/material-premium.png\" alt=\"\" width=\"50\" height=\"50\" \/>\u00a0<strong>Sk\u0142ad: 87% PES 13% EL<\/strong><\/span><\/p>\n<p><span style=\"color: #a7955e;\"><img decoding=\"async\" class=\"alignnone size-full wp-image-4044\" src=\"https:\/\/limesup.pl\/wp-content\/uploads\/2023\/05\/30c-temperature-wash.png\" alt=\"icon temperature wash machine\" width=\"50\" height=\"50\" \/> <span style=\"font-size: 16px;\"><strong>Delikatne pranie w 30\u00b0C<\/strong><\/span><\/span><\/p>\n<p style=\"text-align: left;\"><span style=\"color: #a7955e;\"><img loading=\"lazy\" decoding=\"async\" class=\"alignnone size-full wp-image-4046\" src=\"https:\/\/limesup.pl\/wp-content\/uploads\/2023\/05\/no-dryer-machine.png\" alt=\"no dryer machine icon\" width=\"50\" height=\"50\" \/><strong>Unika\u0107 suszenia w suszarce<\/strong><\/span><\/p>\n<p style=\"text-align: left;\"><span style=\"color: #a7955e;\"><img loading=\"lazy\" decoding=\"async\" class=\"size-full wp-image-4029 alignnone\" src=\"https:\/\/limesup.pl\/wp-content\/uploads\/2023\/05\/shipment.png\" alt=\"\" width=\"50\" height=\"50\" \/> <strong>Wysy\u0142ka w ci\u0105gu 48 godzin<\/strong><\/span><\/p>\n<p style=\"text-align: left;\"><span style=\"color: #a7955e;\"><img loading=\"lazy\" decoding=\"async\" class=\"size-full wp-image-4031 alignnone\" src=\"https:\/\/limesup.pl\/wp-content\/uploads\/2023\/05\/return.png\" alt=\"\" width=\"50\" height=\"50\" \/> <strong>14 dni na zwrot zakupu<\/strong><\/span><\/p>\n<p style=\"text-align: left;\"><span style=\"color: #a7955e;\"><img loading=\"lazy\" decoding=\"async\" class=\"size-full wp-image-4028 alignnone\" src=\"https:\/\/limesup.pl\/wp-content\/uploads\/2023\/05\/delivery.png\" alt=\"\" width=\"50\" height=\"50\" \/> <strong>Darmowa dostawa od 400 z\u0142 na terenie Polski<\/strong><\/span><\/p>\n<p>&nbsp;<\/p>\n","protected":false},"featured_media":4660,"comment_status":"open","ping_status":"closed","template":"","meta":{"site-sidebar-layout":"default","site-content-layout":"default","ast-site-content-layout":"default","site-content-style":"default","site-sidebar-style":"default","ast-global-header-display":"","ast-banner-title-visibility":"","ast-main-header-display":"","ast-hfb-above-header-display":"","ast-hfb-below-header-display":"","ast-hfb-mobile-header-display":"","site-post-title":"","ast-breadcrumbs-content":"","ast-featured-img":"","footer-sml-layout":"","theme-transparent-header-meta":"default","adv-header-id-meta":"","stick-header-meta":"","header-above-stick-meta":"","header-main-stick-meta":"","header-below-stick-meta":"","astra-migrate-meta-layouts":"set","ast-page-background-enabled":"default","ast-page-background-meta":{"desktop":{"background-color":"","background-image":"","background-repeat":"repeat","background-position":"center center","background-size":"auto","background-attachment":"scroll","background-type":"","background-media":"","overlay-type":"","overlay-color":"","overlay-gradient":""},"tablet":{"background-color":"","background-image":"","background-repeat":"repeat","background-position":"center center","background-size":"auto","background-attachment":"scroll","background-type":"","background-media":"","overlay-type":"","overlay-color":"","overlay-gradient":""},"mobile":{"background-color":"","background-image":"","background-repeat":"repeat","background-position":"center center","background-size":"auto","background-attachment":"scroll","background-type":"","background-media":"","overlay-type":"","overlay-color":"","overlay-gradient":""}},"ast-content-background-meta":{"desktop":{"background-color":"var(--ast-global-color-5)","background-image":"","background-repeat":"repeat","background-position":"center center","background-size":"auto","background-attachment":"scroll","background-type":"","background-media":"","overlay-type":"","overlay-color":"","overlay-gradient":""},"tablet":{"background-color":"var(--ast-global-color-5)","background-image":"","background-repeat":"repeat","background-position":"center center","background-size":"auto","background-attachment":"scroll","background-type":"","background-media":"","overlay-type":"","overlay-color":"","overlay-gradient":""},"mobile":{"background-color":"var(--ast-global-color-5)","background-image":"","background-repeat":"repeat","background-position":"center center","background-size":"auto","background-attachment":"scroll","background-type":"","background-media":"","overlay-type":"","overlay-color":"","overlay-gradient":""}}},"product_cat":[28,33,196],"product_tag":[],"yoast_head":"<!-- This site is optimized with the Yoast SEO plugin v22.3 - https:\/\/yoast.com\/wordpress\/plugins\/seo\/ -->\n<title>Body Chloe Czerwony (+wk\u0142adki na piersi) - Limesup<\/title>\n<meta name=\"robots\" content=\"index, follow, max-snippet:-1, max-image-preview:large, max-video-preview:-1\" \/>\n<link rel=\"canonical\" href=\"https:\/\/limesup.pl\/index.php\/produkt\/body-chloe-czerwony-wkladki-na-piersi\/\" \/>\n<meta property=\"og:locale\" content=\"pl_PL\" \/>\n<meta property=\"og:type\" content=\"article\" \/>\n<meta property=\"og:title\" content=\"Body Chloe Czerwony (+wk\u0142adki na piersi) - Limesup\" \/>\n<meta property=\"og:description\" content=\"Body z g\u0142\u0119bokim wyci\u0119ciem na plecach &nbsp;  Zaprojektowany i uszyty w Polsce \u00a0Sk\u0142ad: 87% PES 13% EL  Delikatne pranie w 30\u00b0C Unika\u0107 suszenia w suszarce  Wysy\u0142ka w ci\u0105gu 48 godzin  14 dni na zwrot zakupu  Darmowa dostawa od 400 z\u0142 na terenie Polski &nbsp;\" \/>\n<meta property=\"og:url\" content=\"https:\/\/limesup.pl\/index.php\/produkt\/body-chloe-czerwony-wkladki-na-piersi\/\" \/>\n<meta property=\"og:site_name\" content=\"Limesup\" \/>\n<meta property=\"article:modified_time\" content=\"2025-09-02T18:53:05+00:00\" \/>\n<meta property=\"og:image\" content=\"https:\/\/limesup.pl\/wp-content\/uploads\/2025\/03\/IMG_7844-scaled.webp\" \/>\n\t<meta property=\"og:image:width\" content=\"1707\" \/>\n\t<meta property=\"og:image:height\" content=\"2560\" \/>\n\t<meta property=\"og:image:type\" content=\"image\/webp\" \/>\n<meta name=\"twitter:card\" content=\"summary_large_image\" \/>\n<meta name=\"twitter:label1\" content=\"Szacowany czas czytania\" \/>\n\t<meta name=\"twitter:data1\" content=\"3 minuty\" \/>\n<script type=\"application\/ld+json\" class=\"yoast-schema-graph\">{\"@context\":\"https:\/\/schema.org\",\"@graph\":[{\"@type\":\"WebPage\",\"@id\":\"https:\/\/limesup.pl\/index.php\/produkt\/body-chloe-czerwony-wkladki-na-piersi\/\",\"url\":\"https:\/\/limesup.pl\/index.php\/produkt\/body-chloe-czerwony-wkladki-na-piersi\/\",\"name\":\"Body Chloe Czerwony (+wk\u0142adki na piersi) - Limesup\",\"isPartOf\":{\"@id\":\"https:\/\/limesup.pl\/#website\"},\"primaryImageOfPage\":{\"@id\":\"https:\/\/limesup.pl\/index.php\/produkt\/body-chloe-czerwony-wkladki-na-piersi\/#primaryimage\"},\"image\":{\"@id\":\"https:\/\/limesup.pl\/index.php\/produkt\/body-chloe-czerwony-wkladki-na-piersi\/#primaryimage\"},\"thumbnailUrl\":\"https:\/\/limesup.pl\/wp-content\/uploads\/2025\/03\/IMG_7844-scaled.webp\",\"datePublished\":\"2025-03-20T18:09:47+00:00\",\"dateModified\":\"2025-09-02T18:53:05+00:00\",\"breadcrumb\":{\"@id\":\"https:\/\/limesup.pl\/index.php\/produkt\/body-chloe-czerwony-wkladki-na-piersi\/#breadcrumb\"},\"inLanguage\":\"pl-PL\",\"potentialAction\":[{\"@type\":\"ReadAction\",\"target\":[\"https:\/\/limesup.pl\/index.php\/produkt\/body-chloe-czerwony-wkladki-na-piersi\/\"]}]},{\"@type\":\"ImageObject\",\"inLanguage\":\"pl-PL\",\"@id\":\"https:\/\/limesup.pl\/index.php\/produkt\/body-chloe-czerwony-wkladki-na-piersi\/#primaryimage\",\"url\":\"https:\/\/limesup.pl\/wp-content\/uploads\/2025\/03\/IMG_7844-scaled.webp\",\"contentUrl\":\"https:\/\/limesup.pl\/wp-content\/uploads\/2025\/03\/IMG_7844-scaled.webp\",\"width\":1707,\"height\":2560},{\"@type\":\"BreadcrumbList\",\"@id\":\"https:\/\/limesup.pl\/index.php\/produkt\/body-chloe-czerwony-wkladki-na-piersi\/#breadcrumb\",\"itemListElement\":[{\"@type\":\"ListItem\",\"position\":1,\"name\":\"Strona g\u0142\u00f3wna\",\"item\":\"https:\/\/limesup.pl\/\"},{\"@type\":\"ListItem\",\"position\":2,\"name\":\"Sklep\",\"item\":\"https:\/\/limesup.pl\/index.php\/shop\/\"},{\"@type\":\"ListItem\",\"position\":3,\"name\":\"Body Chloe Czerwony (+wk\u0142adki na piersi)\"}]},{\"@type\":\"WebSite\",\"@id\":\"https:\/\/limesup.pl\/#website\",\"url\":\"https:\/\/limesup.pl\/\",\"name\":\"Limesup\",\"description\":\"\",\"publisher\":{\"@id\":\"https:\/\/limesup.pl\/#organization\"},\"potentialAction\":[{\"@type\":\"SearchAction\",\"target\":{\"@type\":\"EntryPoint\",\"urlTemplate\":\"https:\/\/limesup.pl\/?s={search_term_string}\"},\"query-input\":\"required name=search_term_string\"}],\"inLanguage\":\"pl-PL\"},{\"@type\":\"Organization\",\"@id\":\"https:\/\/limesup.pl\/#organization\",\"name\":\"Limesup\",\"url\":\"https:\/\/limesup.pl\/\",\"logo\":{\"@type\":\"ImageObject\",\"inLanguage\":\"pl-PL\",\"@id\":\"https:\/\/limesup.pl\/#\/schema\/logo\/image\/\",\"url\":\"https:\/\/limesup.pl\/wp-content\/uploads\/2022\/06\/Logo_Limes_Up_v1.0.png\",\"contentUrl\":\"https:\/\/limesup.pl\/wp-content\/uploads\/2022\/06\/Logo_Limes_Up_v1.0.png\",\"width\":2632,\"height\":706,\"caption\":\"Limesup\"},\"image\":{\"@id\":\"https:\/\/limesup.pl\/#\/schema\/logo\/image\/\"},\"sameAs\":[\"https:\/\/www.instagram.com\/limes.up\/\"]}]}<\/script>\n<!-- \/ Yoast SEO plugin. -->","yoast_head_json":{"title":"Body Chloe Czerwony (+wk\u0142adki na piersi) - Limesup","robots":{"index":"index","follow":"follow","max-snippet":"max-snippet:-1","max-image-preview":"max-image-preview:large","max-video-preview":"max-video-preview:-1"},"canonical":"https:\/\/limesup.pl\/index.php\/produkt\/body-chloe-czerwony-wkladki-na-piersi\/","og_locale":"pl_PL","og_type":"article","og_title":"Body Chloe Czerwony (+wk\u0142adki na piersi) - Limesup","og_description":"Body z g\u0142\u0119bokim wyci\u0119ciem na plecach &nbsp;  Zaprojektowany i uszyty w Polsce \u00a0Sk\u0142ad: 87% PES 13% EL  Delikatne pranie w 30\u00b0C Unika\u0107 suszenia w suszarce  Wysy\u0142ka w ci\u0105gu 48 godzin  14 dni na zwrot zakupu  Darmowa dostawa od 400 z\u0142 na terenie Polski &nbsp;","og_url":"https:\/\/limesup.pl\/index.php\/produkt\/body-chloe-czerwony-wkladki-na-piersi\/","og_site_name":"Limesup","article_modified_time":"2025-09-02T18:53:05+00:00","og_image":[{"width":1707,"height":2560,"url":"https:\/\/limesup.pl\/wp-content\/uploads\/2025\/03\/IMG_7844-scaled.webp","type":"image\/webp"}],"twitter_card":"summary_large_image","twitter_misc":{"Szacowany czas czytania":"3 minuty"},"schema":{"@context":"https:\/\/schema.org","@graph":[{"@type":"WebPage","@id":"https:\/\/limesup.pl\/index.php\/produkt\/body-chloe-czerwony-wkladki-na-piersi\/","url":"https:\/\/limesup.pl\/index.php\/produkt\/body-chloe-czerwony-wkladki-na-piersi\/","name":"Body Chloe Czerwony (+wk\u0142adki na piersi) - Limesup","isPartOf":{"@id":"https:\/\/limesup.pl\/#website"},"primaryImageOfPage":{"@id":"https:\/\/limesup.pl\/index.php\/produkt\/body-chloe-czerwony-wkladki-na-piersi\/#primaryimage"},"image":{"@id":"https:\/\/limesup.pl\/index.php\/produkt\/body-chloe-czerwony-wkladki-na-piersi\/#primaryimage"},"thumbnailUrl":"https:\/\/limesup.pl\/wp-content\/uploads\/2025\/03\/IMG_7844-scaled.webp","datePublished":"2025-03-20T18:09:47+00:00","dateModified":"2025-09-02T18:53:05+00:00","breadcrumb":{"@id":"https:\/\/limesup.pl\/index.php\/produkt\/body-chloe-czerwony-wkladki-na-piersi\/#breadcrumb"},"inLanguage":"pl-PL","potentialAction":[{"@type":"ReadAction","target":["https:\/\/limesup.pl\/index.php\/produkt\/body-chloe-czerwony-wkladki-na-piersi\/"]}]},{"@type":"ImageObject","inLanguage":"pl-PL","@id":"https:\/\/limesup.pl\/index.php\/produkt\/body-chloe-czerwony-wkladki-na-piersi\/#primaryimage","url":"https:\/\/limesup.pl\/wp-content\/uploads\/2025\/03\/IMG_7844-scaled.webp","contentUrl":"https:\/\/limesup.pl\/wp-content\/uploads\/2025\/03\/IMG_7844-scaled.webp","width":1707,"height":2560},{"@type":"BreadcrumbList","@id":"https:\/\/limesup.pl\/index.php\/produkt\/body-chloe-czerwony-wkladki-na-piersi\/#breadcrumb","itemListElement":[{"@type":"ListItem","position":1,"name":"Strona g\u0142\u00f3wna","item":"https:\/\/limesup.pl\/"},{"@type":"ListItem","position":2,"name":"Sklep","item":"https:\/\/limesup.pl\/index.php\/shop\/"},{"@type":"ListItem","position":3,"name":"Body Chloe Czerwony (+wk\u0142adki na piersi)"}]},{"@type":"WebSite","@id":"https:\/\/limesup.pl\/#website","url":"https:\/\/limesup.pl\/","name":"Limesup","description":"","publisher":{"@id":"https:\/\/limesup.pl\/#organization"},"potentialAction":[{"@type":"SearchAction","target":{"@type":"EntryPoint","urlTemplate":"https:\/\/limesup.pl\/?s={search_term_string}"},"query-input":"required name=search_term_string"}],"inLanguage":"pl-PL"},{"@type":"Organization","@id":"https:\/\/limesup.pl\/#organization","name":"Limesup","url":"https:\/\/limesup.pl\/","logo":{"@type":"ImageObject","inLanguage":"pl-PL","@id":"https:\/\/limesup.pl\/#\/schema\/logo\/image\/","url":"https:\/\/limesup.pl\/wp-content\/uploads\/2022\/06\/Logo_Limes_Up_v1.0.png","contentUrl":"https:\/\/limesup.pl\/wp-content\/uploads\/2022\/06\/Logo_Limes_Up_v1.0.png","width":2632,"height":706,"caption":"Limesup"},"image":{"@id":"https:\/\/limesup.pl\/#\/schema\/logo\/image\/"},"sameAs":["https:\/\/www.instagram.com\/limes.up\/"]}]}},"_links":{"self":[{"href":"https:\/\/limesup.pl\/index.php\/wp-json\/wp\/v2\/product\/4646"}],"collection":[{"href":"https:\/\/limesup.pl\/index.php\/wp-json\/wp\/v2\/product"}],"about":[{"href":"https:\/\/limesup.pl\/index.php\/wp-json\/wp\/v2\/types\/product"}],"replies":[{"embeddable":true,"href":"https:\/\/limesup.pl\/index.php\/wp-json\/wp\/v2\/comments?post=4646"}],"wp:featuredmedia":[{"embeddable":true,"href":"https:\/\/limesup.pl\/index.php\/wp-json\/wp\/v2\/media\/4660"}],"wp:attachment":[{"href":"https:\/\/limesup.pl\/index.php\/wp-json\/wp\/v2\/media?parent=4646"}],"wp:term":[{"taxonomy":"product_cat","embeddable":true,"href":"https:\/\/limesup.pl\/index.php\/wp-json\/wp\/v2\/product_cat?post=4646"},{"taxonomy":"product_tag","embeddable":true,"href":"https:\/\/limesup.pl\/index.php\/wp-json\/wp\/v2\/product_tag?post=4646"}],"curies":[{"name":"wp","href":"https:\/\/api.w.org\/{rel}","templated":true}]}}