{"id":4529,"date":"2025-03-13T17:57:40","date_gmt":"2025-03-13T17:57:40","guid":{"rendered":"https:\/\/limesup.pl\/?post_type=product&#038;p=4529"},"modified":"2025-03-13T18:04:42","modified_gmt":"2025-03-13T18:04:42","slug":"mono-malwi-caqui-almohadillas-para-el-pecho","status":"publish","type":"product","link":"https:\/\/limesup.pl\/index.php\/es\/produkt\/mono-malwi-caqui-almohadillas-para-el-pecho\/","title":{"rendered":"Mono Malwi Caqui (+ almohadillas para el pecho)"},"content":{"rendered":"<h4><strong>Mono con Recorte y Lazada en la Espalda<\/strong><\/h4>\n<p>&nbsp;<\/p>\n<p>Tendencia absoluta de esta temporada. \u00a1Sensualidad y comodidad en una sola prenda! \u00a1Un \u00e9xito de ventas cautivador! Mono, jumpsuit o traje de una pieza \u2013 no importa c\u00f3mo lo llames, lo importante es lo incre\u00edble que te ver\u00e1s con \u00e9l. Es como tu segunda piel, delicado y el\u00e1stico. Tiene almohadillas removibles para que decidas c\u00f3mo prefieres llevarlo. La lazada en la espalda te permite ajustar el mono perfectamente a tu cuerpo.<\/p>\n<ul>\n<li><strong>Comodidad<\/strong><\/li>\n<\/ul>\n<p>El mono est\u00e1 dise\u00f1ado para resaltar la belleza del cuerpo femenino. El material el\u00e1stico asegura un ajuste perfecto sin restringir los movimientos. Ponerse y quitarse la prenda es sumamente f\u00e1cil gracias a los aros elegidos cuidadosamente. La comodidad se ve mejorada sin duda por la tela suave y agradable al tacto con un tejido denso que no es transparente.<\/p>\n<ul>\n<li><strong>Propiedades del Material<\/strong><\/li>\n<\/ul>\n<p>El material del mono es principalmente termoactivo, algo muy importante durante el movimiento. Tan suave y agradable al tacto que no querr\u00e1s quit\u00e1rtelo. Adem\u00e1s, la tela cuenta con un sistema que neutraliza los malos olores gracias a sus propiedades antibacterianas. El material es muy ligero y proporciona protecci\u00f3n UV. \u00bfEs as\u00ed como imaginabas la prenda ideal?<\/p>\n<ul>\n<li><strong>Dise\u00f1o Elegante<\/strong><\/li>\n<\/ul>\n<p>Un dise\u00f1o \u00fanico y original, creado especialmente para Limes Up! El mono est\u00e1 dise\u00f1ado no solo para ofrecer comodidad, sino tambi\u00e9n para resaltar al m\u00e1ximo las curvas femeninas. El corte especial en los gl\u00fateos los realza, mientras que la costura en el abdomen resalta la cintura. La lazada en la espalda permite que la prenda se ajuste perfectamente a tu cuerpo. El corte en el busto lo sostiene y lo eleva ligeramente. El elegante logo minimalista, integrado en el estampado, hace que el mono sea perfecto no solo para el gimnasio, la sala de baile o para entrenar, sino tambi\u00e9n como parte de un estilo diario. \u00a1Extravante! \u2013 es la palabra que mejor describe nuestro producto.<\/p>\n<ul>\n<li><strong>Color<\/strong><\/li>\n<\/ul>\n<p>Color intenso, con un ligero brillo que no se desgasta. \u00a1La saturaci\u00f3n profunda del color te har\u00e1 destacar entre la multitud!<\/p>\n<p><strong>CONSEJO<\/strong><\/p>\n<ul>\n<li>Para productos con estampado, recomendamos elegir el tama\u00f1o adecuado. Si est\u00e1s entre dos tallas (por ejemplo, entre XS y S), es mejor optar por la talla m\u00e1s grande. Si el mono es demasiado peque\u00f1o, el material puede estirarse demasiado y causar una ligera distorsi\u00f3n del estampado.<\/li>\n<\/ul>\n<p><strong>\u00a1Hecho en Polonia!<\/strong><\/p>\n","protected":false},"excerpt":{"rendered":"<h4><span style=\"font-weight: 400;\">Mono con corte y lazo en la espalda<\/span><\/h4>\n<p>&nbsp;<\/p>\n<p style=\"text-align: left;\"><span style=\"color: #a7955e;\"><img decoding=\"async\" class=\"size-full wp-image-4026 alignnone\" src=\"https:\/\/limesup.pl\/wp-content\/uploads\/2023\/05\/made-in-poland.png\" alt=\"\" width=\"50\" height=\"50\" data-wp-editing=\"1\" \/> <strong>Dise\u00f1ado y cosido en Polonia<\/strong><\/span><\/p>\n<p style=\"text-align: left;\"><span style=\"color: #a7955e;\"><img decoding=\"async\" class=\"size-full wp-image-4027 alignnone\" src=\"https:\/\/limesup.pl\/wp-content\/uploads\/2023\/05\/material-premium.png\" alt=\"\" width=\"50\" height=\"50\" \/> <strong>Composici\u00f3n: 87% PES 13% EL<\/strong><\/span><\/p>\n<p><span style=\"color: #a7955e;\"><img decoding=\"async\" class=\"alignnone size-full wp-image-4044\" src=\"https:\/\/limesup.pl\/wp-content\/uploads\/2023\/05\/30c-temperature-wash.png\" alt=\"icon temperature wash machine\" width=\"50\" height=\"50\" \/> <span style=\"font-size: 16px;\"><strong>Lavado delicado a 30\u00b0C<\/strong><\/span><\/span><\/p>\n<p style=\"text-align: left;\"><span style=\"color: #a7955e;\"><img loading=\"lazy\" decoding=\"async\" class=\"alignnone size-full wp-image-4046\" src=\"https:\/\/limesup.pl\/wp-content\/uploads\/2023\/05\/no-dryer-machine.png\" alt=\"no dryer machine icon\" width=\"50\" height=\"50\" \/> <strong>Evitar secado en secadora<\/strong><\/span><\/p>\n<p style=\"text-align: left;\"><span style=\"color: #a7955e;\"><img loading=\"lazy\" decoding=\"async\" class=\"size-full wp-image-4029 alignnone\" src=\"https:\/\/limesup.pl\/wp-content\/uploads\/2023\/05\/shipment.png\" alt=\"\" width=\"50\" height=\"50\" \/> <strong>Env\u00edo dentro de 48 horas<\/strong><\/span><\/p>\n<p style=\"text-align: left;\"><span style=\"color: #a7955e;\"><img loading=\"lazy\" decoding=\"async\" class=\"size-full wp-image-4031 alignnone\" src=\"https:\/\/limesup.pl\/wp-content\/uploads\/2023\/05\/return.png\" alt=\"\" width=\"50\" height=\"50\" \/> <strong>14 d\u00edas para devoluciones<\/strong><\/span><\/p>\n<p style=\"text-align: left;\"><span style=\"color: #a7955e;\"><img loading=\"lazy\" decoding=\"async\" class=\"size-full wp-image-4028 alignnone\" src=\"https:\/\/limesup.pl\/wp-content\/uploads\/2023\/05\/delivery.png\" alt=\"\" width=\"50\" height=\"50\" \/> <strong>Env\u00edo gratuito desde 400 PLN en Polonia<\/strong><\/span><\/p>\n<p>&nbsp;<\/p>\n","protected":false},"featured_media":4543,"comment_status":"open","ping_status":"closed","template":"","meta":{"site-sidebar-layout":"default","site-content-layout":"default","ast-site-content-layout":"default","site-content-style":"default","site-sidebar-style":"default","ast-global-header-display":"","ast-banner-title-visibility":"","ast-main-header-display":"","ast-hfb-above-header-display":"","ast-hfb-below-header-display":"","ast-hfb-mobile-header-display":"","site-post-title":"","ast-breadcrumbs-content":"","ast-featured-img":"","footer-sml-layout":"","theme-transparent-header-meta":"default","adv-header-id-meta":"","stick-header-meta":"","header-above-stick-meta":"","header-main-stick-meta":"","header-below-stick-meta":"","astra-migrate-meta-layouts":"set","ast-page-background-enabled":"default","ast-page-background-meta":{"desktop":{"background-color":"","background-image":"","background-repeat":"repeat","background-position":"center center","background-size":"auto","background-attachment":"scroll","background-type":"","background-media":"","overlay-type":"","overlay-color":"","overlay-gradient":""},"tablet":{"background-color":"","background-image":"","background-repeat":"repeat","background-position":"center center","background-size":"auto","background-attachment":"scroll","background-type":"","background-media":"","overlay-type":"","overlay-color":"","overlay-gradient":""},"mobile":{"background-color":"","background-image":"","background-repeat":"repeat","background-position":"center center","background-size":"auto","background-attachment":"scroll","background-type":"","background-media":"","overlay-type":"","overlay-color":"","overlay-gradient":""}},"ast-content-background-meta":{"desktop":{"background-color":"var(--ast-global-color-5)","background-image":"","background-repeat":"repeat","background-position":"center center","background-size":"auto","background-attachment":"scroll","background-type":"","background-media":"","overlay-type":"","overlay-color":"","overlay-gradient":""},"tablet":{"background-color":"var(--ast-global-color-5)","background-image":"","background-repeat":"repeat","background-position":"center center","background-size":"auto","background-attachment":"scroll","background-type":"","background-media":"","overlay-type":"","overlay-color":"","overlay-gradient":""},"mobile":{"background-color":"var(--ast-global-color-5)","background-image":"","background-repeat":"repeat","background-position":"center center","background-size":"auto","background-attachment":"scroll","background-type":"","background-media":"","overlay-type":"","overlay-color":"","overlay-gradient":""}}},"product_cat":[252,260],"product_tag":[],"yoast_head":"<!-- This site is optimized with the Yoast SEO plugin v22.3 - https:\/\/yoast.com\/wordpress\/plugins\/seo\/ -->\n<title>Mono Malwi Caqui (+ almohadillas para el pecho) - Limesup<\/title>\n<meta name=\"robots\" content=\"index, follow, max-snippet:-1, max-image-preview:large, max-video-preview:-1\" \/>\n<link rel=\"canonical\" href=\"https:\/\/limesup.pl\/index.php\/es\/produkt\/mono-malwi-caqui-almohadillas-para-el-pecho\/\" \/>\n<meta property=\"og:locale\" content=\"pl_PL\" \/>\n<meta property=\"og:type\" content=\"article\" \/>\n<meta property=\"og:title\" content=\"Mono Malwi Caqui (+ almohadillas para el pecho) - Limesup\" \/>\n<meta property=\"og:description\" content=\"Mono con corte y lazo en la espalda &nbsp;  Dise\u00f1ado y cosido en Polonia  Composici\u00f3n: 87% PES 13% EL  Lavado delicado a 30\u00b0C  Evitar secado en secadora  Env\u00edo dentro de 48 horas  14 d\u00edas para devoluciones  Env\u00edo gratuito desde 400 PLN en Polonia &nbsp;\" \/>\n<meta property=\"og:url\" content=\"https:\/\/limesup.pl\/index.php\/es\/produkt\/mono-malwi-caqui-almohadillas-para-el-pecho\/\" \/>\n<meta property=\"og:site_name\" content=\"Limesup\" \/>\n<meta property=\"article:modified_time\" content=\"2025-03-13T18:04:42+00:00\" \/>\n<meta property=\"og:image\" content=\"https:\/\/limesup.pl\/wp-content\/uploads\/2025\/03\/IMG_7794-scaled.jpeg\" \/>\n\t<meta property=\"og:image:width\" content=\"1931\" \/>\n\t<meta property=\"og:image:height\" content=\"2560\" \/>\n\t<meta property=\"og:image:type\" content=\"image\/jpeg\" \/>\n<meta name=\"twitter:card\" content=\"summary_large_image\" \/>\n<meta name=\"twitter:label1\" content=\"Szacowany czas czytania\" \/>\n\t<meta name=\"twitter:data1\" content=\"3 minuty\" \/>\n<script type=\"application\/ld+json\" class=\"yoast-schema-graph\">{\"@context\":\"https:\/\/schema.org\",\"@graph\":[{\"@type\":\"WebPage\",\"@id\":\"https:\/\/limesup.pl\/index.php\/es\/produkt\/mono-malwi-caqui-almohadillas-para-el-pecho\/\",\"url\":\"https:\/\/limesup.pl\/index.php\/es\/produkt\/mono-malwi-caqui-almohadillas-para-el-pecho\/\",\"name\":\"Mono Malwi Caqui (+ almohadillas para el pecho) - Limesup\",\"isPartOf\":{\"@id\":\"https:\/\/limesup.pl\/#website\"},\"primaryImageOfPage\":{\"@id\":\"https:\/\/limesup.pl\/index.php\/es\/produkt\/mono-malwi-caqui-almohadillas-para-el-pecho\/#primaryimage\"},\"image\":{\"@id\":\"https:\/\/limesup.pl\/index.php\/es\/produkt\/mono-malwi-caqui-almohadillas-para-el-pecho\/#primaryimage\"},\"thumbnailUrl\":\"https:\/\/limesup.pl\/wp-content\/uploads\/2025\/03\/IMG_7794-scaled.jpeg\",\"datePublished\":\"2025-03-13T17:57:40+00:00\",\"dateModified\":\"2025-03-13T18:04:42+00:00\",\"breadcrumb\":{\"@id\":\"https:\/\/limesup.pl\/index.php\/es\/produkt\/mono-malwi-caqui-almohadillas-para-el-pecho\/#breadcrumb\"},\"inLanguage\":\"pl-PL\",\"potentialAction\":[{\"@type\":\"ReadAction\",\"target\":[\"https:\/\/limesup.pl\/index.php\/es\/produkt\/mono-malwi-caqui-almohadillas-para-el-pecho\/\"]}]},{\"@type\":\"ImageObject\",\"inLanguage\":\"pl-PL\",\"@id\":\"https:\/\/limesup.pl\/index.php\/es\/produkt\/mono-malwi-caqui-almohadillas-para-el-pecho\/#primaryimage\",\"url\":\"https:\/\/limesup.pl\/wp-content\/uploads\/2025\/03\/IMG_7794-scaled.jpeg\",\"contentUrl\":\"https:\/\/limesup.pl\/wp-content\/uploads\/2025\/03\/IMG_7794-scaled.jpeg\",\"width\":1931,\"height\":2560},{\"@type\":\"BreadcrumbList\",\"@id\":\"https:\/\/limesup.pl\/index.php\/es\/produkt\/mono-malwi-caqui-almohadillas-para-el-pecho\/#breadcrumb\",\"itemListElement\":[{\"@type\":\"ListItem\",\"position\":1,\"name\":\"Strona g\u0142\u00f3wna\",\"item\":\"https:\/\/limesup.pl\/\"},{\"@type\":\"ListItem\",\"position\":2,\"name\":\"Sklep\",\"item\":\"https:\/\/limesup.pl\/index.php\/shop\/\"},{\"@type\":\"ListItem\",\"position\":3,\"name\":\"Mono Malwi Caqui (+ almohadillas para el pecho)\"}]},{\"@type\":\"WebSite\",\"@id\":\"https:\/\/limesup.pl\/#website\",\"url\":\"https:\/\/limesup.pl\/\",\"name\":\"Limesup\",\"description\":\"\",\"publisher\":{\"@id\":\"https:\/\/limesup.pl\/#organization\"},\"potentialAction\":[{\"@type\":\"SearchAction\",\"target\":{\"@type\":\"EntryPoint\",\"urlTemplate\":\"https:\/\/limesup.pl\/?s={search_term_string}\"},\"query-input\":\"required name=search_term_string\"}],\"inLanguage\":\"pl-PL\"},{\"@type\":\"Organization\",\"@id\":\"https:\/\/limesup.pl\/#organization\",\"name\":\"Limesup\",\"url\":\"https:\/\/limesup.pl\/\",\"logo\":{\"@type\":\"ImageObject\",\"inLanguage\":\"pl-PL\",\"@id\":\"https:\/\/limesup.pl\/#\/schema\/logo\/image\/\",\"url\":\"https:\/\/limesup.pl\/wp-content\/uploads\/2022\/06\/Logo_Limes_Up_v1.0.png\",\"contentUrl\":\"https:\/\/limesup.pl\/wp-content\/uploads\/2022\/06\/Logo_Limes_Up_v1.0.png\",\"width\":2632,\"height\":706,\"caption\":\"Limesup\"},\"image\":{\"@id\":\"https:\/\/limesup.pl\/#\/schema\/logo\/image\/\"},\"sameAs\":[\"https:\/\/www.instagram.com\/limes.up\/\"]}]}<\/script>\n<!-- \/ Yoast SEO plugin. -->","yoast_head_json":{"title":"Mono Malwi Caqui (+ almohadillas para el pecho) - Limesup","robots":{"index":"index","follow":"follow","max-snippet":"max-snippet:-1","max-image-preview":"max-image-preview:large","max-video-preview":"max-video-preview:-1"},"canonical":"https:\/\/limesup.pl\/index.php\/es\/produkt\/mono-malwi-caqui-almohadillas-para-el-pecho\/","og_locale":"pl_PL","og_type":"article","og_title":"Mono Malwi Caqui (+ almohadillas para el pecho) - Limesup","og_description":"Mono con corte y lazo en la espalda &nbsp;  Dise\u00f1ado y cosido en Polonia  Composici\u00f3n: 87% PES 13% EL  Lavado delicado a 30\u00b0C  Evitar secado en secadora  Env\u00edo dentro de 48 horas  14 d\u00edas para devoluciones  Env\u00edo gratuito desde 400 PLN en Polonia &nbsp;","og_url":"https:\/\/limesup.pl\/index.php\/es\/produkt\/mono-malwi-caqui-almohadillas-para-el-pecho\/","og_site_name":"Limesup","article_modified_time":"2025-03-13T18:04:42+00:00","og_image":[{"width":1931,"height":2560,"url":"https:\/\/limesup.pl\/wp-content\/uploads\/2025\/03\/IMG_7794-scaled.jpeg","type":"image\/jpeg"}],"twitter_card":"summary_large_image","twitter_misc":{"Szacowany czas czytania":"3 minuty"},"schema":{"@context":"https:\/\/schema.org","@graph":[{"@type":"WebPage","@id":"https:\/\/limesup.pl\/index.php\/es\/produkt\/mono-malwi-caqui-almohadillas-para-el-pecho\/","url":"https:\/\/limesup.pl\/index.php\/es\/produkt\/mono-malwi-caqui-almohadillas-para-el-pecho\/","name":"Mono Malwi Caqui (+ almohadillas para el pecho) - Limesup","isPartOf":{"@id":"https:\/\/limesup.pl\/#website"},"primaryImageOfPage":{"@id":"https:\/\/limesup.pl\/index.php\/es\/produkt\/mono-malwi-caqui-almohadillas-para-el-pecho\/#primaryimage"},"image":{"@id":"https:\/\/limesup.pl\/index.php\/es\/produkt\/mono-malwi-caqui-almohadillas-para-el-pecho\/#primaryimage"},"thumbnailUrl":"https:\/\/limesup.pl\/wp-content\/uploads\/2025\/03\/IMG_7794-scaled.jpeg","datePublished":"2025-03-13T17:57:40+00:00","dateModified":"2025-03-13T18:04:42+00:00","breadcrumb":{"@id":"https:\/\/limesup.pl\/index.php\/es\/produkt\/mono-malwi-caqui-almohadillas-para-el-pecho\/#breadcrumb"},"inLanguage":"pl-PL","potentialAction":[{"@type":"ReadAction","target":["https:\/\/limesup.pl\/index.php\/es\/produkt\/mono-malwi-caqui-almohadillas-para-el-pecho\/"]}]},{"@type":"ImageObject","inLanguage":"pl-PL","@id":"https:\/\/limesup.pl\/index.php\/es\/produkt\/mono-malwi-caqui-almohadillas-para-el-pecho\/#primaryimage","url":"https:\/\/limesup.pl\/wp-content\/uploads\/2025\/03\/IMG_7794-scaled.jpeg","contentUrl":"https:\/\/limesup.pl\/wp-content\/uploads\/2025\/03\/IMG_7794-scaled.jpeg","width":1931,"height":2560},{"@type":"BreadcrumbList","@id":"https:\/\/limesup.pl\/index.php\/es\/produkt\/mono-malwi-caqui-almohadillas-para-el-pecho\/#breadcrumb","itemListElement":[{"@type":"ListItem","position":1,"name":"Strona g\u0142\u00f3wna","item":"https:\/\/limesup.pl\/"},{"@type":"ListItem","position":2,"name":"Sklep","item":"https:\/\/limesup.pl\/index.php\/shop\/"},{"@type":"ListItem","position":3,"name":"Mono Malwi Caqui (+ almohadillas para el pecho)"}]},{"@type":"WebSite","@id":"https:\/\/limesup.pl\/#website","url":"https:\/\/limesup.pl\/","name":"Limesup","description":"","publisher":{"@id":"https:\/\/limesup.pl\/#organization"},"potentialAction":[{"@type":"SearchAction","target":{"@type":"EntryPoint","urlTemplate":"https:\/\/limesup.pl\/?s={search_term_string}"},"query-input":"required name=search_term_string"}],"inLanguage":"pl-PL"},{"@type":"Organization","@id":"https:\/\/limesup.pl\/#organization","name":"Limesup","url":"https:\/\/limesup.pl\/","logo":{"@type":"ImageObject","inLanguage":"pl-PL","@id":"https:\/\/limesup.pl\/#\/schema\/logo\/image\/","url":"https:\/\/limesup.pl\/wp-content\/uploads\/2022\/06\/Logo_Limes_Up_v1.0.png","contentUrl":"https:\/\/limesup.pl\/wp-content\/uploads\/2022\/06\/Logo_Limes_Up_v1.0.png","width":2632,"height":706,"caption":"Limesup"},"image":{"@id":"https:\/\/limesup.pl\/#\/schema\/logo\/image\/"},"sameAs":["https:\/\/www.instagram.com\/limes.up\/"]}]}},"_links":{"self":[{"href":"https:\/\/limesup.pl\/index.php\/wp-json\/wp\/v2\/product\/4529"}],"collection":[{"href":"https:\/\/limesup.pl\/index.php\/wp-json\/wp\/v2\/product"}],"about":[{"href":"https:\/\/limesup.pl\/index.php\/wp-json\/wp\/v2\/types\/product"}],"replies":[{"embeddable":true,"href":"https:\/\/limesup.pl\/index.php\/wp-json\/wp\/v2\/comments?post=4529"}],"wp:featuredmedia":[{"embeddable":true,"href":"https:\/\/limesup.pl\/index.php\/wp-json\/wp\/v2\/media\/4543"}],"wp:attachment":[{"href":"https:\/\/limesup.pl\/index.php\/wp-json\/wp\/v2\/media?parent=4529"}],"wp:term":[{"taxonomy":"product_cat","embeddable":true,"href":"https:\/\/limesup.pl\/index.php\/wp-json\/wp\/v2\/product_cat?post=4529"},{"taxonomy":"product_tag","embeddable":true,"href":"https:\/\/limesup.pl\/index.php\/wp-json\/wp\/v2\/product_tag?post=4529"}],"curies":[{"name":"wp","href":"https:\/\/api.w.org\/{rel}","templated":true}]}}