{"id":4118,"date":"2024-09-10T14:56:55","date_gmt":"2024-09-10T14:56:55","guid":{"rendered":"https:\/\/limesup.pl\/?post_type=product&#038;p=4118"},"modified":"2025-08-19T15:10:13","modified_gmt":"2025-08-19T15:10:13","slug":"kombinezon-lulu-tiger-wkladki-na-piersi-copy","status":"publish","type":"product","link":"https:\/\/limesup.pl\/index.php\/produkt\/kombinezon-lulu-tiger-wkladki-na-piersi-copy\/","title":{"rendered":"Kombinezon Lulu Blue Snake (+wk\u0142adki na piersi)"},"content":{"rendered":"<h4><span style=\"font-weight: 400;\">Kombinezon z wyci\u0119ciem i wi\u0105zaniem na plecach\u00a0<\/span><\/h4>\n<p><span style=\"font-weight: 400;\">Absolutny trend tego sezonu. Zmys\u0142owo\u015b\u0107 i komfort w jednym ubraniu! Zniewalaj\u0105cy hit sprzeda\u017cowy! Kombinezon, jumpsuit lub te\u017c str\u00f3j jednocz\u0119\u015bciowy &#8211; niewa\u017cne jak go nazywasz, wa\u017cne jak pi\u0119knie w nim b\u0119dziesz wygl\u0105da\u0107! Jest jak Twoja druga sk\u00f3ra, delikatny i rozci\u0105gliwy! Posiada wyjmowane wk\u0142adki aby\u015b mog\u0142a decydowa\u0107 o tym jak wolisz go nosi\u0107. Wi\u0105zanie na plecach pozwala idealnie dopasowa\u0107 kombinezon do Twojego cia\u0142a.<\/span><\/p>\n<ul>\n<li style=\"font-weight: 400;\" aria-level=\"1\"><b>Komfort <\/b><\/li>\n<\/ul>\n<p>Kombinezon zosta\u0142 zaprojektowany w taki spos\u00f3b aby podkre\u015bla\u0107 pi\u0119kno kobiecego cia\u0142a. Rozci\u0105gliwy materia\u0142 sprawia, \u017ce ubranie idealnie przylega, jednocze\u015bnie nie ograniczaj\u0105c ruch\u00f3w. Zak\u0142adanie oraz zdejmowanie stroju przebiega z ogromn\u0105 \u0142atwo\u015bci\u0105. Na komfort niew\u0105tpliwie wp\u0142ywa delikatna i przyjemna w dotyku dzianina o g\u0119stym splocie.<\/p>\n<ul>\n<li style=\"font-weight: 400;\" aria-level=\"1\"><b>W\u0142a\u015bciwo\u015bci materia\u0142u<\/b><\/li>\n<\/ul>\n<p><span style=\"font-weight: 400;\">Materia\u0142 z kt\u00f3rego wykonany jest kombinezon jest przede wszystkim termoaktywny co jest tak wa\u017cne podczas ruchu. Delikatny i mi\u0142y w dotyku tak bardzo, \u017ce nie b\u0119dziesz chcia\u0142a go zdejmowa\u0107. Dodatkowo dzianina posiada system niweluj\u0105cy brzydkie zapachy a to dzi\u0119ki swoim w\u0142a\u015bciwo\u015bciom antybakteryjnym. Materia\u0142 jest bardzo lekki i zapewnia ochron\u0119 UV. Czy tak w\u0142a\u015bnie wyobra\u017ca\u0142a\u015b sobie idealn\u0105 odzie\u017c?<\/span><\/p>\n<ul>\n<li style=\"font-weight: 400;\" aria-level=\"1\"><b>Elegancki design<\/b><\/li>\n<\/ul>\n<p><span style=\"font-weight: 400;\">Niepowtarzalny, oryginalny tygrysi wz\u00f3r, zaprojektowany specjalnie dla Limes Up! <\/span><span style=\"font-weight: 400;\">Jumpsuit stworzony jest w taki spos\u00f3b, aby opr\u00f3cz komfortu, maksymalnie podkre\u015bla\u0142 kobiece kszta\u0142ty. Specjalny kr\u00f3j na pupie sukcesywnie j\u0105 uwydatnia, natomiast szew na brzuchu podkre\u015bla tali\u0119. Wi\u0105zanie na plecach pozwala maksymalnie dopasowa\u0107 ubranie do Twojego cia\u0142a. Kr\u00f3j na biu\u015bcie podtrzymuje go i lekko podnosi a trzy \u0142\u0105czenia mi\u0119dzy piersiami dodaj\u0105 zmys\u0142owo\u015bci i jednocze\u015bnie dope\u0142niaj\u0105 efekt push-up.\u00a0 Eleganckie minimalistyczne logo wkomponowane w print sprawia, \u017ce kombinezon sprawdzi si\u0119 nie tylko na sali treningowej, tanecznej czy si\u0142owni ale tak\u017ce jako element codziennej stylizacji. Ekstrawagancki &#8211; to s\u0142owo najlepiej opisuje nasz produkt.<\/span><\/p>\n<ul>\n<li style=\"font-weight: 400;\" aria-level=\"1\"><b>Kolor<\/b><\/li>\n<\/ul>\n<p><span style=\"font-weight: 400;\">Intensywny kolor, z lekkim po\u0142yskiem kt\u00f3ry si\u0119 nie spiera. G\u0142\u0119bokie nasycenie koloru szczeg\u00f3lnie wyr\u00f3\u017cni Ci\u0119 w t\u0142umie! <\/span><\/p>\n<p><strong>TIP<\/strong><\/p>\n<p><span style=\"font-weight: 400;\">&#8211; W przypadku produkt\u00f3w z nadrukiem polecamy dopiera\u0107 odpowiedni rozmiar, je\u017celi wahasz si\u0119 miedzy mniejszym a wi\u0119kszym rozmiarem (np. miedzy XS a S) lepiej zdecydowa\u0107 si\u0119 na wi\u0119kszy. W przypadku zbyt ma\u0142ego kombinezonu, pojawi si\u0119 du\u017ce naci\u0105gniecie materia\u0142u co mo\u017ce powodowa\u0107 lekkie rozci\u0105gniecie wzoru.\u00a0<\/span><\/p>\n<p><span style=\"font-weight: 400;\">Wyprodukowany w Polsce!<\/span><\/p>\n","protected":false},"excerpt":{"rendered":"<h4><span style=\"font-weight: 400;\">Kombinezon z wyci\u0119ciem i wi\u0105zaniem na plecach<\/span><\/h4>\n<p>&nbsp;<\/p>\n<p style=\"text-align: left;\"><span style=\"color: #a7955e;\"><img decoding=\"async\" class=\"size-full wp-image-4026 alignnone\" src=\"https:\/\/limesup.pl\/wp-content\/uploads\/2023\/05\/made-in-poland.png\" alt=\"\" width=\"50\" height=\"50\" data-wp-editing=\"1\" \/> <strong>Zaprojektowany i uszyty w Polsce<\/strong><\/span><\/p>\n<p style=\"text-align: left;\"><span style=\"color: #a7955e;\"><img decoding=\"async\" class=\"size-full wp-image-4027 alignnone\" src=\"https:\/\/limesup.pl\/wp-content\/uploads\/2023\/05\/material-premium.png\" alt=\"\" width=\"50\" height=\"50\" \/>\u00a0<strong>Sk\u0142ad: 87% PES 13% EL<\/strong><\/span><\/p>\n<p><span style=\"color: #a7955e;\"><img decoding=\"async\" class=\"alignnone size-full wp-image-4044\" src=\"https:\/\/limesup.pl\/wp-content\/uploads\/2023\/05\/30c-temperature-wash.png\" alt=\"icon temperature wash machine\" width=\"50\" height=\"50\" \/> <span style=\"font-size: 16px;\"><strong>Delikatne pranie w 30\u00b0C<\/strong><\/span><\/span><\/p>\n<p style=\"text-align: left;\"><span style=\"color: #a7955e;\"><img loading=\"lazy\" decoding=\"async\" class=\"alignnone size-full wp-image-4046\" src=\"https:\/\/limesup.pl\/wp-content\/uploads\/2023\/05\/no-dryer-machine.png\" alt=\"no dryer machine icon\" width=\"50\" height=\"50\" \/><strong>Unika\u0107 suszenia w suszarce<\/strong><\/span><\/p>\n<p style=\"text-align: left;\"><span style=\"color: #a7955e;\"><img loading=\"lazy\" decoding=\"async\" class=\"size-full wp-image-4029 alignnone\" src=\"https:\/\/limesup.pl\/wp-content\/uploads\/2023\/05\/shipment.png\" alt=\"\" width=\"50\" height=\"50\" \/> <strong>Wysy\u0142ka w ci\u0105gu 48 godzin<\/strong><\/span><\/p>\n<p style=\"text-align: left;\"><span style=\"color: #a7955e;\"><img loading=\"lazy\" decoding=\"async\" class=\"size-full wp-image-4031 alignnone\" src=\"https:\/\/limesup.pl\/wp-content\/uploads\/2023\/05\/return.png\" alt=\"\" width=\"50\" height=\"50\" \/> <strong>14 dni na zwrot zakupu<\/strong><\/span><\/p>\n<p style=\"text-align: left;\"><span style=\"color: #a7955e;\"><img loading=\"lazy\" decoding=\"async\" class=\"size-full wp-image-4028 alignnone\" src=\"https:\/\/limesup.pl\/wp-content\/uploads\/2023\/05\/delivery.png\" alt=\"\" width=\"50\" height=\"50\" \/> <strong>Darmowa dostawa od 400 z\u0142 na terenie Polski<\/strong><\/span><\/p>\n<p>&nbsp;<\/p>\n","protected":false},"featured_media":4145,"comment_status":"open","ping_status":"closed","template":"","meta":{"site-sidebar-layout":"default","site-content-layout":"default","ast-site-content-layout":"default","site-content-style":"default","site-sidebar-style":"default","ast-global-header-display":"","ast-banner-title-visibility":"","ast-main-header-display":"","ast-hfb-above-header-display":"","ast-hfb-below-header-display":"","ast-hfb-mobile-header-display":"","site-post-title":"","ast-breadcrumbs-content":"","ast-featured-img":"","footer-sml-layout":"","theme-transparent-header-meta":"default","adv-header-id-meta":"","stick-header-meta":"","header-above-stick-meta":"","header-main-stick-meta":"","header-below-stick-meta":"","astra-migrate-meta-layouts":"set","ast-page-background-enabled":"default","ast-page-background-meta":{"desktop":{"background-color":"","background-image":"","background-repeat":"repeat","background-position":"center center","background-size":"auto","background-attachment":"scroll","background-type":"","background-media":"","overlay-type":"","overlay-color":"","overlay-gradient":""},"tablet":{"background-color":"","background-image":"","background-repeat":"repeat","background-position":"center center","background-size":"auto","background-attachment":"scroll","background-type":"","background-media":"","overlay-type":"","overlay-color":"","overlay-gradient":""},"mobile":{"background-color":"","background-image":"","background-repeat":"repeat","background-position":"center center","background-size":"auto","background-attachment":"scroll","background-type":"","background-media":"","overlay-type":"","overlay-color":"","overlay-gradient":""}},"ast-content-background-meta":{"desktop":{"background-color":"var(--ast-global-color-5)","background-image":"","background-repeat":"repeat","background-position":"center center","background-size":"auto","background-attachment":"scroll","background-type":"","background-media":"","overlay-type":"","overlay-color":"","overlay-gradient":""},"tablet":{"background-color":"var(--ast-global-color-5)","background-image":"","background-repeat":"repeat","background-position":"center center","background-size":"auto","background-attachment":"scroll","background-type":"","background-media":"","overlay-type":"","overlay-color":"","overlay-gradient":""},"mobile":{"background-color":"var(--ast-global-color-5)","background-image":"","background-repeat":"repeat","background-position":"center center","background-size":"auto","background-attachment":"scroll","background-type":"","background-media":"","overlay-type":"","overlay-color":"","overlay-gradient":""}}},"product_cat":[28,32,196],"product_tag":[],"yoast_head":"<!-- This site is optimized with the Yoast SEO plugin v22.3 - https:\/\/yoast.com\/wordpress\/plugins\/seo\/ -->\n<title>Kombinezon Lulu Blue Snake (+wk\u0142adki na piersi) - Limesup<\/title>\n<meta name=\"robots\" content=\"index, follow, max-snippet:-1, max-image-preview:large, max-video-preview:-1\" \/>\n<link rel=\"canonical\" href=\"https:\/\/limesup.pl\/index.php\/produkt\/kombinezon-lulu-tiger-wkladki-na-piersi-copy\/\" \/>\n<meta property=\"og:locale\" content=\"pl_PL\" \/>\n<meta property=\"og:type\" content=\"article\" \/>\n<meta property=\"og:title\" content=\"Kombinezon Lulu Blue Snake (+wk\u0142adki na piersi) - Limesup\" \/>\n<meta property=\"og:description\" content=\"Kombinezon z wyci\u0119ciem i wi\u0105zaniem na plecach &nbsp;  Zaprojektowany i uszyty w Polsce \u00a0Sk\u0142ad: 87% PES 13% EL  Delikatne pranie w 30\u00b0C Unika\u0107 suszenia w suszarce  Wysy\u0142ka w ci\u0105gu 48 godzin  14 dni na zwrot zakupu  Darmowa dostawa od 400 z\u0142 na terenie Polski &nbsp;\" \/>\n<meta property=\"og:url\" content=\"https:\/\/limesup.pl\/index.php\/produkt\/kombinezon-lulu-tiger-wkladki-na-piersi-copy\/\" \/>\n<meta property=\"og:site_name\" content=\"Limesup\" \/>\n<meta property=\"article:modified_time\" content=\"2025-08-19T15:10:13+00:00\" \/>\n<meta property=\"og:image\" content=\"https:\/\/limesup.pl\/wp-content\/uploads\/2024\/09\/IMG_6080-scaled.webp\" \/>\n\t<meta property=\"og:image:width\" content=\"1707\" \/>\n\t<meta property=\"og:image:height\" content=\"2560\" \/>\n\t<meta property=\"og:image:type\" content=\"image\/webp\" \/>\n<meta name=\"twitter:card\" content=\"summary_large_image\" \/>\n<meta name=\"twitter:label1\" content=\"Szacowany czas czytania\" \/>\n\t<meta name=\"twitter:data1\" content=\"3 minuty\" \/>\n<script type=\"application\/ld+json\" class=\"yoast-schema-graph\">{\"@context\":\"https:\/\/schema.org\",\"@graph\":[{\"@type\":\"WebPage\",\"@id\":\"https:\/\/limesup.pl\/index.php\/produkt\/kombinezon-lulu-tiger-wkladki-na-piersi-copy\/\",\"url\":\"https:\/\/limesup.pl\/index.php\/produkt\/kombinezon-lulu-tiger-wkladki-na-piersi-copy\/\",\"name\":\"Kombinezon Lulu Blue Snake (+wk\u0142adki na piersi) - Limesup\",\"isPartOf\":{\"@id\":\"https:\/\/limesup.pl\/#website\"},\"primaryImageOfPage\":{\"@id\":\"https:\/\/limesup.pl\/index.php\/produkt\/kombinezon-lulu-tiger-wkladki-na-piersi-copy\/#primaryimage\"},\"image\":{\"@id\":\"https:\/\/limesup.pl\/index.php\/produkt\/kombinezon-lulu-tiger-wkladki-na-piersi-copy\/#primaryimage\"},\"thumbnailUrl\":\"https:\/\/limesup.pl\/wp-content\/uploads\/2024\/09\/IMG_6080-scaled.webp\",\"datePublished\":\"2024-09-10T14:56:55+00:00\",\"dateModified\":\"2025-08-19T15:10:13+00:00\",\"breadcrumb\":{\"@id\":\"https:\/\/limesup.pl\/index.php\/produkt\/kombinezon-lulu-tiger-wkladki-na-piersi-copy\/#breadcrumb\"},\"inLanguage\":\"pl-PL\",\"potentialAction\":[{\"@type\":\"ReadAction\",\"target\":[\"https:\/\/limesup.pl\/index.php\/produkt\/kombinezon-lulu-tiger-wkladki-na-piersi-copy\/\"]}]},{\"@type\":\"ImageObject\",\"inLanguage\":\"pl-PL\",\"@id\":\"https:\/\/limesup.pl\/index.php\/produkt\/kombinezon-lulu-tiger-wkladki-na-piersi-copy\/#primaryimage\",\"url\":\"https:\/\/limesup.pl\/wp-content\/uploads\/2024\/09\/IMG_6080-scaled.webp\",\"contentUrl\":\"https:\/\/limesup.pl\/wp-content\/uploads\/2024\/09\/IMG_6080-scaled.webp\",\"width\":1707,\"height\":2560},{\"@type\":\"BreadcrumbList\",\"@id\":\"https:\/\/limesup.pl\/index.php\/produkt\/kombinezon-lulu-tiger-wkladki-na-piersi-copy\/#breadcrumb\",\"itemListElement\":[{\"@type\":\"ListItem\",\"position\":1,\"name\":\"Strona g\u0142\u00f3wna\",\"item\":\"https:\/\/limesup.pl\/\"},{\"@type\":\"ListItem\",\"position\":2,\"name\":\"Sklep\",\"item\":\"https:\/\/limesup.pl\/index.php\/shop\/\"},{\"@type\":\"ListItem\",\"position\":3,\"name\":\"Kombinezon Lulu Blue Snake (+wk\u0142adki na piersi)\"}]},{\"@type\":\"WebSite\",\"@id\":\"https:\/\/limesup.pl\/#website\",\"url\":\"https:\/\/limesup.pl\/\",\"name\":\"Limesup\",\"description\":\"\",\"publisher\":{\"@id\":\"https:\/\/limesup.pl\/#organization\"},\"potentialAction\":[{\"@type\":\"SearchAction\",\"target\":{\"@type\":\"EntryPoint\",\"urlTemplate\":\"https:\/\/limesup.pl\/?s={search_term_string}\"},\"query-input\":\"required name=search_term_string\"}],\"inLanguage\":\"pl-PL\"},{\"@type\":\"Organization\",\"@id\":\"https:\/\/limesup.pl\/#organization\",\"name\":\"Limesup\",\"url\":\"https:\/\/limesup.pl\/\",\"logo\":{\"@type\":\"ImageObject\",\"inLanguage\":\"pl-PL\",\"@id\":\"https:\/\/limesup.pl\/#\/schema\/logo\/image\/\",\"url\":\"https:\/\/limesup.pl\/wp-content\/uploads\/2022\/06\/Logo_Limes_Up_v1.0.png\",\"contentUrl\":\"https:\/\/limesup.pl\/wp-content\/uploads\/2022\/06\/Logo_Limes_Up_v1.0.png\",\"width\":2632,\"height\":706,\"caption\":\"Limesup\"},\"image\":{\"@id\":\"https:\/\/limesup.pl\/#\/schema\/logo\/image\/\"},\"sameAs\":[\"https:\/\/www.instagram.com\/limes.up\/\"]}]}<\/script>\n<!-- \/ Yoast SEO plugin. -->","yoast_head_json":{"title":"Kombinezon Lulu Blue Snake (+wk\u0142adki na piersi) - Limesup","robots":{"index":"index","follow":"follow","max-snippet":"max-snippet:-1","max-image-preview":"max-image-preview:large","max-video-preview":"max-video-preview:-1"},"canonical":"https:\/\/limesup.pl\/index.php\/produkt\/kombinezon-lulu-tiger-wkladki-na-piersi-copy\/","og_locale":"pl_PL","og_type":"article","og_title":"Kombinezon Lulu Blue Snake (+wk\u0142adki na piersi) - Limesup","og_description":"Kombinezon z wyci\u0119ciem i wi\u0105zaniem na plecach &nbsp;  Zaprojektowany i uszyty w Polsce \u00a0Sk\u0142ad: 87% PES 13% EL  Delikatne pranie w 30\u00b0C Unika\u0107 suszenia w suszarce  Wysy\u0142ka w ci\u0105gu 48 godzin  14 dni na zwrot zakupu  Darmowa dostawa od 400 z\u0142 na terenie Polski &nbsp;","og_url":"https:\/\/limesup.pl\/index.php\/produkt\/kombinezon-lulu-tiger-wkladki-na-piersi-copy\/","og_site_name":"Limesup","article_modified_time":"2025-08-19T15:10:13+00:00","og_image":[{"width":1707,"height":2560,"url":"https:\/\/limesup.pl\/wp-content\/uploads\/2024\/09\/IMG_6080-scaled.webp","type":"image\/webp"}],"twitter_card":"summary_large_image","twitter_misc":{"Szacowany czas czytania":"3 minuty"},"schema":{"@context":"https:\/\/schema.org","@graph":[{"@type":"WebPage","@id":"https:\/\/limesup.pl\/index.php\/produkt\/kombinezon-lulu-tiger-wkladki-na-piersi-copy\/","url":"https:\/\/limesup.pl\/index.php\/produkt\/kombinezon-lulu-tiger-wkladki-na-piersi-copy\/","name":"Kombinezon Lulu Blue Snake (+wk\u0142adki na piersi) - Limesup","isPartOf":{"@id":"https:\/\/limesup.pl\/#website"},"primaryImageOfPage":{"@id":"https:\/\/limesup.pl\/index.php\/produkt\/kombinezon-lulu-tiger-wkladki-na-piersi-copy\/#primaryimage"},"image":{"@id":"https:\/\/limesup.pl\/index.php\/produkt\/kombinezon-lulu-tiger-wkladki-na-piersi-copy\/#primaryimage"},"thumbnailUrl":"https:\/\/limesup.pl\/wp-content\/uploads\/2024\/09\/IMG_6080-scaled.webp","datePublished":"2024-09-10T14:56:55+00:00","dateModified":"2025-08-19T15:10:13+00:00","breadcrumb":{"@id":"https:\/\/limesup.pl\/index.php\/produkt\/kombinezon-lulu-tiger-wkladki-na-piersi-copy\/#breadcrumb"},"inLanguage":"pl-PL","potentialAction":[{"@type":"ReadAction","target":["https:\/\/limesup.pl\/index.php\/produkt\/kombinezon-lulu-tiger-wkladki-na-piersi-copy\/"]}]},{"@type":"ImageObject","inLanguage":"pl-PL","@id":"https:\/\/limesup.pl\/index.php\/produkt\/kombinezon-lulu-tiger-wkladki-na-piersi-copy\/#primaryimage","url":"https:\/\/limesup.pl\/wp-content\/uploads\/2024\/09\/IMG_6080-scaled.webp","contentUrl":"https:\/\/limesup.pl\/wp-content\/uploads\/2024\/09\/IMG_6080-scaled.webp","width":1707,"height":2560},{"@type":"BreadcrumbList","@id":"https:\/\/limesup.pl\/index.php\/produkt\/kombinezon-lulu-tiger-wkladki-na-piersi-copy\/#breadcrumb","itemListElement":[{"@type":"ListItem","position":1,"name":"Strona g\u0142\u00f3wna","item":"https:\/\/limesup.pl\/"},{"@type":"ListItem","position":2,"name":"Sklep","item":"https:\/\/limesup.pl\/index.php\/shop\/"},{"@type":"ListItem","position":3,"name":"Kombinezon Lulu Blue Snake (+wk\u0142adki na piersi)"}]},{"@type":"WebSite","@id":"https:\/\/limesup.pl\/#website","url":"https:\/\/limesup.pl\/","name":"Limesup","description":"","publisher":{"@id":"https:\/\/limesup.pl\/#organization"},"potentialAction":[{"@type":"SearchAction","target":{"@type":"EntryPoint","urlTemplate":"https:\/\/limesup.pl\/?s={search_term_string}"},"query-input":"required name=search_term_string"}],"inLanguage":"pl-PL"},{"@type":"Organization","@id":"https:\/\/limesup.pl\/#organization","name":"Limesup","url":"https:\/\/limesup.pl\/","logo":{"@type":"ImageObject","inLanguage":"pl-PL","@id":"https:\/\/limesup.pl\/#\/schema\/logo\/image\/","url":"https:\/\/limesup.pl\/wp-content\/uploads\/2022\/06\/Logo_Limes_Up_v1.0.png","contentUrl":"https:\/\/limesup.pl\/wp-content\/uploads\/2022\/06\/Logo_Limes_Up_v1.0.png","width":2632,"height":706,"caption":"Limesup"},"image":{"@id":"https:\/\/limesup.pl\/#\/schema\/logo\/image\/"},"sameAs":["https:\/\/www.instagram.com\/limes.up\/"]}]}},"_links":{"self":[{"href":"https:\/\/limesup.pl\/index.php\/wp-json\/wp\/v2\/product\/4118"}],"collection":[{"href":"https:\/\/limesup.pl\/index.php\/wp-json\/wp\/v2\/product"}],"about":[{"href":"https:\/\/limesup.pl\/index.php\/wp-json\/wp\/v2\/types\/product"}],"replies":[{"embeddable":true,"href":"https:\/\/limesup.pl\/index.php\/wp-json\/wp\/v2\/comments?post=4118"}],"wp:featuredmedia":[{"embeddable":true,"href":"https:\/\/limesup.pl\/index.php\/wp-json\/wp\/v2\/media\/4145"}],"wp:attachment":[{"href":"https:\/\/limesup.pl\/index.php\/wp-json\/wp\/v2\/media?parent=4118"}],"wp:term":[{"taxonomy":"product_cat","embeddable":true,"href":"https:\/\/limesup.pl\/index.php\/wp-json\/wp\/v2\/product_cat?post=4118"},{"taxonomy":"product_tag","embeddable":true,"href":"https:\/\/limesup.pl\/index.php\/wp-json\/wp\/v2\/product_tag?post=4118"}],"curies":[{"name":"wp","href":"https:\/\/api.w.org\/{rel}","templated":true}]}}