{"id":3270,"date":"2022-02-14T13:52:26","date_gmt":"2022-02-14T13:52:26","guid":{"rendered":"https:\/\/limesup.pl\/?post_type=product&#038;p=3270"},"modified":"2024-05-07T14:00:59","modified_gmt":"2024-05-07T14:00:59","slug":"mono-nailah-negro-almohadillas-para-el-pecho","status":"publish","type":"product","link":"https:\/\/limesup.pl\/index.php\/es\/produkt\/mono-nailah-negro-almohadillas-para-el-pecho\/","title":{"rendered":"Mono Nailah Negro (+almohadillas para el pecho)"},"content":{"rendered":"<h4>Mono con profundo corte en la espalda<\/h4>\n<p>\u00a1Sensualidad y comodidad en una sola prenda! Un bestseller cautivador. Mono o traje de una pieza \u2013 no importa c\u00f3mo lo llames, lo importante es lo hermosa que te ver\u00e1s en \u00e9l. Es como tu segunda piel, delicado y el\u00e1stico. Cuenta con almohadillas extra\u00edbles para que puedas decidir c\u00f3mo prefieres llevarlo.<\/p>\n<ul>\n<li><strong>Comodidad<\/strong><\/li>\n<\/ul>\n<p>El mono est\u00e1 dise\u00f1ado para resaltar la belleza del cuerpo femenino. El material el\u00e1stico asegura que la prenda se ajuste perfectamente sin restringir en ning\u00fan modo los movimientos. Ponerse y quitarse el atuendo es incre\u00edblemente f\u00e1cil. Las amplias tiras de 4 cm no se deslizan y permiten una libertad total durante los entrenamientos o el baile. La comodidad, sin duda, est\u00e1 influenciada por la tela delicada y agradable al tacto con una trama densa.<\/p>\n<ul>\n<li><strong>Propiedades del material<\/strong><\/li>\n<\/ul>\n<p>La tela utilizada para hacer el mono es principalmente termoactiva, lo cual es tan importante durante los entrenamientos. Es tan delicada y agradable al tacto que no querr\u00e1s quit\u00e1rtela. Adem\u00e1s, la tela tiene un sistema neutralizador de olores gracias a sus propiedades antibacterianas. El material es muy ligero y ofrece protecci\u00f3n UV. \u00bfEs as\u00ed como imaginabas la ropa deportiva perfecta?<\/p>\n<ul>\n<li><strong>Dise\u00f1o elegante<\/strong><\/li>\n<\/ul>\n<p>\u00a1Un patr\u00f3n \u00fanico y original! Dise\u00f1ado para ofrecer no solo comodidad, sino tambi\u00e9n para maximizar la acentuaci\u00f3n de las formas femeninas. Un corte especial en los gl\u00fateos los resalta progresivamente, mientras que la costura en el abdomen enfatiza la cintura. Los tirantes de cuatro cent\u00edmetros se mantienen muy bien en los hombros, as\u00ed que no tienes que preocuparte por deslizamientos. El corte en el busto lo sostiene y lo eleva ligeramente, creando una forma de l\u00e1grima caracter\u00edstica que a\u00f1ade sensualidad. El logo minimalista elegante asegura que el mono sea adecuado no solo para la sala de entrenamiento, la pista de baile o el gimnasio, sino tambi\u00e9n como un elemento de estilismo diario.<\/p>\n<ul>\n<li><strong>Color <\/strong><\/li>\n<\/ul>\n<p>Color intenso con un ligero brillo que no se desvanece. La saturaci\u00f3n profunda del color te har\u00e1 destacar especialmente en la multitud.<\/p>\n<p>Dise\u00f1ado y cosido en Polonia!<\/p>\n","protected":false},"excerpt":{"rendered":"<h4><span style=\"font-weight: 400;\">Mono con profundo corte en la espalda<\/span><\/h4>\n<p>&nbsp;<\/p>\n<p style=\"text-align: left;\"><span style=\"color: #a7955e;\"><img decoding=\"async\" class=\"size-full wp-image-4026 alignnone\" src=\"https:\/\/limesup.pl\/wp-content\/uploads\/2023\/05\/made-in-poland.png\" alt=\"\" width=\"50\" height=\"50\" data-wp-editing=\"1\" \/> <strong>Dise\u00f1ado y cosido en Polonia<\/strong><\/span><\/p>\n<p style=\"text-align: left;\"><span style=\"color: #a7955e;\"><img decoding=\"async\" class=\"size-full wp-image-4027 alignnone\" src=\"https:\/\/limesup.pl\/wp-content\/uploads\/2023\/05\/material-premium.png\" alt=\"\" width=\"50\" height=\"50\" \/> <strong>Composici\u00f3n: 87% PES 13% EL<\/strong><\/span><\/p>\n<p><span style=\"color: #a7955e;\"><img decoding=\"async\" class=\"alignnone size-full wp-image-4044\" src=\"https:\/\/limesup.pl\/wp-content\/uploads\/2023\/05\/30c-temperature-wash.png\" alt=\"icon temperature wash machine\" width=\"50\" height=\"50\" \/> <span style=\"font-size: 16px;\"><strong>Lavado delicado a 30\u00b0C<\/strong><\/span><\/span><\/p>\n<p style=\"text-align: left;\"><span style=\"color: #a7955e;\"><img loading=\"lazy\" decoding=\"async\" class=\"alignnone size-full wp-image-4046\" src=\"https:\/\/limesup.pl\/wp-content\/uploads\/2023\/05\/no-dryer-machine.png\" alt=\"no dryer machine icon\" width=\"50\" height=\"50\" \/> <strong>Evitar secado en secadora<\/strong><\/span><\/p>\n<p style=\"text-align: left;\"><span style=\"color: #a7955e;\"><img loading=\"lazy\" decoding=\"async\" class=\"size-full wp-image-4029 alignnone\" src=\"https:\/\/limesup.pl\/wp-content\/uploads\/2023\/05\/shipment.png\" alt=\"\" width=\"50\" height=\"50\" \/> <strong>Env\u00edo dentro de 48 horas<\/strong><\/span><\/p>\n<p style=\"text-align: left;\"><span style=\"color: #a7955e;\"><img loading=\"lazy\" decoding=\"async\" class=\"size-full wp-image-4031 alignnone\" src=\"https:\/\/limesup.pl\/wp-content\/uploads\/2023\/05\/return.png\" alt=\"\" width=\"50\" height=\"50\" \/> <strong>14 d\u00edas para devoluciones<\/strong><\/span><\/p>\n<p style=\"text-align: left;\"><span style=\"color: #a7955e;\"><img loading=\"lazy\" decoding=\"async\" class=\"size-full wp-image-4028 alignnone\" src=\"https:\/\/limesup.pl\/wp-content\/uploads\/2023\/05\/delivery.png\" alt=\"\" width=\"50\" height=\"50\" \/> <strong>Env\u00edo gratuito desde 400 PLN en Polonia<\/strong><\/span><\/p>\n<p>&nbsp;<\/p>\n","protected":false},"featured_media":3271,"comment_status":"open","ping_status":"closed","template":"","meta":{"site-sidebar-layout":"default","site-content-layout":"default","ast-site-content-layout":"default","site-content-style":"default","site-sidebar-style":"default","ast-global-header-display":"","ast-banner-title-visibility":"","ast-main-header-display":"","ast-hfb-above-header-display":"","ast-hfb-below-header-display":"","ast-hfb-mobile-header-display":"","site-post-title":"","ast-breadcrumbs-content":"","ast-featured-img":"","footer-sml-layout":"","theme-transparent-header-meta":"default","adv-header-id-meta":"","stick-header-meta":"","header-above-stick-meta":"","header-main-stick-meta":"","header-below-stick-meta":"","astra-migrate-meta-layouts":"set","ast-page-background-enabled":"default","ast-page-background-meta":{"desktop":{"background-color":"","background-image":"","background-repeat":"repeat","background-position":"center center","background-size":"auto","background-attachment":"scroll","background-type":"","background-media":"","overlay-type":"","overlay-color":"","overlay-gradient":""},"tablet":{"background-color":"","background-image":"","background-repeat":"repeat","background-position":"center center","background-size":"auto","background-attachment":"scroll","background-type":"","background-media":"","overlay-type":"","overlay-color":"","overlay-gradient":""},"mobile":{"background-color":"","background-image":"","background-repeat":"repeat","background-position":"center center","background-size":"auto","background-attachment":"scroll","background-type":"","background-media":"","overlay-type":"","overlay-color":"","overlay-gradient":""}},"ast-content-background-meta":{"desktop":{"background-color":"var(--ast-global-color-5)","background-image":"","background-repeat":"repeat","background-position":"center center","background-size":"auto","background-attachment":"scroll","background-type":"","background-media":"","overlay-type":"","overlay-color":"","overlay-gradient":""},"tablet":{"background-color":"var(--ast-global-color-5)","background-image":"","background-repeat":"repeat","background-position":"center center","background-size":"auto","background-attachment":"scroll","background-type":"","background-media":"","overlay-type":"","overlay-color":"","overlay-gradient":""},"mobile":{"background-color":"var(--ast-global-color-5)","background-image":"","background-repeat":"repeat","background-position":"center center","background-size":"auto","background-attachment":"scroll","background-type":"","background-media":"","overlay-type":"","overlay-color":"","overlay-gradient":""}}},"product_cat":[252,260],"product_tag":[],"yoast_head":"<!-- This site is optimized with the Yoast SEO plugin v22.3 - https:\/\/yoast.com\/wordpress\/plugins\/seo\/ -->\n<title>Mono Nailah Negro (+almohadillas para el pecho) - Limesup<\/title>\n<meta name=\"robots\" content=\"index, follow, max-snippet:-1, max-image-preview:large, max-video-preview:-1\" \/>\n<link rel=\"canonical\" href=\"https:\/\/limesup.pl\/index.php\/es\/produkt\/mono-nailah-negro-almohadillas-para-el-pecho\/\" \/>\n<meta property=\"og:locale\" content=\"pl_PL\" \/>\n<meta property=\"og:type\" content=\"article\" \/>\n<meta property=\"og:title\" content=\"Mono Nailah Negro (+almohadillas para el pecho) - Limesup\" \/>\n<meta property=\"og:description\" content=\"Mono con profundo corte en la espalda &nbsp;  Dise\u00f1ado y cosido en Polonia  Composici\u00f3n: 87% PES 13% EL  Lavado delicado a 30\u00b0C  Evitar secado en secadora  Env\u00edo dentro de 48 horas  14 d\u00edas para devoluciones  Env\u00edo gratuito desde 400 PLN en Polonia &nbsp;\" \/>\n<meta property=\"og:url\" content=\"https:\/\/limesup.pl\/index.php\/es\/produkt\/mono-nailah-negro-almohadillas-para-el-pecho\/\" \/>\n<meta property=\"og:site_name\" content=\"Limesup\" \/>\n<meta property=\"article:modified_time\" content=\"2024-05-07T14:00:59+00:00\" \/>\n<meta property=\"og:image\" content=\"https:\/\/limesup.pl\/wp-content\/uploads\/2022\/02\/DSC09807-scaled.jpeg\" \/>\n\t<meta property=\"og:image:width\" content=\"1707\" \/>\n\t<meta property=\"og:image:height\" content=\"2560\" \/>\n\t<meta property=\"og:image:type\" content=\"image\/jpeg\" \/>\n<meta name=\"twitter:card\" content=\"summary_large_image\" \/>\n<meta name=\"twitter:label1\" content=\"Szacowany czas czytania\" \/>\n\t<meta name=\"twitter:data1\" content=\"3 minuty\" \/>\n<script type=\"application\/ld+json\" class=\"yoast-schema-graph\">{\"@context\":\"https:\/\/schema.org\",\"@graph\":[{\"@type\":\"WebPage\",\"@id\":\"https:\/\/limesup.pl\/index.php\/es\/produkt\/mono-nailah-negro-almohadillas-para-el-pecho\/\",\"url\":\"https:\/\/limesup.pl\/index.php\/es\/produkt\/mono-nailah-negro-almohadillas-para-el-pecho\/\",\"name\":\"Mono Nailah Negro (+almohadillas para el pecho) - Limesup\",\"isPartOf\":{\"@id\":\"https:\/\/limesup.pl\/#website\"},\"primaryImageOfPage\":{\"@id\":\"https:\/\/limesup.pl\/index.php\/es\/produkt\/mono-nailah-negro-almohadillas-para-el-pecho\/#primaryimage\"},\"image\":{\"@id\":\"https:\/\/limesup.pl\/index.php\/es\/produkt\/mono-nailah-negro-almohadillas-para-el-pecho\/#primaryimage\"},\"thumbnailUrl\":\"https:\/\/limesup.pl\/wp-content\/uploads\/2022\/02\/jumpsuit-nailah-black-front-distance-scaled.jpeg\",\"datePublished\":\"2022-02-14T13:52:26+00:00\",\"dateModified\":\"2024-05-07T14:00:59+00:00\",\"breadcrumb\":{\"@id\":\"https:\/\/limesup.pl\/index.php\/es\/produkt\/mono-nailah-negro-almohadillas-para-el-pecho\/#breadcrumb\"},\"inLanguage\":\"pl-PL\",\"potentialAction\":[{\"@type\":\"ReadAction\",\"target\":[\"https:\/\/limesup.pl\/index.php\/es\/produkt\/mono-nailah-negro-almohadillas-para-el-pecho\/\"]}]},{\"@type\":\"ImageObject\",\"inLanguage\":\"pl-PL\",\"@id\":\"https:\/\/limesup.pl\/index.php\/es\/produkt\/mono-nailah-negro-almohadillas-para-el-pecho\/#primaryimage\",\"url\":\"https:\/\/limesup.pl\/wp-content\/uploads\/2022\/02\/jumpsuit-nailah-black-front-distance-scaled.jpeg\",\"contentUrl\":\"https:\/\/limesup.pl\/wp-content\/uploads\/2022\/02\/jumpsuit-nailah-black-front-distance-scaled.jpeg\",\"width\":1707,\"height\":2560,\"caption\":\"Mono de danza Nailah Negro delantero. Foto desde la distancia\"},{\"@type\":\"BreadcrumbList\",\"@id\":\"https:\/\/limesup.pl\/index.php\/es\/produkt\/mono-nailah-negro-almohadillas-para-el-pecho\/#breadcrumb\",\"itemListElement\":[{\"@type\":\"ListItem\",\"position\":1,\"name\":\"Strona g\u0142\u00f3wna\",\"item\":\"https:\/\/limesup.pl\/\"},{\"@type\":\"ListItem\",\"position\":2,\"name\":\"Sklep\",\"item\":\"https:\/\/limesup.pl\/index.php\/shop\/\"},{\"@type\":\"ListItem\",\"position\":3,\"name\":\"Mono Nailah Negro (+almohadillas para el pecho)\"}]},{\"@type\":\"WebSite\",\"@id\":\"https:\/\/limesup.pl\/#website\",\"url\":\"https:\/\/limesup.pl\/\",\"name\":\"Limesup\",\"description\":\"\",\"publisher\":{\"@id\":\"https:\/\/limesup.pl\/#organization\"},\"potentialAction\":[{\"@type\":\"SearchAction\",\"target\":{\"@type\":\"EntryPoint\",\"urlTemplate\":\"https:\/\/limesup.pl\/?s={search_term_string}\"},\"query-input\":\"required name=search_term_string\"}],\"inLanguage\":\"pl-PL\"},{\"@type\":\"Organization\",\"@id\":\"https:\/\/limesup.pl\/#organization\",\"name\":\"Limesup\",\"url\":\"https:\/\/limesup.pl\/\",\"logo\":{\"@type\":\"ImageObject\",\"inLanguage\":\"pl-PL\",\"@id\":\"https:\/\/limesup.pl\/#\/schema\/logo\/image\/\",\"url\":\"https:\/\/limesup.pl\/wp-content\/uploads\/2022\/06\/Logo_Limes_Up_v1.0.png\",\"contentUrl\":\"https:\/\/limesup.pl\/wp-content\/uploads\/2022\/06\/Logo_Limes_Up_v1.0.png\",\"width\":2632,\"height\":706,\"caption\":\"Limesup\"},\"image\":{\"@id\":\"https:\/\/limesup.pl\/#\/schema\/logo\/image\/\"},\"sameAs\":[\"https:\/\/www.instagram.com\/limes.up\/\"]}]}<\/script>\n<!-- \/ Yoast SEO plugin. -->","yoast_head_json":{"title":"Mono Nailah Negro (+almohadillas para el pecho) - Limesup","robots":{"index":"index","follow":"follow","max-snippet":"max-snippet:-1","max-image-preview":"max-image-preview:large","max-video-preview":"max-video-preview:-1"},"canonical":"https:\/\/limesup.pl\/index.php\/es\/produkt\/mono-nailah-negro-almohadillas-para-el-pecho\/","og_locale":"pl_PL","og_type":"article","og_title":"Mono Nailah Negro (+almohadillas para el pecho) - Limesup","og_description":"Mono con profundo corte en la espalda &nbsp;  Dise\u00f1ado y cosido en Polonia  Composici\u00f3n: 87% PES 13% EL  Lavado delicado a 30\u00b0C  Evitar secado en secadora  Env\u00edo dentro de 48 horas  14 d\u00edas para devoluciones  Env\u00edo gratuito desde 400 PLN en Polonia &nbsp;","og_url":"https:\/\/limesup.pl\/index.php\/es\/produkt\/mono-nailah-negro-almohadillas-para-el-pecho\/","og_site_name":"Limesup","article_modified_time":"2024-05-07T14:00:59+00:00","og_image":[{"width":1707,"height":2560,"url":"https:\/\/limesup.pl\/wp-content\/uploads\/2022\/02\/DSC09807-scaled.jpeg","type":"image\/jpeg"}],"twitter_card":"summary_large_image","twitter_misc":{"Szacowany czas czytania":"3 minuty"},"schema":{"@context":"https:\/\/schema.org","@graph":[{"@type":"WebPage","@id":"https:\/\/limesup.pl\/index.php\/es\/produkt\/mono-nailah-negro-almohadillas-para-el-pecho\/","url":"https:\/\/limesup.pl\/index.php\/es\/produkt\/mono-nailah-negro-almohadillas-para-el-pecho\/","name":"Mono Nailah Negro (+almohadillas para el pecho) - Limesup","isPartOf":{"@id":"https:\/\/limesup.pl\/#website"},"primaryImageOfPage":{"@id":"https:\/\/limesup.pl\/index.php\/es\/produkt\/mono-nailah-negro-almohadillas-para-el-pecho\/#primaryimage"},"image":{"@id":"https:\/\/limesup.pl\/index.php\/es\/produkt\/mono-nailah-negro-almohadillas-para-el-pecho\/#primaryimage"},"thumbnailUrl":"https:\/\/limesup.pl\/wp-content\/uploads\/2022\/02\/jumpsuit-nailah-black-front-distance-scaled.jpeg","datePublished":"2022-02-14T13:52:26+00:00","dateModified":"2024-05-07T14:00:59+00:00","breadcrumb":{"@id":"https:\/\/limesup.pl\/index.php\/es\/produkt\/mono-nailah-negro-almohadillas-para-el-pecho\/#breadcrumb"},"inLanguage":"pl-PL","potentialAction":[{"@type":"ReadAction","target":["https:\/\/limesup.pl\/index.php\/es\/produkt\/mono-nailah-negro-almohadillas-para-el-pecho\/"]}]},{"@type":"ImageObject","inLanguage":"pl-PL","@id":"https:\/\/limesup.pl\/index.php\/es\/produkt\/mono-nailah-negro-almohadillas-para-el-pecho\/#primaryimage","url":"https:\/\/limesup.pl\/wp-content\/uploads\/2022\/02\/jumpsuit-nailah-black-front-distance-scaled.jpeg","contentUrl":"https:\/\/limesup.pl\/wp-content\/uploads\/2022\/02\/jumpsuit-nailah-black-front-distance-scaled.jpeg","width":1707,"height":2560,"caption":"Mono de danza Nailah Negro delantero. Foto desde la distancia"},{"@type":"BreadcrumbList","@id":"https:\/\/limesup.pl\/index.php\/es\/produkt\/mono-nailah-negro-almohadillas-para-el-pecho\/#breadcrumb","itemListElement":[{"@type":"ListItem","position":1,"name":"Strona g\u0142\u00f3wna","item":"https:\/\/limesup.pl\/"},{"@type":"ListItem","position":2,"name":"Sklep","item":"https:\/\/limesup.pl\/index.php\/shop\/"},{"@type":"ListItem","position":3,"name":"Mono Nailah Negro (+almohadillas para el pecho)"}]},{"@type":"WebSite","@id":"https:\/\/limesup.pl\/#website","url":"https:\/\/limesup.pl\/","name":"Limesup","description":"","publisher":{"@id":"https:\/\/limesup.pl\/#organization"},"potentialAction":[{"@type":"SearchAction","target":{"@type":"EntryPoint","urlTemplate":"https:\/\/limesup.pl\/?s={search_term_string}"},"query-input":"required name=search_term_string"}],"inLanguage":"pl-PL"},{"@type":"Organization","@id":"https:\/\/limesup.pl\/#organization","name":"Limesup","url":"https:\/\/limesup.pl\/","logo":{"@type":"ImageObject","inLanguage":"pl-PL","@id":"https:\/\/limesup.pl\/#\/schema\/logo\/image\/","url":"https:\/\/limesup.pl\/wp-content\/uploads\/2022\/06\/Logo_Limes_Up_v1.0.png","contentUrl":"https:\/\/limesup.pl\/wp-content\/uploads\/2022\/06\/Logo_Limes_Up_v1.0.png","width":2632,"height":706,"caption":"Limesup"},"image":{"@id":"https:\/\/limesup.pl\/#\/schema\/logo\/image\/"},"sameAs":["https:\/\/www.instagram.com\/limes.up\/"]}]}},"_links":{"self":[{"href":"https:\/\/limesup.pl\/index.php\/wp-json\/wp\/v2\/product\/3270"}],"collection":[{"href":"https:\/\/limesup.pl\/index.php\/wp-json\/wp\/v2\/product"}],"about":[{"href":"https:\/\/limesup.pl\/index.php\/wp-json\/wp\/v2\/types\/product"}],"replies":[{"embeddable":true,"href":"https:\/\/limesup.pl\/index.php\/wp-json\/wp\/v2\/comments?post=3270"}],"wp:featuredmedia":[{"embeddable":true,"href":"https:\/\/limesup.pl\/index.php\/wp-json\/wp\/v2\/media\/3271"}],"wp:attachment":[{"href":"https:\/\/limesup.pl\/index.php\/wp-json\/wp\/v2\/media?parent=3270"}],"wp:term":[{"taxonomy":"product_cat","embeddable":true,"href":"https:\/\/limesup.pl\/index.php\/wp-json\/wp\/v2\/product_cat?post=3270"},{"taxonomy":"product_tag","embeddable":true,"href":"https:\/\/limesup.pl\/index.php\/wp-json\/wp\/v2\/product_tag?post=3270"}],"curies":[{"name":"wp","href":"https:\/\/api.w.org\/{rel}","templated":true}]}}