{"id":2979,"date":"2023-08-03T14:56:08","date_gmt":"2023-08-03T14:56:08","guid":{"rendered":"https:\/\/limesup.pl\/?post_type=product&#038;p=2979"},"modified":"2025-03-10T06:38:53","modified_gmt":"2025-03-10T06:38:53","slug":"top-lara-negro","status":"publish","type":"product","link":"https:\/\/limesup.pl\/index.php\/es\/produkt\/top-lara-negro\/","title":{"rendered":"Top Lara Negro"},"content":{"rendered":"<h4>Top con manga asim\u00e9trica<\/h4>\n<p>Un top de hermoso corte femenino, que subraya sutilmente el busto. La manga larga no restringe los movimientos gracias a su corte especial. Elegante y al mismo tiempo deportivo, se puede utilizar tanto para entrenar como en estilismo diario. Combina perfectamente con nuestros leggings\/bikers en el mismo color o en uno diferente.<\/p>\n<ul>\n<li style=\"font-weight: 400;\" aria-level=\"1\"><b>Comodidad<\/b><\/li>\n<\/ul>\n<p>El top est\u00e1 dise\u00f1ado para acentuar y sostener bellamente el pecho. La construcci\u00f3n de la prenda permite una total libertad de movimiento. El material el\u00e1stico se ajusta perfectamente al cuerpo. El material delicado y agradable al tacto sin duda contribuye a la comodidad. \u00a1Este ser\u00e1 uno de tus tops favoritos!<\/p>\n<ul>\n<li><b>Propiedades del material<\/b><\/li>\n<\/ul>\n<p>El material de nuestros tops es principalmente termoactivo. \u00a1Tendr\u00e1s que esforzarte mucho para que aparezcan manchas de sudor bajo tus brazos! Gracias a sus propiedades, la humedad se transporta eficazmente hacia el exterior \ud83d\ude42 Adem\u00e1s, el tejido tiene un sistema neutralizador de olores debido a sus caracter\u00edsticas antibacterianas. El material tambi\u00e9n es muy ligero y ofrece protecci\u00f3n UV. \u00bfNo es eso todo lo que necesitas?<\/p>\n<ul>\n<li><b>Dise\u00f1o elegante<\/b><\/li>\n<\/ul>\n<p>Dise\u00f1ado para maximizar las formas femeninas. La manga en un solo hombro llama la atenci\u00f3n y resalta bellamente el hombro. Con su corte interesante, puedes llevarlo con pantalones anchos negros o con jeans ajustados. El logo elegante significa que el top es adecuado no solo para el gimnasio, la sala de baile o el gimnasio, sino tambi\u00e9n como parte del estilismo diario.<\/p>\n<ul>\n<li style=\"font-weight: 400;\" aria-level=\"1\"><b>Color<\/b><\/li>\n<\/ul>\n<p>Color intenso con un ligero brillo que no se desvanece. La saturaci\u00f3n profunda del color te har\u00e1 destacar especialmente en la multitud.<\/p>\n<p>Dise\u00f1ado y cosido en Polonia!<\/p>\n","protected":false},"excerpt":{"rendered":"<h4><span style=\"font-weight: 400;\">Top corto con manga<\/span><\/h4>\n<p>&nbsp;<\/p>\n<p style=\"text-align: left;\"><span style=\"color: #a7955e;\"><img decoding=\"async\" class=\"size-full wp-image-4026 alignnone\" src=\"https:\/\/limesup.pl\/wp-content\/uploads\/2023\/05\/made-in-poland.png\" alt=\"\" width=\"50\" height=\"50\" data-wp-editing=\"1\" \/> <strong>Dise\u00f1ado y cosido en Polonia<\/strong><\/span><\/p>\n<p style=\"text-align: left;\"><span style=\"color: #a7955e;\"><img decoding=\"async\" class=\"size-full wp-image-4027 alignnone\" src=\"https:\/\/limesup.pl\/wp-content\/uploads\/2023\/05\/material-premium.png\" alt=\"\" width=\"50\" height=\"50\" \/> <strong>Composici\u00f3n: 87% PES 13% EL<\/strong><\/span><\/p>\n<p><span style=\"color: #a7955e;\"><img decoding=\"async\" class=\"alignnone size-full wp-image-4044\" src=\"https:\/\/limesup.pl\/wp-content\/uploads\/2023\/05\/30c-temperature-wash.png\" alt=\"icon temperature wash machine\" width=\"50\" height=\"50\" \/> <span style=\"font-size: 16px;\"><strong>Lavado delicado a 30\u00b0C<\/strong><\/span><\/span><\/p>\n<p style=\"text-align: left;\"><span style=\"color: #a7955e;\"><img loading=\"lazy\" decoding=\"async\" class=\"alignnone size-full wp-image-4046\" src=\"https:\/\/limesup.pl\/wp-content\/uploads\/2023\/05\/no-dryer-machine.png\" alt=\"no dryer machine icon\" width=\"50\" height=\"50\" \/> <strong>Evitar secado en secadora<\/strong><\/span><\/p>\n<p style=\"text-align: left;\"><span style=\"color: #a7955e;\"><img loading=\"lazy\" decoding=\"async\" class=\"size-full wp-image-4029 alignnone\" src=\"https:\/\/limesup.pl\/wp-content\/uploads\/2023\/05\/shipment.png\" alt=\"\" width=\"50\" height=\"50\" \/> <strong>Env\u00edo dentro de 48 horas<\/strong><\/span><\/p>\n<p style=\"text-align: left;\"><span style=\"color: #a7955e;\"><img loading=\"lazy\" decoding=\"async\" class=\"size-full wp-image-4031 alignnone\" src=\"https:\/\/limesup.pl\/wp-content\/uploads\/2023\/05\/return.png\" alt=\"\" width=\"50\" height=\"50\" \/> <strong>14 d\u00edas para devoluciones<\/strong><\/span><\/p>\n<p style=\"text-align: left;\"><span style=\"color: #a7955e;\"><img loading=\"lazy\" decoding=\"async\" class=\"size-full wp-image-4028 alignnone\" src=\"https:\/\/limesup.pl\/wp-content\/uploads\/2023\/05\/delivery.png\" alt=\"\" width=\"50\" height=\"50\" \/> <strong>Env\u00edo gratuito desde 400 PLN en Polonia<\/strong><\/span><\/p>\n<p>&nbsp;<\/p>\n","protected":false},"featured_media":2980,"comment_status":"open","ping_status":"closed","template":"","meta":{"site-sidebar-layout":"default","site-content-layout":"default","ast-site-content-layout":"default","site-content-style":"default","site-sidebar-style":"default","ast-global-header-display":"","ast-banner-title-visibility":"","ast-main-header-display":"","ast-hfb-above-header-display":"","ast-hfb-below-header-display":"","ast-hfb-mobile-header-display":"","site-post-title":"","ast-breadcrumbs-content":"","ast-featured-img":"","footer-sml-layout":"","theme-transparent-header-meta":"default","adv-header-id-meta":"","stick-header-meta":"","header-above-stick-meta":"","header-main-stick-meta":"","header-below-stick-meta":"","astra-migrate-meta-layouts":"set","ast-page-background-enabled":"default","ast-page-background-meta":{"desktop":{"background-color":"","background-image":"","background-repeat":"repeat","background-position":"center center","background-size":"auto","background-attachment":"scroll","background-type":"","background-media":"","overlay-type":"","overlay-color":"","overlay-gradient":""},"tablet":{"background-color":"","background-image":"","background-repeat":"repeat","background-position":"center center","background-size":"auto","background-attachment":"scroll","background-type":"","background-media":"","overlay-type":"","overlay-color":"","overlay-gradient":""},"mobile":{"background-color":"","background-image":"","background-repeat":"repeat","background-position":"center center","background-size":"auto","background-attachment":"scroll","background-type":"","background-media":"","overlay-type":"","overlay-color":"","overlay-gradient":""}},"ast-content-background-meta":{"desktop":{"background-color":"var(--ast-global-color-5)","background-image":"","background-repeat":"repeat","background-position":"center center","background-size":"auto","background-attachment":"scroll","background-type":"","background-media":"","overlay-type":"","overlay-color":"","overlay-gradient":""},"tablet":{"background-color":"var(--ast-global-color-5)","background-image":"","background-repeat":"repeat","background-position":"center center","background-size":"auto","background-attachment":"scroll","background-type":"","background-media":"","overlay-type":"","overlay-color":"","overlay-gradient":""},"mobile":{"background-color":"var(--ast-global-color-5)","background-image":"","background-repeat":"repeat","background-position":"center center","background-size":"auto","background-attachment":"scroll","background-type":"","background-media":"","overlay-type":"","overlay-color":"","overlay-gradient":""}}},"product_cat":[252,272,248],"product_tag":[],"yoast_head":"<!-- This site is optimized with the Yoast SEO plugin v22.3 - https:\/\/yoast.com\/wordpress\/plugins\/seo\/ -->\n<title>Top Lara Negro - Limesup<\/title>\n<meta name=\"robots\" content=\"index, follow, max-snippet:-1, max-image-preview:large, max-video-preview:-1\" \/>\n<link rel=\"canonical\" href=\"https:\/\/limesup.pl\/index.php\/es\/produkt\/top-lara-negro\/\" \/>\n<meta property=\"og:locale\" content=\"pl_PL\" \/>\n<meta property=\"og:type\" content=\"article\" \/>\n<meta property=\"og:title\" content=\"Top Lara Negro - Limesup\" \/>\n<meta property=\"og:description\" content=\"Top corto con manga &nbsp;  Dise\u00f1ado y cosido en Polonia  Composici\u00f3n: 87% PES 13% EL  Lavado delicado a 30\u00b0C  Evitar secado en secadora  Env\u00edo dentro de 48 horas  14 d\u00edas para devoluciones  Env\u00edo gratuito desde 400 PLN en Polonia &nbsp;\" \/>\n<meta property=\"og:url\" content=\"https:\/\/limesup.pl\/index.php\/es\/produkt\/top-lara-negro\/\" \/>\n<meta property=\"og:site_name\" content=\"Limesup\" \/>\n<meta property=\"article:modified_time\" content=\"2025-03-10T06:38:53+00:00\" \/>\n<meta property=\"og:image\" content=\"https:\/\/limesup.pl\/wp-content\/uploads\/2023\/08\/top-lara-black-closeup-scaled.jpeg\" \/>\n\t<meta property=\"og:image:width\" content=\"1707\" \/>\n\t<meta property=\"og:image:height\" content=\"2259\" \/>\n\t<meta property=\"og:image:type\" content=\"image\/jpeg\" \/>\n<meta name=\"twitter:card\" content=\"summary_large_image\" \/>\n<meta name=\"twitter:label1\" content=\"Szacowany czas czytania\" \/>\n\t<meta name=\"twitter:data1\" content=\"2 minuty\" \/>\n<script type=\"application\/ld+json\" class=\"yoast-schema-graph\">{\"@context\":\"https:\/\/schema.org\",\"@graph\":[{\"@type\":\"WebPage\",\"@id\":\"https:\/\/limesup.pl\/index.php\/es\/produkt\/top-lara-negro\/\",\"url\":\"https:\/\/limesup.pl\/index.php\/es\/produkt\/top-lara-negro\/\",\"name\":\"Top Lara Negro - Limesup\",\"isPartOf\":{\"@id\":\"https:\/\/limesup.pl\/#website\"},\"primaryImageOfPage\":{\"@id\":\"https:\/\/limesup.pl\/index.php\/es\/produkt\/top-lara-negro\/#primaryimage\"},\"image\":{\"@id\":\"https:\/\/limesup.pl\/index.php\/es\/produkt\/top-lara-negro\/#primaryimage\"},\"thumbnailUrl\":\"https:\/\/limesup.pl\/wp-content\/uploads\/2023\/08\/top-lara-black-closeup-scaled.jpeg\",\"datePublished\":\"2023-08-03T14:56:08+00:00\",\"dateModified\":\"2025-03-10T06:38:53+00:00\",\"breadcrumb\":{\"@id\":\"https:\/\/limesup.pl\/index.php\/es\/produkt\/top-lara-negro\/#breadcrumb\"},\"inLanguage\":\"pl-PL\",\"potentialAction\":[{\"@type\":\"ReadAction\",\"target\":[\"https:\/\/limesup.pl\/index.php\/es\/produkt\/top-lara-negro\/\"]}]},{\"@type\":\"ImageObject\",\"inLanguage\":\"pl-PL\",\"@id\":\"https:\/\/limesup.pl\/index.php\/es\/produkt\/top-lara-negro\/#primaryimage\",\"url\":\"https:\/\/limesup.pl\/wp-content\/uploads\/2023\/08\/top-lara-black-closeup-scaled.jpeg\",\"contentUrl\":\"https:\/\/limesup.pl\/wp-content\/uploads\/2023\/08\/top-lara-black-closeup-scaled.jpeg\",\"width\":1707,\"height\":2259,\"caption\":\"Top de danza Lara negro de cerca\"},{\"@type\":\"BreadcrumbList\",\"@id\":\"https:\/\/limesup.pl\/index.php\/es\/produkt\/top-lara-negro\/#breadcrumb\",\"itemListElement\":[{\"@type\":\"ListItem\",\"position\":1,\"name\":\"Strona g\u0142\u00f3wna\",\"item\":\"https:\/\/limesup.pl\/\"},{\"@type\":\"ListItem\",\"position\":2,\"name\":\"Sklep\",\"item\":\"https:\/\/limesup.pl\/index.php\/shop\/\"},{\"@type\":\"ListItem\",\"position\":3,\"name\":\"Top Lara Negro\"}]},{\"@type\":\"WebSite\",\"@id\":\"https:\/\/limesup.pl\/#website\",\"url\":\"https:\/\/limesup.pl\/\",\"name\":\"Limesup\",\"description\":\"\",\"publisher\":{\"@id\":\"https:\/\/limesup.pl\/#organization\"},\"potentialAction\":[{\"@type\":\"SearchAction\",\"target\":{\"@type\":\"EntryPoint\",\"urlTemplate\":\"https:\/\/limesup.pl\/?s={search_term_string}\"},\"query-input\":\"required name=search_term_string\"}],\"inLanguage\":\"pl-PL\"},{\"@type\":\"Organization\",\"@id\":\"https:\/\/limesup.pl\/#organization\",\"name\":\"Limesup\",\"url\":\"https:\/\/limesup.pl\/\",\"logo\":{\"@type\":\"ImageObject\",\"inLanguage\":\"pl-PL\",\"@id\":\"https:\/\/limesup.pl\/#\/schema\/logo\/image\/\",\"url\":\"https:\/\/limesup.pl\/wp-content\/uploads\/2022\/06\/Logo_Limes_Up_v1.0.png\",\"contentUrl\":\"https:\/\/limesup.pl\/wp-content\/uploads\/2022\/06\/Logo_Limes_Up_v1.0.png\",\"width\":2632,\"height\":706,\"caption\":\"Limesup\"},\"image\":{\"@id\":\"https:\/\/limesup.pl\/#\/schema\/logo\/image\/\"},\"sameAs\":[\"https:\/\/www.instagram.com\/limes.up\/\"]}]}<\/script>\n<!-- \/ Yoast SEO plugin. -->","yoast_head_json":{"title":"Top Lara Negro - Limesup","robots":{"index":"index","follow":"follow","max-snippet":"max-snippet:-1","max-image-preview":"max-image-preview:large","max-video-preview":"max-video-preview:-1"},"canonical":"https:\/\/limesup.pl\/index.php\/es\/produkt\/top-lara-negro\/","og_locale":"pl_PL","og_type":"article","og_title":"Top Lara Negro - Limesup","og_description":"Top corto con manga &nbsp;  Dise\u00f1ado y cosido en Polonia  Composici\u00f3n: 87% PES 13% EL  Lavado delicado a 30\u00b0C  Evitar secado en secadora  Env\u00edo dentro de 48 horas  14 d\u00edas para devoluciones  Env\u00edo gratuito desde 400 PLN en Polonia &nbsp;","og_url":"https:\/\/limesup.pl\/index.php\/es\/produkt\/top-lara-negro\/","og_site_name":"Limesup","article_modified_time":"2025-03-10T06:38:53+00:00","og_image":[{"width":1707,"height":2259,"url":"https:\/\/limesup.pl\/wp-content\/uploads\/2023\/08\/top-lara-black-closeup-scaled.jpeg","type":"image\/jpeg"}],"twitter_card":"summary_large_image","twitter_misc":{"Szacowany czas czytania":"2 minuty"},"schema":{"@context":"https:\/\/schema.org","@graph":[{"@type":"WebPage","@id":"https:\/\/limesup.pl\/index.php\/es\/produkt\/top-lara-negro\/","url":"https:\/\/limesup.pl\/index.php\/es\/produkt\/top-lara-negro\/","name":"Top Lara Negro - Limesup","isPartOf":{"@id":"https:\/\/limesup.pl\/#website"},"primaryImageOfPage":{"@id":"https:\/\/limesup.pl\/index.php\/es\/produkt\/top-lara-negro\/#primaryimage"},"image":{"@id":"https:\/\/limesup.pl\/index.php\/es\/produkt\/top-lara-negro\/#primaryimage"},"thumbnailUrl":"https:\/\/limesup.pl\/wp-content\/uploads\/2023\/08\/top-lara-black-closeup-scaled.jpeg","datePublished":"2023-08-03T14:56:08+00:00","dateModified":"2025-03-10T06:38:53+00:00","breadcrumb":{"@id":"https:\/\/limesup.pl\/index.php\/es\/produkt\/top-lara-negro\/#breadcrumb"},"inLanguage":"pl-PL","potentialAction":[{"@type":"ReadAction","target":["https:\/\/limesup.pl\/index.php\/es\/produkt\/top-lara-negro\/"]}]},{"@type":"ImageObject","inLanguage":"pl-PL","@id":"https:\/\/limesup.pl\/index.php\/es\/produkt\/top-lara-negro\/#primaryimage","url":"https:\/\/limesup.pl\/wp-content\/uploads\/2023\/08\/top-lara-black-closeup-scaled.jpeg","contentUrl":"https:\/\/limesup.pl\/wp-content\/uploads\/2023\/08\/top-lara-black-closeup-scaled.jpeg","width":1707,"height":2259,"caption":"Top de danza Lara negro de cerca"},{"@type":"BreadcrumbList","@id":"https:\/\/limesup.pl\/index.php\/es\/produkt\/top-lara-negro\/#breadcrumb","itemListElement":[{"@type":"ListItem","position":1,"name":"Strona g\u0142\u00f3wna","item":"https:\/\/limesup.pl\/"},{"@type":"ListItem","position":2,"name":"Sklep","item":"https:\/\/limesup.pl\/index.php\/shop\/"},{"@type":"ListItem","position":3,"name":"Top Lara Negro"}]},{"@type":"WebSite","@id":"https:\/\/limesup.pl\/#website","url":"https:\/\/limesup.pl\/","name":"Limesup","description":"","publisher":{"@id":"https:\/\/limesup.pl\/#organization"},"potentialAction":[{"@type":"SearchAction","target":{"@type":"EntryPoint","urlTemplate":"https:\/\/limesup.pl\/?s={search_term_string}"},"query-input":"required name=search_term_string"}],"inLanguage":"pl-PL"},{"@type":"Organization","@id":"https:\/\/limesup.pl\/#organization","name":"Limesup","url":"https:\/\/limesup.pl\/","logo":{"@type":"ImageObject","inLanguage":"pl-PL","@id":"https:\/\/limesup.pl\/#\/schema\/logo\/image\/","url":"https:\/\/limesup.pl\/wp-content\/uploads\/2022\/06\/Logo_Limes_Up_v1.0.png","contentUrl":"https:\/\/limesup.pl\/wp-content\/uploads\/2022\/06\/Logo_Limes_Up_v1.0.png","width":2632,"height":706,"caption":"Limesup"},"image":{"@id":"https:\/\/limesup.pl\/#\/schema\/logo\/image\/"},"sameAs":["https:\/\/www.instagram.com\/limes.up\/"]}]}},"_links":{"self":[{"href":"https:\/\/limesup.pl\/index.php\/wp-json\/wp\/v2\/product\/2979"}],"collection":[{"href":"https:\/\/limesup.pl\/index.php\/wp-json\/wp\/v2\/product"}],"about":[{"href":"https:\/\/limesup.pl\/index.php\/wp-json\/wp\/v2\/types\/product"}],"replies":[{"embeddable":true,"href":"https:\/\/limesup.pl\/index.php\/wp-json\/wp\/v2\/comments?post=2979"}],"wp:featuredmedia":[{"embeddable":true,"href":"https:\/\/limesup.pl\/index.php\/wp-json\/wp\/v2\/media\/2980"}],"wp:attachment":[{"href":"https:\/\/limesup.pl\/index.php\/wp-json\/wp\/v2\/media?parent=2979"}],"wp:term":[{"taxonomy":"product_cat","embeddable":true,"href":"https:\/\/limesup.pl\/index.php\/wp-json\/wp\/v2\/product_cat?post=2979"},{"taxonomy":"product_tag","embeddable":true,"href":"https:\/\/limesup.pl\/index.php\/wp-json\/wp\/v2\/product_tag?post=2979"}],"curies":[{"name":"wp","href":"https:\/\/api.w.org\/{rel}","templated":true}]}}