{"id":2944,"date":"2024-03-23T12:53:47","date_gmt":"2024-03-23T12:53:47","guid":{"rendered":"https:\/\/limesup.pl\/?post_type=product&#038;p=2944"},"modified":"2025-03-19T12:31:43","modified_gmt":"2025-03-19T12:31:43","slug":"body-chloe-leopardo-almohadillas-para-el-pecho","status":"publish","type":"product","link":"https:\/\/limesup.pl\/index.php\/es\/produkt\/body-chloe-leopardo-almohadillas-para-el-pecho\/","title":{"rendered":"Body Chloe Leopardo (+almohadillas para el pecho)"},"content":{"rendered":"<h4>Body con un corte en la espalda<\/h4>\n<p>Body con un impresionante corte en la espalda. Un dise\u00f1o exclusivo te permite revelar pr\u00e1cticamente toda tu espalda. No tienes que preocuparte por llevar sujetador porque los bodys vienen con copas extra\u00edbles. Hechos de un material delicado y suave en un color vibrante. Combinan perfectamente con jeans, shorts o faldas. Ideales para fiestas, vacaciones o para un estilo elegante en una cita o una salida nocturna con amigos. S\u00edguenos en Instagram para obtener sugerencias de estilo.<\/p>\n<ul>\n<li style=\"font-weight: 400;\" aria-level=\"1\"><b>Comodidad<\/b><\/li>\n<\/ul>\n<p>Los bodys est\u00e1n dise\u00f1ados para acentuar los encantos femeninos mientras permiten la libertad de movimiento. Las correas se mantienen en su lugar, y las copas extra\u00edbles soportan el busto, brindando una comodidad absoluta. Los bodys cuentan con un cierre, por lo que puedes pon\u00e9rtelos tanto desde arriba como desde abajo. La costura especial y la construcci\u00f3n aseguran que la prenda se ajuste sutilmente al cuerpo, permitiendo la libertad de movimiento durante el baile. El material delicado y agradable al tacto sin duda contribuye a la comodidad. Un MUST HAVE definitivo en tu armario.<\/p>\n<ul>\n<li><b>Propiedades del material<\/b><\/li>\n<\/ul>\n<p>Tela de alta calidad dise\u00f1ada para la producci\u00f3n de ropa deportiva. La tela utilizada para los bodys es termoactiva, antibacteriana y tiene un sistema neutralizador de olores. Durante el uso, la humedad se transporta efectivamente hacia el exterior y se evapora r\u00e1pidamente. Adem\u00e1s, la tela es ligera y ofrece protecci\u00f3n UV. Tela suave, muy suave, ligera que da la impresi\u00f3n de una segunda piel, pero no es transparente. La ropa ocupa muy poco espacio en el armario, en la bolsa de gimnasio o en el bolso.<\/p>\n<ul>\n<li style=\"font-weight: 400;\" aria-level=\"1\"><b>Dise\u00f1o elegante<\/b><\/li>\n<\/ul>\n<p>Un patr\u00f3n de tigre \u00fanico y original dise\u00f1ado espec\u00edficamente para Limes Up. \u00a1El color y el tama\u00f1o del patr\u00f3n se han elegido especialmente para lograr el mejor efecto en tu cuerpo! El corte \u00fanico permite llevar la prenda de diferentes maneras: puedes tener las correas cruzadas al frente o en la espalda. Tambi\u00e9n puedes llevar ambas correas en un hombro, dando al body una silueta a\u00fan m\u00e1s interesante y original. Dise\u00f1ado para maximizar la comodidad mientras acent\u00faa las curvas femeninas. Las mujeres con pechos m\u00e1s peque\u00f1os y m\u00e1s grandes se sentir\u00e1n c\u00f3modas y libres. El logo elegante hace que los bodys sean adecuados no solo para un estilo deportivo o casual, sino tambi\u00e9n para llevar por la noche combinados con una falda\/pantalones anchos y tacones.<\/p>\n<ul>\n<li style=\"font-weight: 400;\" aria-level=\"1\"><b>Color<\/b><\/li>\n<\/ul>\n<p>Color intenso con un ligero brillo que no se desvanece. La saturaci\u00f3n profunda del color te har\u00e1 destacar especialmente en la multitud.<\/p>\n<p>Dise\u00f1ado y cosido en Polonia!<\/p>\n","protected":false},"excerpt":{"rendered":"<h4><span style=\"font-weight: 400;\">Body con un profundo corte en la espalda<\/span><\/h4>\n<p>&nbsp;<\/p>\n<p style=\"text-align: left;\"><span style=\"color: #a7955e;\"><img decoding=\"async\" class=\"size-full wp-image-4026 alignnone\" src=\"https:\/\/limesup.pl\/wp-content\/uploads\/2023\/05\/made-in-poland.png\" alt=\"\" width=\"50\" height=\"50\" data-wp-editing=\"1\" \/> <strong>Dise\u00f1ado y cosido en Polonia<\/strong><\/span><\/p>\n<p style=\"text-align: left;\"><span style=\"color: #a7955e;\"><img decoding=\"async\" class=\"size-full wp-image-4027 alignnone\" src=\"https:\/\/limesup.pl\/wp-content\/uploads\/2023\/05\/material-premium.png\" alt=\"\" width=\"50\" height=\"50\" \/> <strong>Composici\u00f3n: 87% PES 13% EL<\/strong><\/span><\/p>\n<p><span style=\"color: #a7955e;\"><img decoding=\"async\" class=\"alignnone size-full wp-image-4044\" src=\"https:\/\/limesup.pl\/wp-content\/uploads\/2023\/05\/30c-temperature-wash.png\" alt=\"icon temperature wash machine\" width=\"50\" height=\"50\" \/> <span style=\"font-size: 16px;\"><strong>Lavado delicado a 30\u00b0C<\/strong><\/span><\/span><\/p>\n<p style=\"text-align: left;\"><span style=\"color: #a7955e;\"><img loading=\"lazy\" decoding=\"async\" class=\"alignnone size-full wp-image-4046\" src=\"https:\/\/limesup.pl\/wp-content\/uploads\/2023\/05\/no-dryer-machine.png\" alt=\"no dryer machine icon\" width=\"50\" height=\"50\" \/> <strong>Evitar secado en secadora<\/strong><\/span><\/p>\n<p style=\"text-align: left;\"><span style=\"color: #a7955e;\"><img loading=\"lazy\" decoding=\"async\" class=\"size-full wp-image-4029 alignnone\" src=\"https:\/\/limesup.pl\/wp-content\/uploads\/2023\/05\/shipment.png\" alt=\"\" width=\"50\" height=\"50\" \/> <strong>Env\u00edo dentro de 48 horas<\/strong><\/span><\/p>\n<p style=\"text-align: left;\"><span style=\"color: #a7955e;\"><img loading=\"lazy\" decoding=\"async\" class=\"size-full wp-image-4031 alignnone\" src=\"https:\/\/limesup.pl\/wp-content\/uploads\/2023\/05\/return.png\" alt=\"\" width=\"50\" height=\"50\" \/> <strong>14 d\u00edas para devoluciones<\/strong><\/span><\/p>\n<p style=\"text-align: left;\"><span style=\"color: #a7955e;\"><img loading=\"lazy\" decoding=\"async\" class=\"size-full wp-image-4028 alignnone\" src=\"https:\/\/limesup.pl\/wp-content\/uploads\/2023\/05\/delivery.png\" alt=\"\" width=\"50\" height=\"50\" \/> <strong>Env\u00edo gratuito desde 400 PLN en Polonia<\/strong><\/span><\/p>\n<p>&nbsp;<\/p>\n","protected":false},"featured_media":2939,"comment_status":"open","ping_status":"closed","template":"","meta":{"site-sidebar-layout":"default","site-content-layout":"default","ast-site-content-layout":"default","site-content-style":"default","site-sidebar-style":"default","ast-global-header-display":"","ast-banner-title-visibility":"","ast-main-header-display":"","ast-hfb-above-header-display":"","ast-hfb-below-header-display":"","ast-hfb-mobile-header-display":"","site-post-title":"","ast-breadcrumbs-content":"","ast-featured-img":"","footer-sml-layout":"","theme-transparent-header-meta":"default","adv-header-id-meta":"","stick-header-meta":"","header-above-stick-meta":"","header-main-stick-meta":"","header-below-stick-meta":"","astra-migrate-meta-layouts":"set","ast-page-background-enabled":"default","ast-page-background-meta":{"desktop":{"background-color":"","background-image":"","background-repeat":"repeat","background-position":"center center","background-size":"auto","background-attachment":"scroll","background-type":"","background-media":"","overlay-type":"","overlay-color":"","overlay-gradient":""},"tablet":{"background-color":"","background-image":"","background-repeat":"repeat","background-position":"center center","background-size":"auto","background-attachment":"scroll","background-type":"","background-media":"","overlay-type":"","overlay-color":"","overlay-gradient":""},"mobile":{"background-color":"","background-image":"","background-repeat":"repeat","background-position":"center center","background-size":"auto","background-attachment":"scroll","background-type":"","background-media":"","overlay-type":"","overlay-color":"","overlay-gradient":""}},"ast-content-background-meta":{"desktop":{"background-color":"var(--ast-global-color-5)","background-image":"","background-repeat":"repeat","background-position":"center center","background-size":"auto","background-attachment":"scroll","background-type":"","background-media":"","overlay-type":"","overlay-color":"","overlay-gradient":""},"tablet":{"background-color":"var(--ast-global-color-5)","background-image":"","background-repeat":"repeat","background-position":"center center","background-size":"auto","background-attachment":"scroll","background-type":"","background-media":"","overlay-type":"","overlay-color":"","overlay-gradient":""},"mobile":{"background-color":"var(--ast-global-color-5)","background-image":"","background-repeat":"repeat","background-position":"center center","background-size":"auto","background-attachment":"scroll","background-type":"","background-media":"","overlay-type":"","overlay-color":"","overlay-gradient":""}}},"product_cat":[252,254,248],"product_tag":[],"yoast_head":"<!-- This site is optimized with the Yoast SEO plugin v22.3 - https:\/\/yoast.com\/wordpress\/plugins\/seo\/ -->\n<title>Body Chloe Leopardo (+almohadillas para el pecho) - Limesup<\/title>\n<meta name=\"robots\" content=\"index, follow, max-snippet:-1, max-image-preview:large, max-video-preview:-1\" \/>\n<link rel=\"canonical\" href=\"https:\/\/limesup.pl\/index.php\/es\/produkt\/body-chloe-leopardo-almohadillas-para-el-pecho\/\" \/>\n<meta property=\"og:locale\" content=\"pl_PL\" \/>\n<meta property=\"og:type\" content=\"article\" \/>\n<meta property=\"og:title\" content=\"Body Chloe Leopardo (+almohadillas para el pecho) - Limesup\" \/>\n<meta property=\"og:description\" content=\"Body con un profundo corte en la espalda &nbsp;  Dise\u00f1ado y cosido en Polonia  Composici\u00f3n: 87% PES 13% EL  Lavado delicado a 30\u00b0C  Evitar secado en secadora  Env\u00edo dentro de 48 horas  14 d\u00edas para devoluciones  Env\u00edo gratuito desde 400 PLN en Polonia &nbsp;\" \/>\n<meta property=\"og:url\" content=\"https:\/\/limesup.pl\/index.php\/es\/produkt\/body-chloe-leopardo-almohadillas-para-el-pecho\/\" \/>\n<meta property=\"og:site_name\" content=\"Limesup\" \/>\n<meta property=\"article:modified_time\" content=\"2025-03-19T12:31:43+00:00\" \/>\n<meta property=\"og:image\" content=\"https:\/\/limesup.pl\/wp-content\/uploads\/2024\/03\/body-chloe-leopard-front.jpeg\" \/>\n\t<meta property=\"og:image:width\" content=\"1365\" \/>\n\t<meta property=\"og:image:height\" content=\"2048\" \/>\n\t<meta property=\"og:image:type\" content=\"image\/jpeg\" \/>\n<meta name=\"twitter:card\" content=\"summary_large_image\" \/>\n<meta name=\"twitter:label1\" content=\"Szacowany czas czytania\" \/>\n\t<meta name=\"twitter:data1\" content=\"3 minuty\" \/>\n<script type=\"application\/ld+json\" class=\"yoast-schema-graph\">{\"@context\":\"https:\/\/schema.org\",\"@graph\":[{\"@type\":\"WebPage\",\"@id\":\"https:\/\/limesup.pl\/index.php\/es\/produkt\/body-chloe-leopardo-almohadillas-para-el-pecho\/\",\"url\":\"https:\/\/limesup.pl\/index.php\/es\/produkt\/body-chloe-leopardo-almohadillas-para-el-pecho\/\",\"name\":\"Body Chloe Leopardo (+almohadillas para el pecho) - Limesup\",\"isPartOf\":{\"@id\":\"https:\/\/limesup.pl\/#website\"},\"primaryImageOfPage\":{\"@id\":\"https:\/\/limesup.pl\/index.php\/es\/produkt\/body-chloe-leopardo-almohadillas-para-el-pecho\/#primaryimage\"},\"image\":{\"@id\":\"https:\/\/limesup.pl\/index.php\/es\/produkt\/body-chloe-leopardo-almohadillas-para-el-pecho\/#primaryimage\"},\"thumbnailUrl\":\"https:\/\/limesup.pl\/wp-content\/uploads\/2024\/03\/body-chloe-leopard-front.jpeg\",\"datePublished\":\"2024-03-23T12:53:47+00:00\",\"dateModified\":\"2025-03-19T12:31:43+00:00\",\"breadcrumb\":{\"@id\":\"https:\/\/limesup.pl\/index.php\/es\/produkt\/body-chloe-leopardo-almohadillas-para-el-pecho\/#breadcrumb\"},\"inLanguage\":\"pl-PL\",\"potentialAction\":[{\"@type\":\"ReadAction\",\"target\":[\"https:\/\/limesup.pl\/index.php\/es\/produkt\/body-chloe-leopardo-almohadillas-para-el-pecho\/\"]}]},{\"@type\":\"ImageObject\",\"inLanguage\":\"pl-PL\",\"@id\":\"https:\/\/limesup.pl\/index.php\/es\/produkt\/body-chloe-leopardo-almohadillas-para-el-pecho\/#primaryimage\",\"url\":\"https:\/\/limesup.pl\/wp-content\/uploads\/2024\/03\/body-chloe-leopard-front.jpeg\",\"contentUrl\":\"https:\/\/limesup.pl\/wp-content\/uploads\/2024\/03\/body-chloe-leopard-front.jpeg\",\"width\":1365,\"height\":2048,\"caption\":\"Body de danza Chloe Leopardo delantero\"},{\"@type\":\"BreadcrumbList\",\"@id\":\"https:\/\/limesup.pl\/index.php\/es\/produkt\/body-chloe-leopardo-almohadillas-para-el-pecho\/#breadcrumb\",\"itemListElement\":[{\"@type\":\"ListItem\",\"position\":1,\"name\":\"Strona g\u0142\u00f3wna\",\"item\":\"https:\/\/limesup.pl\/\"},{\"@type\":\"ListItem\",\"position\":2,\"name\":\"Sklep\",\"item\":\"https:\/\/limesup.pl\/index.php\/shop\/\"},{\"@type\":\"ListItem\",\"position\":3,\"name\":\"Body Chloe Leopardo (+almohadillas para el pecho)\"}]},{\"@type\":\"WebSite\",\"@id\":\"https:\/\/limesup.pl\/#website\",\"url\":\"https:\/\/limesup.pl\/\",\"name\":\"Limesup\",\"description\":\"\",\"publisher\":{\"@id\":\"https:\/\/limesup.pl\/#organization\"},\"potentialAction\":[{\"@type\":\"SearchAction\",\"target\":{\"@type\":\"EntryPoint\",\"urlTemplate\":\"https:\/\/limesup.pl\/?s={search_term_string}\"},\"query-input\":\"required name=search_term_string\"}],\"inLanguage\":\"pl-PL\"},{\"@type\":\"Organization\",\"@id\":\"https:\/\/limesup.pl\/#organization\",\"name\":\"Limesup\",\"url\":\"https:\/\/limesup.pl\/\",\"logo\":{\"@type\":\"ImageObject\",\"inLanguage\":\"pl-PL\",\"@id\":\"https:\/\/limesup.pl\/#\/schema\/logo\/image\/\",\"url\":\"https:\/\/limesup.pl\/wp-content\/uploads\/2022\/06\/Logo_Limes_Up_v1.0.png\",\"contentUrl\":\"https:\/\/limesup.pl\/wp-content\/uploads\/2022\/06\/Logo_Limes_Up_v1.0.png\",\"width\":2632,\"height\":706,\"caption\":\"Limesup\"},\"image\":{\"@id\":\"https:\/\/limesup.pl\/#\/schema\/logo\/image\/\"},\"sameAs\":[\"https:\/\/www.instagram.com\/limes.up\/\"]}]}<\/script>\n<!-- \/ Yoast SEO plugin. -->","yoast_head_json":{"title":"Body Chloe Leopardo (+almohadillas para el pecho) - Limesup","robots":{"index":"index","follow":"follow","max-snippet":"max-snippet:-1","max-image-preview":"max-image-preview:large","max-video-preview":"max-video-preview:-1"},"canonical":"https:\/\/limesup.pl\/index.php\/es\/produkt\/body-chloe-leopardo-almohadillas-para-el-pecho\/","og_locale":"pl_PL","og_type":"article","og_title":"Body Chloe Leopardo (+almohadillas para el pecho) - Limesup","og_description":"Body con un profundo corte en la espalda &nbsp;  Dise\u00f1ado y cosido en Polonia  Composici\u00f3n: 87% PES 13% EL  Lavado delicado a 30\u00b0C  Evitar secado en secadora  Env\u00edo dentro de 48 horas  14 d\u00edas para devoluciones  Env\u00edo gratuito desde 400 PLN en Polonia &nbsp;","og_url":"https:\/\/limesup.pl\/index.php\/es\/produkt\/body-chloe-leopardo-almohadillas-para-el-pecho\/","og_site_name":"Limesup","article_modified_time":"2025-03-19T12:31:43+00:00","og_image":[{"width":1365,"height":2048,"url":"https:\/\/limesup.pl\/wp-content\/uploads\/2024\/03\/body-chloe-leopard-front.jpeg","type":"image\/jpeg"}],"twitter_card":"summary_large_image","twitter_misc":{"Szacowany czas czytania":"3 minuty"},"schema":{"@context":"https:\/\/schema.org","@graph":[{"@type":"WebPage","@id":"https:\/\/limesup.pl\/index.php\/es\/produkt\/body-chloe-leopardo-almohadillas-para-el-pecho\/","url":"https:\/\/limesup.pl\/index.php\/es\/produkt\/body-chloe-leopardo-almohadillas-para-el-pecho\/","name":"Body Chloe Leopardo (+almohadillas para el pecho) - Limesup","isPartOf":{"@id":"https:\/\/limesup.pl\/#website"},"primaryImageOfPage":{"@id":"https:\/\/limesup.pl\/index.php\/es\/produkt\/body-chloe-leopardo-almohadillas-para-el-pecho\/#primaryimage"},"image":{"@id":"https:\/\/limesup.pl\/index.php\/es\/produkt\/body-chloe-leopardo-almohadillas-para-el-pecho\/#primaryimage"},"thumbnailUrl":"https:\/\/limesup.pl\/wp-content\/uploads\/2024\/03\/body-chloe-leopard-front.jpeg","datePublished":"2024-03-23T12:53:47+00:00","dateModified":"2025-03-19T12:31:43+00:00","breadcrumb":{"@id":"https:\/\/limesup.pl\/index.php\/es\/produkt\/body-chloe-leopardo-almohadillas-para-el-pecho\/#breadcrumb"},"inLanguage":"pl-PL","potentialAction":[{"@type":"ReadAction","target":["https:\/\/limesup.pl\/index.php\/es\/produkt\/body-chloe-leopardo-almohadillas-para-el-pecho\/"]}]},{"@type":"ImageObject","inLanguage":"pl-PL","@id":"https:\/\/limesup.pl\/index.php\/es\/produkt\/body-chloe-leopardo-almohadillas-para-el-pecho\/#primaryimage","url":"https:\/\/limesup.pl\/wp-content\/uploads\/2024\/03\/body-chloe-leopard-front.jpeg","contentUrl":"https:\/\/limesup.pl\/wp-content\/uploads\/2024\/03\/body-chloe-leopard-front.jpeg","width":1365,"height":2048,"caption":"Body de danza Chloe Leopardo delantero"},{"@type":"BreadcrumbList","@id":"https:\/\/limesup.pl\/index.php\/es\/produkt\/body-chloe-leopardo-almohadillas-para-el-pecho\/#breadcrumb","itemListElement":[{"@type":"ListItem","position":1,"name":"Strona g\u0142\u00f3wna","item":"https:\/\/limesup.pl\/"},{"@type":"ListItem","position":2,"name":"Sklep","item":"https:\/\/limesup.pl\/index.php\/shop\/"},{"@type":"ListItem","position":3,"name":"Body Chloe Leopardo (+almohadillas para el pecho)"}]},{"@type":"WebSite","@id":"https:\/\/limesup.pl\/#website","url":"https:\/\/limesup.pl\/","name":"Limesup","description":"","publisher":{"@id":"https:\/\/limesup.pl\/#organization"},"potentialAction":[{"@type":"SearchAction","target":{"@type":"EntryPoint","urlTemplate":"https:\/\/limesup.pl\/?s={search_term_string}"},"query-input":"required name=search_term_string"}],"inLanguage":"pl-PL"},{"@type":"Organization","@id":"https:\/\/limesup.pl\/#organization","name":"Limesup","url":"https:\/\/limesup.pl\/","logo":{"@type":"ImageObject","inLanguage":"pl-PL","@id":"https:\/\/limesup.pl\/#\/schema\/logo\/image\/","url":"https:\/\/limesup.pl\/wp-content\/uploads\/2022\/06\/Logo_Limes_Up_v1.0.png","contentUrl":"https:\/\/limesup.pl\/wp-content\/uploads\/2022\/06\/Logo_Limes_Up_v1.0.png","width":2632,"height":706,"caption":"Limesup"},"image":{"@id":"https:\/\/limesup.pl\/#\/schema\/logo\/image\/"},"sameAs":["https:\/\/www.instagram.com\/limes.up\/"]}]}},"_links":{"self":[{"href":"https:\/\/limesup.pl\/index.php\/wp-json\/wp\/v2\/product\/2944"}],"collection":[{"href":"https:\/\/limesup.pl\/index.php\/wp-json\/wp\/v2\/product"}],"about":[{"href":"https:\/\/limesup.pl\/index.php\/wp-json\/wp\/v2\/types\/product"}],"replies":[{"embeddable":true,"href":"https:\/\/limesup.pl\/index.php\/wp-json\/wp\/v2\/comments?post=2944"}],"wp:featuredmedia":[{"embeddable":true,"href":"https:\/\/limesup.pl\/index.php\/wp-json\/wp\/v2\/media\/2939"}],"wp:attachment":[{"href":"https:\/\/limesup.pl\/index.php\/wp-json\/wp\/v2\/media?parent=2944"}],"wp:term":[{"taxonomy":"product_cat","embeddable":true,"href":"https:\/\/limesup.pl\/index.php\/wp-json\/wp\/v2\/product_cat?post=2944"},{"taxonomy":"product_tag","embeddable":true,"href":"https:\/\/limesup.pl\/index.php\/wp-json\/wp\/v2\/product_tag?post=2944"}],"curies":[{"name":"wp","href":"https:\/\/api.w.org\/{rel}","templated":true}]}}