{"id":1516,"date":"2022-05-19T12:29:20","date_gmt":"2022-05-19T12:29:20","guid":{"rendered":"https:\/\/limesup.pl\/?post_type=product&#038;p=1516"},"modified":"2026-03-19T20:23:07","modified_gmt":"2026-03-19T20:23:07","slug":"bikery-czerwone","status":"publish","type":"product","link":"https:\/\/limesup.pl\/index.php\/produkt\/bikery-czerwone\/","title":{"rendered":"Bikery Czerwone"},"content":{"rendered":"<h4>Wygodne bikery z wysokim stanem<\/h4>\n<p>Wykonane z najwy\u017cej klasy materia\u0142u sportowego, kt\u00f3ry sprawia, \u017ce czujesz si\u0119 jak w drugiej sk\u00f3rze. Bikery zaprojektowane s\u0105 w taki spos\u00f3b aby zapewni\u0107 najwy\u017cszy komfort u\u017cytkowania a jednocze\u015bnie podkre\u015bli\u0107 kobiece kszta\u0142ty! Eleganckie logo sprawia, \u017ce bikery sprawdz\u0105 si\u0119 nie tylko na sali treningowej, tanecznej czy si\u0142owni ale tak\u017ce jako element codziennej stylizacji.<\/p>\n<ul>\n<li><strong>Komfort\u00a0<\/strong><\/li>\n<\/ul>\n<p>Bikery posiadaj\u0105 szeroki pas kt\u00f3ry si\u0119 nie zsuwa a jednocze\u015bnie jest na tyle rozci\u0105gliwy, \u017ce nie uciska brzucha. Na komfort niew\u0105tpliwie wp\u0142ywa delikatny i przyjemny w dotyku materia\u0142. Poczuj to na w\u0142asnej sk\u00f3rze!<\/p>\n<ul>\n<li><strong>W\u0142a\u015bciwo\u015bci materia\u0142u<\/strong><\/li>\n<\/ul>\n<p>Materia\u0142 z kt\u00f3rego wykonane s\u0105 bikery jest przede wszystkim termoaktywny co jest tak wa\u017cne podczas trening\u00f3w. Musisz si\u0119 bardzo postara\u0107, \u017ceby pojawi\u0142y si\u0119 plamy potu! Woda skutecznie odprowadzana jest na zewn\u0105trz \ud83d\ude42 Dodatkowo dzianina posiada system niweluj\u0105cy brzydkie zapachy a to dzi\u0119ki swoim w\u0142a\u015bciwo\u015bciom antybakteryjnym. Materia\u0142 dodatkowo jest bardzo lekki i zapewnia ochron\u0119 UV. Czy to nie wszystko czego potrzebujesz w odzie\u017cy sportowej?<\/p>\n<ul>\n<li><strong>Elegancki design<\/strong><\/li>\n<\/ul>\n<p>Zaprojektowane w taki spos\u00f3b aby opr\u00f3cz komfortu, maksymalnie podkre\u015bla\u0142y kobiece kszta\u0142ty. Specyficzne szycie na pupie sprawi, \u017ce nikt nie przejdzie obok ciebie oboj\u0119tnie \ud83d\ude42 Dodatkowo wszyty tr\u00f3jk\u0105tny element miedzy nogami pozwoli cieszy\u0107 si\u0119 treningami bez charakterystycznego wpijania si\u0119 materia\u0142u. Eleganckie logo sprawia, \u017ce bikery sprawdz\u0105 si\u0119 nie tylko na sali treningowej, tanecznej czy si\u0142owni ale tak\u017ce jako element codziennej stylizacji.<\/p>\n<ul>\n<li><strong>Kolor<\/strong><\/li>\n<\/ul>\n<p>Intensywny kolor, z lekkim po\u0142yskiem kt\u00f3ry si\u0119 nie spiera. G\u0142\u0119bokie nasycenie koloru szczeg\u00f3lnie wyr\u00f3\u017cni Ci\u0119 w t\u0142umie!<\/p>\n","protected":false},"excerpt":{"rendered":"<h4>Bikery z wysokim stanem<\/h4>\n<p>&nbsp;<\/p>\n<p style=\"text-align: left;\"><span style=\"color: #a7955e;\"><img decoding=\"async\" class=\"size-full wp-image-4026 alignnone\" src=\"https:\/\/limesup.pl\/wp-content\/uploads\/2023\/05\/made-in-poland.png\" alt=\"\" width=\"50\" height=\"50\" data-wp-editing=\"1\" \/> <strong>Zaprojektowany i uszyty w Polsce<\/strong><\/span><\/p>\n<p style=\"text-align: left;\"><span style=\"color: #a7955e;\"><img decoding=\"async\" class=\"size-full wp-image-4027 alignnone\" src=\"https:\/\/limesup.pl\/wp-content\/uploads\/2023\/05\/material-premium.png\" alt=\"\" width=\"50\" height=\"50\" \/>\u00a0<strong>Sk\u0142ad: 87% PES 13% EL<\/strong><\/span><\/p>\n<p><span style=\"color: #a7955e;\"><img decoding=\"async\" class=\"alignnone size-full wp-image-4044\" src=\"https:\/\/limesup.pl\/wp-content\/uploads\/2023\/05\/30c-temperature-wash.png\" alt=\"icon temperature wash machine\" width=\"50\" height=\"50\" \/> <span style=\"font-size: 16px;\"><strong>Delikatne pranie w 30\u00b0C<\/strong><\/span><\/span><\/p>\n<p style=\"text-align: left;\"><span style=\"color: #a7955e;\"><img loading=\"lazy\" decoding=\"async\" class=\"alignnone size-full wp-image-4046\" src=\"https:\/\/limesup.pl\/wp-content\/uploads\/2023\/05\/no-dryer-machine.png\" alt=\"no dryer machine icon\" width=\"50\" height=\"50\" \/><strong>Unika\u0107 suszenia w suszarce<\/strong><\/span><\/p>\n<p style=\"text-align: left;\"><span style=\"color: #a7955e;\"><img loading=\"lazy\" decoding=\"async\" class=\"size-full wp-image-4029 alignnone\" src=\"https:\/\/limesup.pl\/wp-content\/uploads\/2023\/05\/shipment.png\" alt=\"\" width=\"50\" height=\"50\" \/> <strong>Wysy\u0142ka w ci\u0105gu 48 godzin<\/strong><\/span><\/p>\n<p style=\"text-align: left;\"><span style=\"color: #a7955e;\"><img loading=\"lazy\" decoding=\"async\" class=\"size-full wp-image-4031 alignnone\" src=\"https:\/\/limesup.pl\/wp-content\/uploads\/2023\/05\/return.png\" alt=\"\" width=\"50\" height=\"50\" \/> <strong>14 dni na zwrot zakupu<\/strong><\/span><\/p>\n<p style=\"text-align: left;\"><span style=\"color: #a7955e;\"><img loading=\"lazy\" decoding=\"async\" class=\"size-full wp-image-4028 alignnone\" src=\"https:\/\/limesup.pl\/wp-content\/uploads\/2023\/05\/delivery.png\" alt=\"\" width=\"50\" height=\"50\" \/> <strong>Darmowa dostawa od 400 z\u0142 na terenie Polski<\/strong><\/span><\/p>\n<p>&nbsp;<\/p>\n","protected":false},"featured_media":1520,"comment_status":"open","ping_status":"closed","template":"","meta":{"site-sidebar-layout":"default","site-content-layout":"default","ast-site-content-layout":"default","site-content-style":"default","site-sidebar-style":"default","ast-global-header-display":"","ast-banner-title-visibility":"","ast-main-header-display":"","ast-hfb-above-header-display":"","ast-hfb-below-header-display":"","ast-hfb-mobile-header-display":"","site-post-title":"","ast-breadcrumbs-content":"","ast-featured-img":"","footer-sml-layout":"","theme-transparent-header-meta":"default","adv-header-id-meta":"","stick-header-meta":"","header-above-stick-meta":"","header-main-stick-meta":"","header-below-stick-meta":"","astra-migrate-meta-layouts":"set","ast-page-background-enabled":"default","ast-page-background-meta":{"desktop":{"background-color":"","background-image":"","background-repeat":"repeat","background-position":"center center","background-size":"auto","background-attachment":"scroll","background-type":"","background-media":"","overlay-type":"","overlay-color":"","overlay-gradient":""},"tablet":{"background-color":"","background-image":"","background-repeat":"repeat","background-position":"center center","background-size":"auto","background-attachment":"scroll","background-type":"","background-media":"","overlay-type":"","overlay-color":"","overlay-gradient":""},"mobile":{"background-color":"","background-image":"","background-repeat":"repeat","background-position":"center center","background-size":"auto","background-attachment":"scroll","background-type":"","background-media":"","overlay-type":"","overlay-color":"","overlay-gradient":""}},"ast-content-background-meta":{"desktop":{"background-color":"var(--ast-global-color-5)","background-image":"","background-repeat":"repeat","background-position":"center center","background-size":"auto","background-attachment":"scroll","background-type":"","background-media":"","overlay-type":"","overlay-color":"","overlay-gradient":""},"tablet":{"background-color":"var(--ast-global-color-5)","background-image":"","background-repeat":"repeat","background-position":"center center","background-size":"auto","background-attachment":"scroll","background-type":"","background-media":"","overlay-type":"","overlay-color":"","overlay-gradient":""},"mobile":{"background-color":"var(--ast-global-color-5)","background-image":"","background-repeat":"repeat","background-position":"center center","background-size":"auto","background-attachment":"scroll","background-type":"","background-media":"","overlay-type":"","overlay-color":"","overlay-gradient":""}}},"product_cat":[28,30,29,15],"product_tag":[],"yoast_head":"<!-- This site is optimized with the Yoast SEO plugin v22.3 - https:\/\/yoast.com\/wordpress\/plugins\/seo\/ -->\n<title>Bikery Czerwone - Limesup<\/title>\n<meta name=\"robots\" content=\"index, follow, max-snippet:-1, max-image-preview:large, max-video-preview:-1\" \/>\n<link rel=\"canonical\" href=\"https:\/\/limesup.pl\/index.php\/produkt\/bikery-czerwone\/\" \/>\n<meta property=\"og:locale\" content=\"pl_PL\" \/>\n<meta property=\"og:type\" content=\"article\" \/>\n<meta property=\"og:title\" content=\"Bikery Czerwone - Limesup\" \/>\n<meta property=\"og:description\" content=\"Bikery z wysokim stanem &nbsp;  Zaprojektowany i uszyty w Polsce \u00a0Sk\u0142ad: 87% PES 13% EL  Delikatne pranie w 30\u00b0C Unika\u0107 suszenia w suszarce  Wysy\u0142ka w ci\u0105gu 48 godzin  14 dni na zwrot zakupu  Darmowa dostawa od 400 z\u0142 na terenie Polski &nbsp;\" \/>\n<meta property=\"og:url\" content=\"https:\/\/limesup.pl\/index.php\/produkt\/bikery-czerwone\/\" \/>\n<meta property=\"og:site_name\" content=\"Limesup\" \/>\n<meta property=\"article:modified_time\" content=\"2026-03-19T20:23:07+00:00\" \/>\n<meta property=\"og:image\" content=\"https:\/\/limesup.pl\/wp-content\/uploads\/2022\/05\/MG_2171-scaled-e1654014148224.jpg\" \/>\n\t<meta property=\"og:image:width\" content=\"1318\" \/>\n\t<meta property=\"og:image:height\" content=\"1715\" \/>\n\t<meta property=\"og:image:type\" content=\"image\/jpeg\" \/>\n<meta name=\"twitter:card\" content=\"summary_large_image\" \/>\n<meta name=\"twitter:label1\" content=\"Szacowany czas czytania\" \/>\n\t<meta name=\"twitter:data1\" content=\"2 minuty\" \/>\n<script type=\"application\/ld+json\" class=\"yoast-schema-graph\">{\"@context\":\"https:\/\/schema.org\",\"@graph\":[{\"@type\":\"WebPage\",\"@id\":\"https:\/\/limesup.pl\/index.php\/produkt\/bikery-czerwone\/\",\"url\":\"https:\/\/limesup.pl\/index.php\/produkt\/bikery-czerwone\/\",\"name\":\"Bikery Czerwone - Limesup\",\"isPartOf\":{\"@id\":\"https:\/\/limesup.pl\/#website\"},\"primaryImageOfPage\":{\"@id\":\"https:\/\/limesup.pl\/index.php\/produkt\/bikery-czerwone\/#primaryimage\"},\"image\":{\"@id\":\"https:\/\/limesup.pl\/index.php\/produkt\/bikery-czerwone\/#primaryimage\"},\"thumbnailUrl\":\"https:\/\/limesup.pl\/wp-content\/uploads\/2022\/05\/biker-shorts-top-gia-red-front-scaled.jpg\",\"datePublished\":\"2022-05-19T12:29:20+00:00\",\"dateModified\":\"2026-03-19T20:23:07+00:00\",\"breadcrumb\":{\"@id\":\"https:\/\/limesup.pl\/index.php\/produkt\/bikery-czerwone\/#breadcrumb\"},\"inLanguage\":\"pl-PL\",\"potentialAction\":[{\"@type\":\"ReadAction\",\"target\":[\"https:\/\/limesup.pl\/index.php\/produkt\/bikery-czerwone\/\"]}]},{\"@type\":\"ImageObject\",\"inLanguage\":\"pl-PL\",\"@id\":\"https:\/\/limesup.pl\/index.php\/produkt\/bikery-czerwone\/#primaryimage\",\"url\":\"https:\/\/limesup.pl\/wp-content\/uploads\/2022\/05\/biker-shorts-top-gia-red-front-scaled.jpg\",\"contentUrl\":\"https:\/\/limesup.pl\/wp-content\/uploads\/2022\/05\/biker-shorts-top-gia-red-front-scaled.jpg\",\"width\":1707,\"height\":2560,\"caption\":\"Czerwone bikery szorty do ta\u0144ca i top Gia z przodu\"},{\"@type\":\"BreadcrumbList\",\"@id\":\"https:\/\/limesup.pl\/index.php\/produkt\/bikery-czerwone\/#breadcrumb\",\"itemListElement\":[{\"@type\":\"ListItem\",\"position\":1,\"name\":\"Strona g\u0142\u00f3wna\",\"item\":\"https:\/\/limesup.pl\/\"},{\"@type\":\"ListItem\",\"position\":2,\"name\":\"Sklep\",\"item\":\"https:\/\/limesup.pl\/index.php\/shop\/\"},{\"@type\":\"ListItem\",\"position\":3,\"name\":\"Bikery Czerwone\"}]},{\"@type\":\"WebSite\",\"@id\":\"https:\/\/limesup.pl\/#website\",\"url\":\"https:\/\/limesup.pl\/\",\"name\":\"Limesup\",\"description\":\"\",\"publisher\":{\"@id\":\"https:\/\/limesup.pl\/#organization\"},\"potentialAction\":[{\"@type\":\"SearchAction\",\"target\":{\"@type\":\"EntryPoint\",\"urlTemplate\":\"https:\/\/limesup.pl\/?s={search_term_string}\"},\"query-input\":\"required name=search_term_string\"}],\"inLanguage\":\"pl-PL\"},{\"@type\":\"Organization\",\"@id\":\"https:\/\/limesup.pl\/#organization\",\"name\":\"Limesup\",\"url\":\"https:\/\/limesup.pl\/\",\"logo\":{\"@type\":\"ImageObject\",\"inLanguage\":\"pl-PL\",\"@id\":\"https:\/\/limesup.pl\/#\/schema\/logo\/image\/\",\"url\":\"https:\/\/limesup.pl\/wp-content\/uploads\/2022\/06\/Logo_Limes_Up_v1.0.png\",\"contentUrl\":\"https:\/\/limesup.pl\/wp-content\/uploads\/2022\/06\/Logo_Limes_Up_v1.0.png\",\"width\":2632,\"height\":706,\"caption\":\"Limesup\"},\"image\":{\"@id\":\"https:\/\/limesup.pl\/#\/schema\/logo\/image\/\"},\"sameAs\":[\"https:\/\/www.instagram.com\/limes.up\/\"]}]}<\/script>\n<!-- \/ Yoast SEO plugin. -->","yoast_head_json":{"title":"Bikery Czerwone - Limesup","robots":{"index":"index","follow":"follow","max-snippet":"max-snippet:-1","max-image-preview":"max-image-preview:large","max-video-preview":"max-video-preview:-1"},"canonical":"https:\/\/limesup.pl\/index.php\/produkt\/bikery-czerwone\/","og_locale":"pl_PL","og_type":"article","og_title":"Bikery Czerwone - Limesup","og_description":"Bikery z wysokim stanem &nbsp;  Zaprojektowany i uszyty w Polsce \u00a0Sk\u0142ad: 87% PES 13% EL  Delikatne pranie w 30\u00b0C Unika\u0107 suszenia w suszarce  Wysy\u0142ka w ci\u0105gu 48 godzin  14 dni na zwrot zakupu  Darmowa dostawa od 400 z\u0142 na terenie Polski &nbsp;","og_url":"https:\/\/limesup.pl\/index.php\/produkt\/bikery-czerwone\/","og_site_name":"Limesup","article_modified_time":"2026-03-19T20:23:07+00:00","og_image":[{"width":1318,"height":1715,"url":"https:\/\/limesup.pl\/wp-content\/uploads\/2022\/05\/MG_2171-scaled-e1654014148224.jpg","type":"image\/jpeg"}],"twitter_card":"summary_large_image","twitter_misc":{"Szacowany czas czytania":"2 minuty"},"schema":{"@context":"https:\/\/schema.org","@graph":[{"@type":"WebPage","@id":"https:\/\/limesup.pl\/index.php\/produkt\/bikery-czerwone\/","url":"https:\/\/limesup.pl\/index.php\/produkt\/bikery-czerwone\/","name":"Bikery Czerwone - Limesup","isPartOf":{"@id":"https:\/\/limesup.pl\/#website"},"primaryImageOfPage":{"@id":"https:\/\/limesup.pl\/index.php\/produkt\/bikery-czerwone\/#primaryimage"},"image":{"@id":"https:\/\/limesup.pl\/index.php\/produkt\/bikery-czerwone\/#primaryimage"},"thumbnailUrl":"https:\/\/limesup.pl\/wp-content\/uploads\/2022\/05\/biker-shorts-top-gia-red-front-scaled.jpg","datePublished":"2022-05-19T12:29:20+00:00","dateModified":"2026-03-19T20:23:07+00:00","breadcrumb":{"@id":"https:\/\/limesup.pl\/index.php\/produkt\/bikery-czerwone\/#breadcrumb"},"inLanguage":"pl-PL","potentialAction":[{"@type":"ReadAction","target":["https:\/\/limesup.pl\/index.php\/produkt\/bikery-czerwone\/"]}]},{"@type":"ImageObject","inLanguage":"pl-PL","@id":"https:\/\/limesup.pl\/index.php\/produkt\/bikery-czerwone\/#primaryimage","url":"https:\/\/limesup.pl\/wp-content\/uploads\/2022\/05\/biker-shorts-top-gia-red-front-scaled.jpg","contentUrl":"https:\/\/limesup.pl\/wp-content\/uploads\/2022\/05\/biker-shorts-top-gia-red-front-scaled.jpg","width":1707,"height":2560,"caption":"Czerwone bikery szorty do ta\u0144ca i top Gia z przodu"},{"@type":"BreadcrumbList","@id":"https:\/\/limesup.pl\/index.php\/produkt\/bikery-czerwone\/#breadcrumb","itemListElement":[{"@type":"ListItem","position":1,"name":"Strona g\u0142\u00f3wna","item":"https:\/\/limesup.pl\/"},{"@type":"ListItem","position":2,"name":"Sklep","item":"https:\/\/limesup.pl\/index.php\/shop\/"},{"@type":"ListItem","position":3,"name":"Bikery Czerwone"}]},{"@type":"WebSite","@id":"https:\/\/limesup.pl\/#website","url":"https:\/\/limesup.pl\/","name":"Limesup","description":"","publisher":{"@id":"https:\/\/limesup.pl\/#organization"},"potentialAction":[{"@type":"SearchAction","target":{"@type":"EntryPoint","urlTemplate":"https:\/\/limesup.pl\/?s={search_term_string}"},"query-input":"required name=search_term_string"}],"inLanguage":"pl-PL"},{"@type":"Organization","@id":"https:\/\/limesup.pl\/#organization","name":"Limesup","url":"https:\/\/limesup.pl\/","logo":{"@type":"ImageObject","inLanguage":"pl-PL","@id":"https:\/\/limesup.pl\/#\/schema\/logo\/image\/","url":"https:\/\/limesup.pl\/wp-content\/uploads\/2022\/06\/Logo_Limes_Up_v1.0.png","contentUrl":"https:\/\/limesup.pl\/wp-content\/uploads\/2022\/06\/Logo_Limes_Up_v1.0.png","width":2632,"height":706,"caption":"Limesup"},"image":{"@id":"https:\/\/limesup.pl\/#\/schema\/logo\/image\/"},"sameAs":["https:\/\/www.instagram.com\/limes.up\/"]}]}},"_links":{"self":[{"href":"https:\/\/limesup.pl\/index.php\/wp-json\/wp\/v2\/product\/1516"}],"collection":[{"href":"https:\/\/limesup.pl\/index.php\/wp-json\/wp\/v2\/product"}],"about":[{"href":"https:\/\/limesup.pl\/index.php\/wp-json\/wp\/v2\/types\/product"}],"replies":[{"embeddable":true,"href":"https:\/\/limesup.pl\/index.php\/wp-json\/wp\/v2\/comments?post=1516"}],"wp:featuredmedia":[{"embeddable":true,"href":"https:\/\/limesup.pl\/index.php\/wp-json\/wp\/v2\/media\/1520"}],"wp:attachment":[{"href":"https:\/\/limesup.pl\/index.php\/wp-json\/wp\/v2\/media?parent=1516"}],"wp:term":[{"taxonomy":"product_cat","embeddable":true,"href":"https:\/\/limesup.pl\/index.php\/wp-json\/wp\/v2\/product_cat?post=1516"},{"taxonomy":"product_tag","embeddable":true,"href":"https:\/\/limesup.pl\/index.php\/wp-json\/wp\/v2\/product_tag?post=1516"}],"curies":[{"name":"wp","href":"https:\/\/api.w.org\/{rel}","templated":true}]}}