{"id":1507,"date":"2022-04-22T18:08:56","date_gmt":"2022-04-22T18:08:56","guid":{"rendered":"https:\/\/limesup.pl\/?post_type=product&#038;p=1507"},"modified":"2026-01-22T06:56:56","modified_gmt":"2026-01-22T06:56:56","slug":"top-mia-petit-bialy","status":"publish","type":"product","link":"https:\/\/limesup.pl\/index.php\/produkt\/top-mia-petit-bialy\/","title":{"rendered":"Top Mia Petit Bia\u0142y"},"content":{"rendered":"<h4>Top bez r\u0119kaw\u00f3w<\/h4>\n<p>Top o pi\u0119knym kobiecym kroju, podkre\u015blaj\u0105cy sylwetk\u0119. Dodatkowo jego plusem jest materia\u0142 i jego termoaktywne w\u0142a\u015bciwo\u015bci! Elegancki a jednocze\u015bnie sportowy sprawia, \u017ce mo\u017cna go wykorzysta\u0107 na treningu a tak\u017ce w stylizacji codziennej. Idealnie komponuje si\u0119 z naszymi legginsami\/bikerami w takim samym lub innym kolorze.<\/p>\n<ul>\n<li style=\"font-weight: 400;\" aria-level=\"1\"><b>Komfort\u00a0<\/b><\/li>\n<\/ul>\n<p><span style=\"font-weight: 400;\">Top zosta\u0142 uszyty w taki spos\u00f3b aby mo\u017cna by\u0142o go w \u0142atwo\u015bci\u0105 ubra\u0107, podczas wk\u0142adania nie s\u0142ycha\u0107 charakterystycznego p\u0119kania nici. Odpowiednia odleg\u0142o\u015b\u0107 ko\u0142nierzyka od szyi sprawia, \u017ce podczas trening\u00f3w czujemy du\u017c\u0105 swobod\u0119. Top Mia oraz Mia Petit zosta\u0142y tak zaprojektowane aby \u0142adnie przylega\u0142y do cia\u0142a, jednocze\u015bnie w \u017caden spos\u00f3b nie ograniczaj\u0105c ruch\u00f3w.\u00a0 Na komfort niew\u0105tpliwie wp\u0142ywa delikatny i przyjemny w dotyku materia\u0142. To b\u0119dzie jeden z Twoich ulubionych top\u00f3w!<\/span><\/p>\n<ul>\n<li><b>W\u0142a\u015bciwo\u015bci materia\u0142u<\/b><\/li>\n<\/ul>\n<p><span style=\"font-weight: 400;\">Materia\u0142 z kt\u00f3rego wykonane s\u0105 nasze topy jest przede wszystkim termoaktywny co jest tak wa\u017cne podczas trening\u00f3w. Musisz si\u0119 bardzo postara\u0107, \u017ceby pod Twoimi pachami pojawi\u0142y si\u0119 plamy potu! Woda skutecznie odprowadzana jest na zewn\u0105trz \ud83d\ude42 Dodatkowo dzianina posiada system niweluj\u0105cy brzydkie zapachy a to dzi\u0119ki swoim w\u0142a\u015bciwo\u015bciom antybakteryjnym. Materia\u0142 dodatkowo jest bardzo lekki i zapewnia ochron\u0119 UV. Czy to nie wszystko czego potrzebujesz w odzie\u017cy sportowej?\u00a0<\/span><\/p>\n<ul>\n<li style=\"font-weight: 400;\" aria-level=\"1\"><b>Elegancki design<\/b><\/li>\n<\/ul>\n<p><span style=\"font-weight: 400;\">Zaprojektowany w taki spos\u00f3b aby opr\u00f3cz komfortu, maksymalnie podkre\u015bla\u0142 kobiece kszta\u0142ty. Top Mia oraz Mia Petit posiadaj\u0105 konkretny splot z my\u015bl\u0105 o podkre\u015bleniu talii ale r\u00f3wnie\u017c piersi kt\u00f3re w tym kroju prezentowa\u0107 b\u0119d\u0105 si\u0119 szykownie i selektywnie. Eleganckie logo sprawia, \u017ce topy sprawdz\u0105 si\u0119 nie tylko na sali treningowej, tanecznej czy si\u0142owni ale tak\u017ce jako element codziennej stylizacji.\u00a0<\/span><\/p>\n<ul>\n<li style=\"font-weight: 400;\" aria-level=\"1\"><b>Kolor<\/b><\/li>\n<\/ul>\n<p><span style=\"font-weight: 400;\">Intensywny kolor, z lekkim po\u0142yskiem kt\u00f3ry si\u0119 nie spiera. G\u0142\u0119bokie nasycenie koloru szczeg\u00f3lnie wyr\u00f3\u017cni Ci\u0119 w t\u0142umie!<\/span><\/p>\n<p>Wyprodukowany w Polsce!<\/p>\n","protected":false},"excerpt":{"rendered":"<h4>Kr\u00f3tki top bez r\u0119kaw\u00f3w<\/h4>\n<p>&nbsp;<\/p>\n<p style=\"text-align: left;\"><span style=\"color: #a7955e;\"><img decoding=\"async\" class=\"size-full wp-image-4026 alignnone\" src=\"https:\/\/limesup.pl\/wp-content\/uploads\/2023\/05\/made-in-poland.png\" alt=\"\" width=\"50\" height=\"50\" data-wp-editing=\"1\" \/> <strong>Zaprojektowany i uszyty w Polsce<\/strong><\/span><\/p>\n<p style=\"text-align: left;\"><span style=\"color: #a7955e;\"><img decoding=\"async\" class=\"size-full wp-image-4027 alignnone\" src=\"https:\/\/limesup.pl\/wp-content\/uploads\/2023\/05\/material-premium.png\" alt=\"\" width=\"50\" height=\"50\" \/>\u00a0<strong>Sk\u0142ad: 87% PES 13% EL<\/strong><\/span><\/p>\n<p><span style=\"color: #a7955e;\"><img decoding=\"async\" class=\"alignnone size-full wp-image-4044\" src=\"https:\/\/limesup.pl\/wp-content\/uploads\/2023\/05\/30c-temperature-wash.png\" alt=\"icon temperature wash machine\" width=\"50\" height=\"50\" \/> <span style=\"font-size: 16px;\"><strong>Delikatne pranie w 30\u00b0C<\/strong><\/span><\/span><\/p>\n<p style=\"text-align: left;\"><span style=\"color: #a7955e;\"><img loading=\"lazy\" decoding=\"async\" class=\"alignnone size-full wp-image-4046\" src=\"https:\/\/limesup.pl\/wp-content\/uploads\/2023\/05\/no-dryer-machine.png\" alt=\"no dryer machine icon\" width=\"50\" height=\"50\" \/><strong>Unika\u0107 suszenia w suszarce<\/strong><\/span><\/p>\n<p style=\"text-align: left;\"><span style=\"color: #a7955e;\"><img loading=\"lazy\" decoding=\"async\" class=\"size-full wp-image-4029 alignnone\" src=\"https:\/\/limesup.pl\/wp-content\/uploads\/2023\/05\/shipment.png\" alt=\"\" width=\"50\" height=\"50\" \/> <strong>Wysy\u0142ka w ci\u0105gu 48 godzin<\/strong><\/span><\/p>\n<p style=\"text-align: left;\"><span style=\"color: #a7955e;\"><img loading=\"lazy\" decoding=\"async\" class=\"size-full wp-image-4031 alignnone\" src=\"https:\/\/limesup.pl\/wp-content\/uploads\/2023\/05\/return.png\" alt=\"\" width=\"50\" height=\"50\" \/> <strong>14 dni na zwrot zakupu<\/strong><\/span><\/p>\n<p style=\"text-align: left;\"><span style=\"color: #a7955e;\"><img loading=\"lazy\" decoding=\"async\" class=\"size-full wp-image-4028 alignnone\" src=\"https:\/\/limesup.pl\/wp-content\/uploads\/2023\/05\/delivery.png\" alt=\"\" width=\"50\" height=\"50\" \/> <strong>Darmowa dostawa od 400 z\u0142 na terenie Polski<\/strong><\/span><\/p>\n<p>&nbsp;<\/p>\n","protected":false},"featured_media":1503,"comment_status":"open","ping_status":"closed","template":"","meta":{"site-sidebar-layout":"default","site-content-layout":"default","ast-site-content-layout":"default","site-content-style":"default","site-sidebar-style":"default","ast-global-header-display":"","ast-banner-title-visibility":"","ast-main-header-display":"","ast-hfb-above-header-display":"","ast-hfb-below-header-display":"","ast-hfb-mobile-header-display":"","site-post-title":"","ast-breadcrumbs-content":"","ast-featured-img":"","footer-sml-layout":"","theme-transparent-header-meta":"default","adv-header-id-meta":"","stick-header-meta":"","header-above-stick-meta":"","header-main-stick-meta":"","header-below-stick-meta":"","astra-migrate-meta-layouts":"set","ast-page-background-enabled":"default","ast-page-background-meta":{"desktop":{"background-color":"","background-image":"","background-repeat":"repeat","background-position":"center center","background-size":"auto","background-attachment":"scroll","background-type":"","background-media":"","overlay-type":"","overlay-color":"","overlay-gradient":""},"tablet":{"background-color":"","background-image":"","background-repeat":"repeat","background-position":"center center","background-size":"auto","background-attachment":"scroll","background-type":"","background-media":"","overlay-type":"","overlay-color":"","overlay-gradient":""},"mobile":{"background-color":"","background-image":"","background-repeat":"repeat","background-position":"center center","background-size":"auto","background-attachment":"scroll","background-type":"","background-media":"","overlay-type":"","overlay-color":"","overlay-gradient":""}},"ast-content-background-meta":{"desktop":{"background-color":"var(--ast-global-color-5)","background-image":"","background-repeat":"repeat","background-position":"center center","background-size":"auto","background-attachment":"scroll","background-type":"","background-media":"","overlay-type":"","overlay-color":"","overlay-gradient":""},"tablet":{"background-color":"var(--ast-global-color-5)","background-image":"","background-repeat":"repeat","background-position":"center center","background-size":"auto","background-attachment":"scroll","background-type":"","background-media":"","overlay-type":"","overlay-color":"","overlay-gradient":""},"mobile":{"background-color":"var(--ast-global-color-5)","background-image":"","background-repeat":"repeat","background-position":"center center","background-size":"auto","background-attachment":"scroll","background-type":"","background-media":"","overlay-type":"","overlay-color":"","overlay-gradient":""}}},"product_cat":[28,31,15],"product_tag":[],"yoast_head":"<!-- This site is optimized with the Yoast SEO plugin v22.3 - https:\/\/yoast.com\/wordpress\/plugins\/seo\/ -->\n<title>Top Mia Petit Bia\u0142y - Limesup<\/title>\n<meta name=\"robots\" content=\"index, follow, max-snippet:-1, max-image-preview:large, max-video-preview:-1\" \/>\n<link rel=\"canonical\" href=\"https:\/\/limesup.pl\/index.php\/produkt\/top-mia-petit-bialy\/\" \/>\n<meta property=\"og:locale\" content=\"pl_PL\" \/>\n<meta property=\"og:type\" content=\"article\" \/>\n<meta property=\"og:title\" content=\"Top Mia Petit Bia\u0142y - Limesup\" \/>\n<meta property=\"og:description\" content=\"Kr\u00f3tki top bez r\u0119kaw\u00f3w &nbsp;  Zaprojektowany i uszyty w Polsce \u00a0Sk\u0142ad: 87% PES 13% EL  Delikatne pranie w 30\u00b0C Unika\u0107 suszenia w suszarce  Wysy\u0142ka w ci\u0105gu 48 godzin  14 dni na zwrot zakupu  Darmowa dostawa od 400 z\u0142 na terenie Polski &nbsp;\" \/>\n<meta property=\"og:url\" content=\"https:\/\/limesup.pl\/index.php\/produkt\/top-mia-petit-bialy\/\" \/>\n<meta property=\"og:site_name\" content=\"Limesup\" \/>\n<meta property=\"article:modified_time\" content=\"2026-01-22T06:56:56+00:00\" \/>\n<meta property=\"og:image\" content=\"https:\/\/limesup.pl\/wp-content\/uploads\/2022\/04\/top-mia-petit-front-scaled.jpg\" \/>\n\t<meta property=\"og:image:width\" content=\"1707\" \/>\n\t<meta property=\"og:image:height\" content=\"2560\" \/>\n\t<meta property=\"og:image:type\" content=\"image\/jpeg\" \/>\n<meta name=\"twitter:card\" content=\"summary_large_image\" \/>\n<meta name=\"twitter:label1\" content=\"Szacowany czas czytania\" \/>\n\t<meta name=\"twitter:data1\" content=\"2 minuty\" \/>\n<script type=\"application\/ld+json\" class=\"yoast-schema-graph\">{\"@context\":\"https:\/\/schema.org\",\"@graph\":[{\"@type\":\"WebPage\",\"@id\":\"https:\/\/limesup.pl\/index.php\/produkt\/top-mia-petit-bialy\/\",\"url\":\"https:\/\/limesup.pl\/index.php\/produkt\/top-mia-petit-bialy\/\",\"name\":\"Top Mia Petit Bia\u0142y - Limesup\",\"isPartOf\":{\"@id\":\"https:\/\/limesup.pl\/#website\"},\"primaryImageOfPage\":{\"@id\":\"https:\/\/limesup.pl\/index.php\/produkt\/top-mia-petit-bialy\/#primaryimage\"},\"image\":{\"@id\":\"https:\/\/limesup.pl\/index.php\/produkt\/top-mia-petit-bialy\/#primaryimage\"},\"thumbnailUrl\":\"https:\/\/limesup.pl\/wp-content\/uploads\/2022\/04\/top-mia-petit-front-scaled.jpg\",\"datePublished\":\"2022-04-22T18:08:56+00:00\",\"dateModified\":\"2026-01-22T06:56:56+00:00\",\"breadcrumb\":{\"@id\":\"https:\/\/limesup.pl\/index.php\/produkt\/top-mia-petit-bialy\/#breadcrumb\"},\"inLanguage\":\"pl-PL\",\"potentialAction\":[{\"@type\":\"ReadAction\",\"target\":[\"https:\/\/limesup.pl\/index.php\/produkt\/top-mia-petit-bialy\/\"]}]},{\"@type\":\"ImageObject\",\"inLanguage\":\"pl-PL\",\"@id\":\"https:\/\/limesup.pl\/index.php\/produkt\/top-mia-petit-bialy\/#primaryimage\",\"url\":\"https:\/\/limesup.pl\/wp-content\/uploads\/2022\/04\/top-mia-petit-front-scaled.jpg\",\"contentUrl\":\"https:\/\/limesup.pl\/wp-content\/uploads\/2022\/04\/top-mia-petit-front-scaled.jpg\",\"width\":1707,\"height\":2560,\"caption\":\"Bia\u0142y top do ta\u0144ca Mia Petit z przodu\"},{\"@type\":\"BreadcrumbList\",\"@id\":\"https:\/\/limesup.pl\/index.php\/produkt\/top-mia-petit-bialy\/#breadcrumb\",\"itemListElement\":[{\"@type\":\"ListItem\",\"position\":1,\"name\":\"Strona g\u0142\u00f3wna\",\"item\":\"https:\/\/limesup.pl\/\"},{\"@type\":\"ListItem\",\"position\":2,\"name\":\"Sklep\",\"item\":\"https:\/\/limesup.pl\/index.php\/shop\/\"},{\"@type\":\"ListItem\",\"position\":3,\"name\":\"Top Mia Petit Bia\u0142y\"}]},{\"@type\":\"WebSite\",\"@id\":\"https:\/\/limesup.pl\/#website\",\"url\":\"https:\/\/limesup.pl\/\",\"name\":\"Limesup\",\"description\":\"\",\"publisher\":{\"@id\":\"https:\/\/limesup.pl\/#organization\"},\"potentialAction\":[{\"@type\":\"SearchAction\",\"target\":{\"@type\":\"EntryPoint\",\"urlTemplate\":\"https:\/\/limesup.pl\/?s={search_term_string}\"},\"query-input\":\"required name=search_term_string\"}],\"inLanguage\":\"pl-PL\"},{\"@type\":\"Organization\",\"@id\":\"https:\/\/limesup.pl\/#organization\",\"name\":\"Limesup\",\"url\":\"https:\/\/limesup.pl\/\",\"logo\":{\"@type\":\"ImageObject\",\"inLanguage\":\"pl-PL\",\"@id\":\"https:\/\/limesup.pl\/#\/schema\/logo\/image\/\",\"url\":\"https:\/\/limesup.pl\/wp-content\/uploads\/2022\/06\/Logo_Limes_Up_v1.0.png\",\"contentUrl\":\"https:\/\/limesup.pl\/wp-content\/uploads\/2022\/06\/Logo_Limes_Up_v1.0.png\",\"width\":2632,\"height\":706,\"caption\":\"Limesup\"},\"image\":{\"@id\":\"https:\/\/limesup.pl\/#\/schema\/logo\/image\/\"},\"sameAs\":[\"https:\/\/www.instagram.com\/limes.up\/\"]}]}<\/script>\n<!-- \/ Yoast SEO plugin. -->","yoast_head_json":{"title":"Top Mia Petit Bia\u0142y - Limesup","robots":{"index":"index","follow":"follow","max-snippet":"max-snippet:-1","max-image-preview":"max-image-preview:large","max-video-preview":"max-video-preview:-1"},"canonical":"https:\/\/limesup.pl\/index.php\/produkt\/top-mia-petit-bialy\/","og_locale":"pl_PL","og_type":"article","og_title":"Top Mia Petit Bia\u0142y - Limesup","og_description":"Kr\u00f3tki top bez r\u0119kaw\u00f3w &nbsp;  Zaprojektowany i uszyty w Polsce \u00a0Sk\u0142ad: 87% PES 13% EL  Delikatne pranie w 30\u00b0C Unika\u0107 suszenia w suszarce  Wysy\u0142ka w ci\u0105gu 48 godzin  14 dni na zwrot zakupu  Darmowa dostawa od 400 z\u0142 na terenie Polski &nbsp;","og_url":"https:\/\/limesup.pl\/index.php\/produkt\/top-mia-petit-bialy\/","og_site_name":"Limesup","article_modified_time":"2026-01-22T06:56:56+00:00","og_image":[{"width":1707,"height":2560,"url":"https:\/\/limesup.pl\/wp-content\/uploads\/2022\/04\/top-mia-petit-front-scaled.jpg","type":"image\/jpeg"}],"twitter_card":"summary_large_image","twitter_misc":{"Szacowany czas czytania":"2 minuty"},"schema":{"@context":"https:\/\/schema.org","@graph":[{"@type":"WebPage","@id":"https:\/\/limesup.pl\/index.php\/produkt\/top-mia-petit-bialy\/","url":"https:\/\/limesup.pl\/index.php\/produkt\/top-mia-petit-bialy\/","name":"Top Mia Petit Bia\u0142y - Limesup","isPartOf":{"@id":"https:\/\/limesup.pl\/#website"},"primaryImageOfPage":{"@id":"https:\/\/limesup.pl\/index.php\/produkt\/top-mia-petit-bialy\/#primaryimage"},"image":{"@id":"https:\/\/limesup.pl\/index.php\/produkt\/top-mia-petit-bialy\/#primaryimage"},"thumbnailUrl":"https:\/\/limesup.pl\/wp-content\/uploads\/2022\/04\/top-mia-petit-front-scaled.jpg","datePublished":"2022-04-22T18:08:56+00:00","dateModified":"2026-01-22T06:56:56+00:00","breadcrumb":{"@id":"https:\/\/limesup.pl\/index.php\/produkt\/top-mia-petit-bialy\/#breadcrumb"},"inLanguage":"pl-PL","potentialAction":[{"@type":"ReadAction","target":["https:\/\/limesup.pl\/index.php\/produkt\/top-mia-petit-bialy\/"]}]},{"@type":"ImageObject","inLanguage":"pl-PL","@id":"https:\/\/limesup.pl\/index.php\/produkt\/top-mia-petit-bialy\/#primaryimage","url":"https:\/\/limesup.pl\/wp-content\/uploads\/2022\/04\/top-mia-petit-front-scaled.jpg","contentUrl":"https:\/\/limesup.pl\/wp-content\/uploads\/2022\/04\/top-mia-petit-front-scaled.jpg","width":1707,"height":2560,"caption":"Bia\u0142y top do ta\u0144ca Mia Petit z przodu"},{"@type":"BreadcrumbList","@id":"https:\/\/limesup.pl\/index.php\/produkt\/top-mia-petit-bialy\/#breadcrumb","itemListElement":[{"@type":"ListItem","position":1,"name":"Strona g\u0142\u00f3wna","item":"https:\/\/limesup.pl\/"},{"@type":"ListItem","position":2,"name":"Sklep","item":"https:\/\/limesup.pl\/index.php\/shop\/"},{"@type":"ListItem","position":3,"name":"Top Mia Petit Bia\u0142y"}]},{"@type":"WebSite","@id":"https:\/\/limesup.pl\/#website","url":"https:\/\/limesup.pl\/","name":"Limesup","description":"","publisher":{"@id":"https:\/\/limesup.pl\/#organization"},"potentialAction":[{"@type":"SearchAction","target":{"@type":"EntryPoint","urlTemplate":"https:\/\/limesup.pl\/?s={search_term_string}"},"query-input":"required name=search_term_string"}],"inLanguage":"pl-PL"},{"@type":"Organization","@id":"https:\/\/limesup.pl\/#organization","name":"Limesup","url":"https:\/\/limesup.pl\/","logo":{"@type":"ImageObject","inLanguage":"pl-PL","@id":"https:\/\/limesup.pl\/#\/schema\/logo\/image\/","url":"https:\/\/limesup.pl\/wp-content\/uploads\/2022\/06\/Logo_Limes_Up_v1.0.png","contentUrl":"https:\/\/limesup.pl\/wp-content\/uploads\/2022\/06\/Logo_Limes_Up_v1.0.png","width":2632,"height":706,"caption":"Limesup"},"image":{"@id":"https:\/\/limesup.pl\/#\/schema\/logo\/image\/"},"sameAs":["https:\/\/www.instagram.com\/limes.up\/"]}]}},"_links":{"self":[{"href":"https:\/\/limesup.pl\/index.php\/wp-json\/wp\/v2\/product\/1507"}],"collection":[{"href":"https:\/\/limesup.pl\/index.php\/wp-json\/wp\/v2\/product"}],"about":[{"href":"https:\/\/limesup.pl\/index.php\/wp-json\/wp\/v2\/types\/product"}],"replies":[{"embeddable":true,"href":"https:\/\/limesup.pl\/index.php\/wp-json\/wp\/v2\/comments?post=1507"}],"wp:featuredmedia":[{"embeddable":true,"href":"https:\/\/limesup.pl\/index.php\/wp-json\/wp\/v2\/media\/1503"}],"wp:attachment":[{"href":"https:\/\/limesup.pl\/index.php\/wp-json\/wp\/v2\/media?parent=1507"}],"wp:term":[{"taxonomy":"product_cat","embeddable":true,"href":"https:\/\/limesup.pl\/index.php\/wp-json\/wp\/v2\/product_cat?post=1507"},{"taxonomy":"product_tag","embeddable":true,"href":"https:\/\/limesup.pl\/index.php\/wp-json\/wp\/v2\/product_tag?post=1507"}],"curies":[{"name":"wp","href":"https:\/\/api.w.org\/{rel}","templated":true}]}}